{"id":36326,"date":"2025-07-09T17:01:23","date_gmt":"2025-07-09T17:01:23","guid":{"rendered":"https:\/\/www.bananatreeshop.com\/?post_type=product&#038;p=36326"},"modified":"2026-04-04T04:00:27","modified_gmt":"2026-04-04T04:00:27","slug":"jamyjob-pulsar-wand-vibration-and-pulsation-modes","status":"publish","type":"product","link":"https:\/\/www.bananatreeshop.com\/pt\/produto\/jamyjob-pulsar-wand-vibration-and-pulsation-modes\/","title":{"rendered":"JAMYJOB &#8211; PULSAR MASTURBADOR VIBRADOR AJUSTABLE CON GOLPETEO EN GLANDE"},"content":{"rendered":"<p>En JAMYJOB seguimos innovando cada d\u00eda para ofrecer el m\u00e1ximo placer en la masturbaci\u00f3n masculina. Nuestro masturbador Pulsar tiene como objetivo hacer que disfrutes. Las alas flexibles envuelven firmemente tu pene, tent\u00e1ndote con 30 configuraciones de vibraci\u00f3n, a la vez que los surcos sensuales de la delgada varilla a\u00f1aden m\u00e1s niveles de placer. Libera tus deseos m\u00e1s urgentes con cada movimiento direccional.<\/p>\n<p>\u00a0\u00a0\u00a0\u00a0\u00a0\u00a0\u00a0\u00a0\u00a0\u00a0\u00a0\u00a0\u00a0\u00a0\u00a0 Estimulaci\u00f3n del glande, el tronco y los test\u00edculos<\/p>\n<p>Pulsar a\u00f1ade 50 combinaciones de vibraciones compuestas por 10 ritmos y 5 intensidades<\/p>\n<p>Gracias a su acabado impermeable (IPX6), este juguete se puede usar de forma segura en el agua, adem\u00e1s de ser f\u00e1cil de limpiar<\/p>\n<ul>\n<li>Garant\u00eda de 2 a\u00f1os\u00a0\u00a0\u00a0\u00a0\u00a0\u00a0\u00a0\u00a0<\/li>\n<li>Modo de susurro<\/li>\n<li>Estanco IPX6<\/li>\n<li>Diversi\u00f3n bajo el agua<\/li>\n<li>F\u00e1cil de limpiar\u00a0<\/li>\n<li>Bater\u00eda de iones de litio<\/li>\n<li>Cable de carga magn\u00e9tico por USB<\/li>\n<li>Tama\u00f1o; 186 x 84 x 58mm<\/li>\n<li>Silicona FDA<\/li>\n<li>Tiempo de carga en 120 minutos para 90 minutos de intenso placer<\/li>\n<li>Tan solo pesa 234 gramos.<\/li>\n<\/ul>\n<p>Qu\u00e9 es el JAMYJOB PULSAR y c\u00f3mo se utiliza?<\/p>\n<p>Este masturbador para el hombre estimular\u00e1 todas tus partes. Las alas flexibles hechas de silicona suave y delicada envuelven firmemente tu pene, mientras que los potentes surcos permiten que tu mejor parte del cuerpo vibre incluso en el tronco y en los test\u00edculos. PULSAR incorpora un estimulador del glande que aumenta la sensibilidad y la sensaci\u00f3n del orgasmo. \u00a0En funci\u00f3n de tu estado de \u00e1nimo, podr\u00e1s elegir entre 10 ritmos diferentes y 3 modos de pulsaci\u00f3n. De esta manera conseguir\u00e1s 30 combinaciones de vibraciones en conjunto con su estimulador PULSAR<\/p>\n<p>El JAMYJOB PULSAR por supuesto, impermeable y puede acompa\u00f1arte tanto en la ba\u00f1era como en la ducha. La forma ergon\u00f3mica y el material tan c\u00f3modo permiten que se adapte perfectamente a tu mano. Cuando las \u00faltimas oleadas de orgasmo se hayan terminado, puedes limpiarlo f\u00e1cilmente con agua y jab\u00f3n o con uno de nuestros limpiadores de juguetes de bienestar sexual.<\/p>\n<p>Qu\u00e9 m\u00e1s puedo hacer con el JAMYJOB PULSAR?<\/p>\n<p>JAMYJOB PULSAR no es \u00fanicamente adecuado para el placer en solitario de los hombres modernos, sino que tambi\u00e9n sorprende por sus numerosas aplicaciones durante los juegos sexuales. Por ejemplo, puedes colocarlo en la base de tu pene durante una mamada y disfrutar de una impresionante sensaci\u00f3n de garganta profunda. Tambi\u00e9n se puede incorporar perfectamente en varias posiciones sexuales, simplemente col\u00f3calo en el tronco del pene y tu pareja podr\u00e1 disfrutar de la maravillosa vibraci\u00f3n de este dispositivo de bienestar sexual con cada movimiento. No importa lo que decidas, el JAMYJOB PULSAR te ofrecer\u00e1 momentos \u00fanicos de diversi\u00f3n y orgasmos inigualables.<\/p>","protected":false},"excerpt":{"rendered":"<p>JAMYJOB &#8211; PULSAR WAND VIBRATION AND PULSATION MODES<\/p>","protected":false},"featured_media":59423,"comment_status":"open","ping_status":"closed","template":"","meta":{"_eb_attr":""},"product_brand":[],"product_cat":[1152,1217,1447],"product_tag":[],"class_list":{"0":"post-36326","1":"product","2":"type-product","3":"status-publish","4":"has-post-thumbnail","6":"product_cat-juguetes-bienestar","7":"product_cat-juguetes-bienestar-juguetes-para-hombres","8":"product_cat-juguetes-bienestar-juguetes-para-hombresmasturbador-automatico","9":"yith_product_brand-jamyjob","11":"first","12":"instock","13":"taxable","14":"shipping-taxable","15":"purchasable","16":"product-type-simple"},"_links":{"self":[{"href":"https:\/\/www.bananatreeshop.com\/pt\/wp-json\/wp\/v2\/product\/36326","targetHints":{"allow":["GET"]}}],"collection":[{"href":"https:\/\/www.bananatreeshop.com\/pt\/wp-json\/wp\/v2\/product"}],"about":[{"href":"https:\/\/www.bananatreeshop.com\/pt\/wp-json\/wp\/v2\/types\/product"}],"replies":[{"embeddable":true,"href":"https:\/\/www.bananatreeshop.com\/pt\/wp-json\/wp\/v2\/comments?post=36326"}],"wp:featuredmedia":[{"embeddable":true,"href":"https:\/\/www.bananatreeshop.com\/pt\/wp-json\/wp\/v2\/media\/59423"}],"wp:attachment":[{"href":"https:\/\/www.bananatreeshop.com\/pt\/wp-json\/wp\/v2\/media?parent=36326"}],"wp:term":[{"taxonomy":"product_brand","embeddable":true,"href":"https:\/\/www.bananatreeshop.com\/pt\/wp-json\/wp\/v2\/product_brand?post=36326"},{"taxonomy":"product_cat","embeddable":true,"href":"https:\/\/www.bananatreeshop.com\/pt\/wp-json\/wp\/v2\/product_cat?post=36326"},{"taxonomy":"product_tag","embeddable":true,"href":"https:\/\/www.bananatreeshop.com\/pt\/wp-json\/wp\/v2\/product_tag?post=36326"}],"curies":[{"name":"wp","href":"https:\/\/api.w.org\/{rel}","templated":true}]}}