{"id":3640,"date":"2025-07-12T00:01:00","date_gmt":"2025-07-12T00:01:00","guid":{"rendered":"https:\/\/www.bananatreeshop.com\/?post_type=product&#038;p=3640"},"modified":"2026-04-18T07:02:46","modified_gmt":"2026-04-18T07:02:46","slug":"bijoux-instruments-of-pleasure-red-level","status":"publish","type":"product","link":"https:\/\/www.bananatreeshop.com\/pt\/produto\/bijoux-instruments-of-pleasure-red-level\/","title":{"rendered":"BIJOUX &#8211; INSTRUMENTS OF PLEASURE NIVEL ROJO"},"content":{"rendered":"<p>Un coraz\u00f3n que se agita, un susurro que jadea&#8230; un \u00e9xtasis de placer. Elementos de sensualidad extrema con los que poner en pr\u00e1ctica juegos muy intensos.<\/p>\n<p>Si te ha gustado la novela er\u00f3tica del momento, te encantar\u00e1n los accesorios de Instrumentos de placer.<\/p>\n<p>En las sombras, habita la seducci\u00f3n en estado puro. Te atreves?<\/p>\n<ul>\n<li>Contenidos: Anillo vibrador; Esposas de sat\u00e9n; Antifaz satinado.<\/li>\n<\/ul>\n<p>Siente nuevas experiencias!!<\/p>","protected":false},"excerpt":{"rendered":"<p>BIJOUX &#8211; INSTRUMENTS OF PLEASURE NIVEL ROJO<\/p>","protected":false},"featured_media":68781,"comment_status":"open","ping_status":"closed","template":"","meta":{"_eb_attr":""},"product_brand":[],"product_cat":[1218,258,1344,1152,1217,1240,1346],"product_tag":[],"class_list":{"0":"post-3640","1":"product","2":"type-product","3":"status-publish","4":"has-post-thumbnail","6":"product_cat-juguetes-bienestar-juguetes-para-hombresaccesorios-para-el-pene","7":"product_cat-bdsm-bondage","8":"product_cat-bdsm-bondage-bondage","9":"product_cat-juguetes-bienestar","10":"product_cat-juguetes-bienestar-juguetes-para-hombres","11":"product_cat-juguetes-bienestar-kits-juguetes-sexuales","12":"product_cat-bdsm-bondage-bondagesets-bondage","13":"yith_product_brand-bijoux-indiscrets","15":"first","16":"instock","17":"taxable","18":"shipping-taxable","19":"purchasable","20":"product-type-simple"},"_links":{"self":[{"href":"https:\/\/www.bananatreeshop.com\/pt\/wp-json\/wp\/v2\/product\/3640","targetHints":{"allow":["GET"]}}],"collection":[{"href":"https:\/\/www.bananatreeshop.com\/pt\/wp-json\/wp\/v2\/product"}],"about":[{"href":"https:\/\/www.bananatreeshop.com\/pt\/wp-json\/wp\/v2\/types\/product"}],"replies":[{"embeddable":true,"href":"https:\/\/www.bananatreeshop.com\/pt\/wp-json\/wp\/v2\/comments?post=3640"}],"wp:featuredmedia":[{"embeddable":true,"href":"https:\/\/www.bananatreeshop.com\/pt\/wp-json\/wp\/v2\/media\/68781"}],"wp:attachment":[{"href":"https:\/\/www.bananatreeshop.com\/pt\/wp-json\/wp\/v2\/media?parent=3640"}],"wp:term":[{"taxonomy":"product_brand","embeddable":true,"href":"https:\/\/www.bananatreeshop.com\/pt\/wp-json\/wp\/v2\/product_brand?post=3640"},{"taxonomy":"product_cat","embeddable":true,"href":"https:\/\/www.bananatreeshop.com\/pt\/wp-json\/wp\/v2\/product_cat?post=3640"},{"taxonomy":"product_tag","embeddable":true,"href":"https:\/\/www.bananatreeshop.com\/pt\/wp-json\/wp\/v2\/product_tag?post=3640"}],"curies":[{"name":"wp","href":"https:\/\/api.w.org\/{rel}","templated":true}]}}