{"id":3642,"date":"2025-07-12T00:01:02","date_gmt":"2025-07-12T00:01:02","guid":{"rendered":"https:\/\/www.bananatreeshop.com\/?post_type=product&#038;p=3642"},"modified":"2026-04-18T07:02:48","modified_gmt":"2026-04-18T07:02:48","slug":"bijoux-instruments-of-pleasure-green-level","status":"publish","type":"product","link":"https:\/\/www.bananatreeshop.com\/pt\/produto\/bijoux-instruments-of-pleasure-green-level\/","title":{"rendered":"BIJOUX &#8211; INSTRUMENTS OF PLEASURE NIVEL VERDE"},"content":{"rendered":"<p>El tacto se estremece y desata los sentidos. Elementos de sensualidad extrema con los que poner en pr\u00e1ctica juegos muy intensos. Si te ha gustado la novela er\u00f3tica del momento, te encantar\u00e1n los accesorios de Instrumentos de placer.<\/p>\n<p>En las sombras, habita la seducci\u00f3n en estado puro. Te atreves?<\/p>\n<ul>\n<li>Contenidos: Plumero; Esposas de sat\u00e9n; Antifaz satinado.<\/li>\n<\/ul>\n<p>Descubre nuevas experiencias!!<\/p>","protected":false},"excerpt":{"rendered":"<p>BIJOUX &#8211; INSTRUMENTS OF PLEASURE NIVEL VERDE<\/p>","protected":false},"featured_media":68786,"comment_status":"open","ping_status":"closed","template":"","meta":{"_eb_attr":""},"product_brand":[],"product_cat":[258,1344,1152,1240,1346],"product_tag":[],"class_list":{"0":"post-3642","1":"product","2":"type-product","3":"status-publish","4":"has-post-thumbnail","6":"product_cat-bdsm-bondage","7":"product_cat-bdsm-bondage-bondage","8":"product_cat-juguetes-bienestar","9":"product_cat-juguetes-bienestar-kits-juguetes-sexuales","10":"product_cat-bdsm-bondage-bondagesets-bondage","11":"yith_product_brand-bijoux-indiscrets","13":"first","14":"instock","15":"taxable","16":"shipping-taxable","17":"purchasable","18":"product-type-simple"},"_links":{"self":[{"href":"https:\/\/www.bananatreeshop.com\/pt\/wp-json\/wp\/v2\/product\/3642","targetHints":{"allow":["GET"]}}],"collection":[{"href":"https:\/\/www.bananatreeshop.com\/pt\/wp-json\/wp\/v2\/product"}],"about":[{"href":"https:\/\/www.bananatreeshop.com\/pt\/wp-json\/wp\/v2\/types\/product"}],"replies":[{"embeddable":true,"href":"https:\/\/www.bananatreeshop.com\/pt\/wp-json\/wp\/v2\/comments?post=3642"}],"wp:featuredmedia":[{"embeddable":true,"href":"https:\/\/www.bananatreeshop.com\/pt\/wp-json\/wp\/v2\/media\/68786"}],"wp:attachment":[{"href":"https:\/\/www.bananatreeshop.com\/pt\/wp-json\/wp\/v2\/media?parent=3642"}],"wp:term":[{"taxonomy":"product_brand","embeddable":true,"href":"https:\/\/www.bananatreeshop.com\/pt\/wp-json\/wp\/v2\/product_brand?post=3642"},{"taxonomy":"product_cat","embeddable":true,"href":"https:\/\/www.bananatreeshop.com\/pt\/wp-json\/wp\/v2\/product_cat?post=3642"},{"taxonomy":"product_tag","embeddable":true,"href":"https:\/\/www.bananatreeshop.com\/pt\/wp-json\/wp\/v2\/product_tag?post=3642"}],"curies":[{"name":"wp","href":"https:\/\/api.w.org\/{rel}","templated":true}]}}