{"id":36520,"date":"2025-07-09T13:01:47","date_gmt":"2025-07-09T13:01:47","guid":{"rendered":"https:\/\/www.bananatreeshop.com\/?post_type=product&#038;p=36520"},"modified":"2026-04-12T08:41:37","modified_gmt":"2026-04-12T08:41:37","slug":"lelo-ina-wave-2-vbrador-luxury-special-movement-california-sky","status":"publish","type":"product","link":"https:\/\/www.bananatreeshop.com\/pt\/produto\/lelo-ina-wave-2-vbrador-luxury-special-movement-california-sky\/","title":{"rendered":"LELO &#8211; INA WAVE 2 VBRADOR LUJO MOVIMIENTO ESPECIAL AZUL"},"content":{"rendered":"<p>\u00a1Conecta con todos tus puntos de placer! Con el movimiento de masaje que imita las caricias de los dedos de la tecnolog\u00eda WaveMotion\u2122 de LELO, 12 potentes modos de vibraci\u00f3n, delicada silicona y una mayor gama de intensidades, el conejito vibrador INA WAVE\u2122 2 te ofrece una exploraci\u00f3n revolucionaria de tu cuerpo.<\/p>\n<p>El orgasmo m\u00e1s potente se combina con la satisfacci\u00f3n del cl\u00edtoris y el punto G en una uni\u00f3n que te conectar\u00e1 con tu diosa interior. T\u00fa tienes el control de la potencia y la oleada de placer que deseas, hasta donde tu yo m\u00e1s salvaje quiera.<\/p>\n<ul>\n<li>RECARGABLE m\u00e1s potente, m\u00e1s silencioso<\/li>\n<li>12 MODOS DE VIBRACI\u00d3N VERS\u00c1TILES desde un suave murmullo a una vibraci\u00f3n extrema<\/li>\n<li>DISE\u00d1ADO PARA TU PLACER doble acci\u00f3n: libera el Punto G y facilita el orgasmo clitoriano<\/li>\n<li>100 % SUMERGIBLE perfecto para el ba\u00f1o y la ducha<\/li>\n<li>CARGA DE LARGA DURACI\u00d3N m\u00e1s placer, durante m\u00e1s tiempo<\/li>\n<li>SILICONA ULTRASUAVE silicona de alta calidad ultrasuave al tacto<\/li>\n<li>TECNOLOG\u00cdA WAVEMOTION\u2122 Para un excitante movimiento de masaje similar al de los dedos, que se a\u00f1ade a sus profundas y satisfactorias vibraciones.<\/li>\n<li>MAYOR RANGO DE INTENSIDADES Hemos incrementado el rango de intensidades a 12 porque sabemos que la satisfacci\u00f3n no tiene l\u00edmites.<\/li>\n<li>INCREMENTO DE POTENCIA Un 30% m\u00e1s de potencia con vibraciones m\u00e1s intensas y profundas.<\/li>\n<\/ul>\n<p>Especificaciones\u00a0<\/p>\n<ul>\n<li>Materiales:Silicona biocompatible, ABS<\/li>\n<li>Nivel m\u00e1x. de ruido: 50 dB<\/li>\n<li>Tama\u00f1o: 200 x 65 x 45 mm<\/li>\n<li>Peso: 176 g<\/li>\n<li>Bater\u00eda: Li-lon 520mA 3.7 V Carga: 2 h a 5.0V 500mAh<\/li>\n<li>Longitud insertable: 110 mm<\/li>\n<li>Tiempo de uso: hasta 2 h<\/li>\n<li>En espera: 90 d\u00edas<\/li>\n<li>Frecuencia: 60 Hz<\/li>\n<li>Modos: 12<\/li>\n<\/ul>","protected":false},"excerpt":{"rendered":"<p>LELO &#8211; INA WAVE 2 VBRADOR LUXURY SPECIAL MOVEMENT CALIFORNIA SKY<\/p>","protected":false},"featured_media":58470,"comment_status":"open","ping_status":"closed","template":"","meta":{"_eb_attr":""},"product_brand":[],"product_cat":[1152,1159,1231,1258],"product_tag":[],"class_list":{"0":"post-36520","1":"product","2":"type-product","3":"status-publish","4":"has-post-thumbnail","6":"product_cat-juguetes-bienestar","7":"product_cat-juguetes-bienestar-vibradores","8":"product_cat-juguetes-bienestar-vibradoresvibradores-punto-g","9":"product_cat-juguetes-bienestar-vibradoresvibradores-rabbit","10":"yith_product_brand-lelo","12":"first","13":"instock","14":"taxable","15":"shipping-taxable","16":"purchasable","17":"product-type-simple"},"_links":{"self":[{"href":"https:\/\/www.bananatreeshop.com\/pt\/wp-json\/wp\/v2\/product\/36520","targetHints":{"allow":["GET"]}}],"collection":[{"href":"https:\/\/www.bananatreeshop.com\/pt\/wp-json\/wp\/v2\/product"}],"about":[{"href":"https:\/\/www.bananatreeshop.com\/pt\/wp-json\/wp\/v2\/types\/product"}],"replies":[{"embeddable":true,"href":"https:\/\/www.bananatreeshop.com\/pt\/wp-json\/wp\/v2\/comments?post=36520"}],"wp:featuredmedia":[{"embeddable":true,"href":"https:\/\/www.bananatreeshop.com\/pt\/wp-json\/wp\/v2\/media\/58470"}],"wp:attachment":[{"href":"https:\/\/www.bananatreeshop.com\/pt\/wp-json\/wp\/v2\/media?parent=36520"}],"wp:term":[{"taxonomy":"product_brand","embeddable":true,"href":"https:\/\/www.bananatreeshop.com\/pt\/wp-json\/wp\/v2\/product_brand?post=36520"},{"taxonomy":"product_cat","embeddable":true,"href":"https:\/\/www.bananatreeshop.com\/pt\/wp-json\/wp\/v2\/product_cat?post=36520"},{"taxonomy":"product_tag","embeddable":true,"href":"https:\/\/www.bananatreeshop.com\/pt\/wp-json\/wp\/v2\/product_tag?post=36520"}],"curies":[{"name":"wp","href":"https:\/\/api.w.org\/{rel}","templated":true}]}}