{"id":36521,"date":"2025-07-09T13:01:48","date_gmt":"2025-07-09T13:01:48","guid":{"rendered":"https:\/\/www.bananatreeshop.com\/?post_type=product&#038;p=36521"},"modified":"2026-04-12T09:55:14","modified_gmt":"2026-04-12T09:55:14","slug":"lelo-ina-3-luxury-coral-rabbit-vibrator","status":"publish","type":"product","link":"https:\/\/www.bananatreeshop.com\/pt\/produto\/lelo-ina-3-luxury-coral-rabbit-vibrator\/","title":{"rendered":"LELO &#8211; INA 3 VIBRADOR RABBIT LUJO CORAL"},"content":{"rendered":"<p>INA\u2122 3 vuelve con m\u00e1s fuerza que nunca: tu conejito rampante favorito tiene un nuevo aspecto. Explora tu cuerpo con este precioso masajeador de doble acci\u00f3n, que cuenta con un 30 % m\u00e1s de potencia, una mayor gama de intensidades y nada menos que diez ajustes de vibraci\u00f3n diferentes que estimular\u00e1n tu punto G y tu cl\u00edtoris como nunca antes. Intima contigo misma y con tu cuerpo y observa mientras descubres un nuevo equilibrio m\u00e1s profundo.<\/p>\n<ul>\n<li>MAYOR RANGO DE INTENSIDADES Hemos incrementado el rango de intensidades a 10 porque sabemos que la satisfacci\u00f3n no tiene l\u00edmites.<\/li>\n<li>POTENCIA EXTRA Un 30 % m\u00e1s de potencia para vibraciones m\u00e1s intensas y profundas.<\/li>\n<li>BATER\u00cdA M\u00c1S DURADERA Con una bater\u00eda m\u00e1s duradera para que disfrutes de horas y horas de placer.<\/li>\n<li>RECARGABLE m\u00e1s potente, m\u00e1s silencioso 10<\/li>\n<li>MODOS DE VIBRACI\u00d3N VERS\u00c1TILES desde un suave murmullo a una vibraci\u00f3n extrema<\/li>\n<li>DISE\u00d1ADO PARA TU PLACER doble acci\u00f3n: libera el Punto G y facilita el orgasmo clitoriano 100 %<\/li>\n<li>SUMERGIBLE perfecto para el ba\u00f1o y la ducha<\/li>\n<li>CARGA DE LARGA DURACI\u00d3N m\u00e1s placer, durante m\u00e1s tiempo<\/li>\n<li>SILICONA ULTRASUAVE silicona de alta calidad ultrasuave al tacto<\/li>\n<\/ul>\n<p>Hemos mejorado el aclamado conejito rampante. Fabricado con la silicona biocompatible m\u00e1s suave y en tres nuevos e impresionantes colores, INA\u2122 3 es el masajeador perfecto de doble acci\u00f3n que te permitir\u00e1 tener un feliz final. Con diez exquisitos modos de vibraci\u00f3n, estimulaci\u00f3n interna del punto G y estimulaci\u00f3n externa del cl\u00edtoris, goza de una potencia estimulante y libera todas tus inhibiciones contenidas.<\/p>\n<ul>\n<li>Materiales: silicona biocompatible, ABS<\/li>\n<li>Tama\u00f1o: 200 x 65 x 45 mm<\/li>\n<li>Longitud insertable: 110 mm<\/li>\n<li>Peso: 150 g<\/li>\n<li>Bater\u00eda: Li-lon 520mA 3.7V<\/li>\n<li>Carga: 2 h a 5.0V 500mAh<\/li>\n<li>Tiempo de uso: hasta 2 h<\/li>\n<li>En espera: 90 d\u00edas<\/li>\n<li>Frecuencia: 60 Hz<\/li>\n<li>Interfaz: 4 botones<\/li>\n<\/ul>\n<p>\u00a0<\/p>","protected":false},"excerpt":{"rendered":"<p>LELO &#8211; INA 3 LUXURY CORAL RABBIT VIBRATOR<\/p>","protected":false},"featured_media":58474,"comment_status":"open","ping_status":"closed","template":"","meta":{"_eb_attr":""},"product_brand":[],"product_cat":[1152,1159,1231,1258],"product_tag":[],"class_list":{"0":"post-36521","1":"product","2":"type-product","3":"status-publish","4":"has-post-thumbnail","6":"product_cat-juguetes-bienestar","7":"product_cat-juguetes-bienestar-vibradores","8":"product_cat-juguetes-bienestar-vibradoresvibradores-punto-g","9":"product_cat-juguetes-bienestar-vibradoresvibradores-rabbit","10":"yith_product_brand-lelo","12":"first","13":"instock","14":"taxable","15":"shipping-taxable","16":"purchasable","17":"product-type-simple"},"_links":{"self":[{"href":"https:\/\/www.bananatreeshop.com\/pt\/wp-json\/wp\/v2\/product\/36521","targetHints":{"allow":["GET"]}}],"collection":[{"href":"https:\/\/www.bananatreeshop.com\/pt\/wp-json\/wp\/v2\/product"}],"about":[{"href":"https:\/\/www.bananatreeshop.com\/pt\/wp-json\/wp\/v2\/types\/product"}],"replies":[{"embeddable":true,"href":"https:\/\/www.bananatreeshop.com\/pt\/wp-json\/wp\/v2\/comments?post=36521"}],"wp:featuredmedia":[{"embeddable":true,"href":"https:\/\/www.bananatreeshop.com\/pt\/wp-json\/wp\/v2\/media\/58474"}],"wp:attachment":[{"href":"https:\/\/www.bananatreeshop.com\/pt\/wp-json\/wp\/v2\/media?parent=36521"}],"wp:term":[{"taxonomy":"product_brand","embeddable":true,"href":"https:\/\/www.bananatreeshop.com\/pt\/wp-json\/wp\/v2\/product_brand?post=36521"},{"taxonomy":"product_cat","embeddable":true,"href":"https:\/\/www.bananatreeshop.com\/pt\/wp-json\/wp\/v2\/product_cat?post=36521"},{"taxonomy":"product_tag","embeddable":true,"href":"https:\/\/www.bananatreeshop.com\/pt\/wp-json\/wp\/v2\/product_tag?post=36521"}],"curies":[{"name":"wp","href":"https:\/\/api.w.org\/{rel}","templated":true}]}}