{"id":36604,"date":"2025-07-09T04:01:06","date_gmt":"2025-07-09T04:01:06","guid":{"rendered":"https:\/\/www.bananatreeshop.com\/?post_type=product&#038;p=36604"},"modified":"2026-04-01T11:01:45","modified_gmt":"2026-04-01T11:01:45","slug":"secretplay-sex-in-the-countryside-travel-kit-es-en-de-fr-nl-pt","status":"publish","type":"product","link":"https:\/\/www.bananatreeshop.com\/pt\/produto\/secretplay-sex-in-the-countryside-travel-kit-es-en-de-fr-nl-pt\/","title":{"rendered":"SECRETPLAY &#8211; SEX IN THE COUNTRYSIDE TRAVEL KIT (ES\/EN\/DE\/FR\/NL\/PT)"},"content":{"rendered":"<p>CU\u00c1L ES TU PR\u00d3XIMO DESTINO?<\/p>\n<p>Tu pareja y t\u00fa est\u00e1is planeando una escapada rom\u00e1ntica y no os quer\u00e9is quedar sin planes? Quer\u00e9is darle un toque de chispa y pasi\u00f3n a este ansiado viaje? Sex in the Countryside Travel Kit os propone una serie de planes picantes para hacer donde vay\u00e1is, haciendo que vuestro viaje sea inolvidable. Os imagin\u00e1is no perder la chispa durante vuestra escapada haciendo pruebas como jugar al escondite entre los \u00e1rboles y si tu pareja te encuentra le das una recompensa? Si sois aventureros quiz\u00e1 pod\u00e9is organizar una yincana, escalar \u00e1rboles o practicad alg\u00fan deporte extremo como escalada, tirolina o barranquismo&#8230; Pero si est\u00e1is romanticones y quer\u00e9is estar relajados tambi\u00e9n encontrar\u00e9is pruebas para tumbaros en el c\u00e9sped de noche y ver las estrellas, o ir a ver la puesta de sol. Algunas de estas pruebas y muchas m\u00e1s las podr\u00e9is encontrar en el Kit de campo, con el que no dejar\u00e9is de disfrutar.<\/p>\n<p>Coged las cartas del kit y ordenad los planes seg\u00fan os apetezca. Completad vuestra lujuria con los accesorios que adem\u00e1s este completo kit ofrece.<\/p>\n<p>El juego contiene:<\/p>\n<ul>\n<li>40 cartas de juego<\/li>\n<li>1 bala vibradora<\/li>\n<li>1 dado kamasutra<\/li>\n<li>1 monodosis aceite de masaje<\/li>\n<li>1 monodosis de lubricante<\/li>\n<li>1 monodosis de gel intensificador del placer<\/li>\n<\/ul>\n<p>Es ideal para escapadas de fin de semana o de un d\u00eda, para esperados viajes en pareja, o tambi\u00e9n para darle rienda suelta a vuestra imaginaci\u00f3n desde la habitaci\u00f3n o desde casa fantaseando con que est\u00e1is en el campo. Las divertidas pruebas que contiene este kit combin\u00e1ndolas con el dado, la balita vibradora y los sachets, no os dejar\u00e1n indiferentes.<\/p>\n<p>\u00a0<\/p>\n<p>\u00a0<\/p>\n<p style=\"text-align: center;\">\u00a0<\/p>\n<p>\u00a0<\/p>\n<p><iframe loading=\"lazy\" allow=\"autoplay; fullscreen; picture-in-picture\" allowfullscreen=\"\" frameborder=\"0\" height=\"400\" scrolling=\"no\" src=\"https:\/\/player.vimeo.com\/video\/887658621?autoplay=1\" width=\"600\"><\/iframe><\/p>","protected":false},"excerpt":{"rendered":"<p>SECRETPLAY &#8211; SEX IN THE COUNTRYSIDE TRAVEL KIT (ES\/EN\/DE\/FR\/NL\/PT)<\/p>","protected":false},"featured_media":56929,"comment_status":"open","ping_status":"closed","template":"","meta":{"_eb_attr":""},"product_brand":[],"product_cat":[1187,1188,1211,1207,1210,1208,1213],"product_tag":[],"class_list":{"0":"post-36604","1":"product","2":"type-product","3":"status-publish","4":"has-post-thumbnail","6":"product_cat-juegos","7":"product_cat-juegos-juegos-de-pareja","8":"product_cat-juegos-juegos-en-aleman","9":"product_cat-juegos-juegos-en-espanol","10":"product_cat-juegos-juegos-en-frances","11":"product_cat-juegos-juegos-en-ingles","12":"product_cat-juegos-juegos-en-portugues","13":"yith_product_brand-secretplay","14":"yith_product_brand-secretplaysecretplay-100-games","16":"first","17":"instock","18":"taxable","19":"shipping-taxable","20":"purchasable","21":"product-type-simple"},"_links":{"self":[{"href":"https:\/\/www.bananatreeshop.com\/pt\/wp-json\/wp\/v2\/product\/36604","targetHints":{"allow":["GET"]}}],"collection":[{"href":"https:\/\/www.bananatreeshop.com\/pt\/wp-json\/wp\/v2\/product"}],"about":[{"href":"https:\/\/www.bananatreeshop.com\/pt\/wp-json\/wp\/v2\/types\/product"}],"replies":[{"embeddable":true,"href":"https:\/\/www.bananatreeshop.com\/pt\/wp-json\/wp\/v2\/comments?post=36604"}],"wp:featuredmedia":[{"embeddable":true,"href":"https:\/\/www.bananatreeshop.com\/pt\/wp-json\/wp\/v2\/media\/56929"}],"wp:attachment":[{"href":"https:\/\/www.bananatreeshop.com\/pt\/wp-json\/wp\/v2\/media?parent=36604"}],"wp:term":[{"taxonomy":"product_brand","embeddable":true,"href":"https:\/\/www.bananatreeshop.com\/pt\/wp-json\/wp\/v2\/product_brand?post=36604"},{"taxonomy":"product_cat","embeddable":true,"href":"https:\/\/www.bananatreeshop.com\/pt\/wp-json\/wp\/v2\/product_cat?post=36604"},{"taxonomy":"product_tag","embeddable":true,"href":"https:\/\/www.bananatreeshop.com\/pt\/wp-json\/wp\/v2\/product_tag?post=36604"}],"curies":[{"name":"wp","href":"https:\/\/api.w.org\/{rel}","templated":true}]}}