{"id":36855,"date":"2025-07-15T06:01:10","date_gmt":"2025-07-15T06:01:10","guid":{"rendered":"https:\/\/www.bananatreeshop.com\/?post_type=product&#038;p=36855"},"modified":"2026-04-03T10:03:52","modified_gmt":"2026-04-03T10:03:52","slug":"me-seduce-atar-dress-s-m","status":"publish","type":"product","link":"https:\/\/www.bananatreeshop.com\/pt\/produto\/me-seduce-atar-dress-s-m\/","title":{"rendered":"ME-SEDUCE &#8211; ATAR VESTIDO S\/M"},"content":{"rendered":"<p>Una mujer \u00fanica es una mujer que es consciente de sus metas, car\u00e1cter, sue\u00f1os, perfecci\u00f3n y debilidades. Una mujer que trata de alcanzar sus metas y obtiene placer de ello, que sabe exactamente si la meta que est\u00e1 alcanzando es algo que realmente necesita, algo que traer\u00e1 un peque\u00f1o milagro a su vida.<\/p>\n<p><strong>Colecci\u00f3n Around the world\u00a0<\/strong><\/p>\n<p>Crear una nueva colecci\u00f3n es como crear un mundo completamente nuevo. Trabajamos hasta el \u00faltimo detalle para que cada uno de nuestros modelos sea sensual, sutil y \u00fanico.<\/p>\n<ul>\n<li>Vestido Atar, Colecci\u00f3n Around\u00a0the world\u00a0<\/li>\n<li>Genial vestido color negro<\/li>\n<li>Negro brillante\u00a0<\/li>\n<li>Dise\u00f1o \u00fanico\u00a0<\/li>\n<li>Composici\u00f3n: 95% poli\u00e9ster \/ 5% spandex<\/li>\n<li>Color: Negro\u00a0<\/li>\n<li>Talla: S\/M<\/li>\n<\/ul>\n<p>Me-Seduce fue creada en 2013 y se dedica al dise\u00f1o y fabricaci\u00f3n de\u00a0lencer\u00eda er\u00f3tica para mujeres y hombres. En Oto\u00f1o de 2018 la marca fue galardonada con el XBIZ Europe y le dieron el premio a la Mejor empresa de lencer\u00eda del a\u00f1o 2018. Era la primera edici\u00f3n europea y la \u00fanica marca polaca nominada. Ahora en este 2019, ha sido nominada en la edicion americana de los premios XBIZ de 2019 en dos categor\u00edas: La mejor empresa de Lencer\u00eda (2019) y La mejor colecci\u00f3n del a\u00f1o (2019)<\/p>\n<p>\u00a0<\/p>\n<p style=\"text-align: center;\"><img decoding=\"async\" alt=\"\" src=\"https:\/\/interno.dreamlove.es\/UserFiles\/images\/TALLAS%20ME%20SEDUCE%281%29.jpg\" style=\"width: 577px; height: 519px;\" \/><\/p>","protected":false},"excerpt":{"rendered":"<p>ME-SEDUCE &#8211; ATAR VESTIDO S\/M<\/p>","protected":false},"featured_media":80616,"comment_status":"open","ping_status":"closed","template":"","meta":{"_eb_attr":""},"product_brand":[],"product_cat":[1225,1386,1226,1191,1411],"product_tag":[],"class_list":{"0":"post-36855","1":"product","2":"type-product","3":"status-publish","4":"has-post-thumbnail","6":"product_cat-moda-lencerialenceria-mujer","7":"product_cat-moda-lencerialenceria-mujerlenceria-picante","8":"product_cat-moda-lencerialenceria-mujerlenceria-sexy","9":"product_cat-moda-lenceria","10":"product_cat-moda-lencerialenceria-mujerlenceria-picantevestidos-sexys","11":"yith_product_brand-me-seduce","12":"yith_product_brand-me-seduce-me-seduce-dresses","14":"first","15":"instock","16":"taxable","17":"shipping-taxable","18":"purchasable","19":"product-type-simple"},"_links":{"self":[{"href":"https:\/\/www.bananatreeshop.com\/pt\/wp-json\/wp\/v2\/product\/36855","targetHints":{"allow":["GET"]}}],"collection":[{"href":"https:\/\/www.bananatreeshop.com\/pt\/wp-json\/wp\/v2\/product"}],"about":[{"href":"https:\/\/www.bananatreeshop.com\/pt\/wp-json\/wp\/v2\/types\/product"}],"replies":[{"embeddable":true,"href":"https:\/\/www.bananatreeshop.com\/pt\/wp-json\/wp\/v2\/comments?post=36855"}],"wp:featuredmedia":[{"embeddable":true,"href":"https:\/\/www.bananatreeshop.com\/pt\/wp-json\/wp\/v2\/media\/80616"}],"wp:attachment":[{"href":"https:\/\/www.bananatreeshop.com\/pt\/wp-json\/wp\/v2\/media?parent=36855"}],"wp:term":[{"taxonomy":"product_brand","embeddable":true,"href":"https:\/\/www.bananatreeshop.com\/pt\/wp-json\/wp\/v2\/product_brand?post=36855"},{"taxonomy":"product_cat","embeddable":true,"href":"https:\/\/www.bananatreeshop.com\/pt\/wp-json\/wp\/v2\/product_cat?post=36855"},{"taxonomy":"product_tag","embeddable":true,"href":"https:\/\/www.bananatreeshop.com\/pt\/wp-json\/wp\/v2\/product_tag?post=36855"}],"curies":[{"name":"wp","href":"https:\/\/api.w.org\/{rel}","templated":true}]}}