{"id":36939,"date":"2025-07-09T13:01:51","date_gmt":"2025-07-09T13:01:51","guid":{"rendered":"https:\/\/www.bananatreeshop.com\/?post_type=product&#038;p=36939"},"modified":"2026-04-12T09:54:44","modified_gmt":"2026-04-12T09:54:44","slug":"satisfyer-hot-lover-vibrator","status":"publish","type":"product","link":"https:\/\/www.bananatreeshop.com\/pt\/produto\/satisfyer-hot-lover-vibrator\/","title":{"rendered":"SATISFYER &#8211; HOT LOVER VIBRADOR"},"content":{"rendered":"<p>El eje y el estimulador de cl\u00edtoris del Hot Lover son ergon\u00f3micamente curvos, estimulando tanto el punto G como el cl\u00edtoris. El dispositivo controlado por la aplicaci\u00f3n tambi\u00e9n es divertido de usar debido a su funci\u00f3n de calor realista<\/p>\n<p>Informaci\u00f3n del producto &#8220;Hot Lover&#8221;<\/p>\n<ul>\n<li>El eje y el estimulador de cl\u00edtoris del Hot Lover son ergon\u00f3micamente curvos, estimulando tanto el punto G como el cl\u00edtoris.<\/li>\n<li>El dispositivo controlado por la aplicaci\u00f3n tambi\u00e9n es divertido de usar debido a su funci\u00f3n de calentamiento realista.<\/li>\n<li>Compatible con la aplicaci\u00f3n gratuita Satisfyer &#8211; Disponible en iOS y Android<\/li>\n<li>La funci\u00f3n de calor sensual combinada con vibraciones proporciona una experiencia de estimulaci\u00f3n intensa<\/li>\n<li>2 potentes motores transmiten ritmos de vibraci\u00f3n intensos a lo largo de toda la garant\u00eda de 15 a\u00f1os del juego<\/li>\n<li>Tambi\u00e9n se puede utilizar sin la aplicaci\u00f3n Estimulaci\u00f3n sensual a trav\u00e9s de la vibraci\u00f3n y el calor<\/li>\n<li>Los programas preestablecidos se pueden editar 2 motores de alta potencia<\/li>\n<li>La aplicaci\u00f3n ofrece una gama interminable de programas<\/li>\n<li>Estimulaci\u00f3n del cl\u00edtoris y del punto G<\/li>\n<li>Modo Susurro<\/li>\n<li>Silicona amigable con el cuerpo<\/li>\n<li>Bater\u00eda recargable de iones de litio<\/li>\n<li>Impermeable (IPX7)<\/li>\n<li>Cable de carga USB magn\u00e9tico incluido<\/li>\n<li>F\u00e1cil de limpiar<\/li>\n<\/ul>\n<p><strong>Qu\u00e9 puede hacer el Satisfyer Hot Lover?<\/strong><\/p>\n<p>\u00a1El Satisfyer Hot Lover es un vibrador con rabbit con ese sencillamente extraordinario.\u00a0Mientras que el eje con su punta ergon\u00f3micamente curvada seduce su punto G, el estimulador m\u00e1s peque\u00f1o se encarga de la intensa estimulaci\u00f3n del cl\u00edtoris. Los dos potentes motores se pueden controlar independientemente el uno del otro utilizando el panel de control del vibrador o la aplicaci\u00f3n Satisfyer Connect. Tambi\u00e9n puede usar la funci\u00f3n de calentamiento del dispositivo para momentos de calor adicionales: el eje del Satisfyer Hot Lover se puede calentar hasta 39 grados C \/ 104 grados F, lo que no solo garantiza una mayor sensaci\u00f3n de placer y una mayor capacidad para el orgasmo, sino tambi\u00e9n una experiencia realista similar al cuerpo. La funci\u00f3n de calentamiento tambi\u00e9n se puede activar independientemente de los controles de vibraci\u00f3n.<\/p>\n<p><strong>Satisfyer Hot Lover: Vibrador de calentamiento con control de aplicaciones<\/strong><\/p>\n<p>De forma ergon\u00f3mica, este vibrador con funci\u00f3n calor abraza sus puntos favoritos mientras se encuentra c\u00f3modamente en su mano gracias a su mango largo. El dise\u00f1o del Satisfyer Hot Lover tambi\u00e9n es particularmente llamativo: la superficie brillante en hermosos tonos pastel y los detalles brillantes en todo momento lo convierten en un verdadero punto culminante. Gracias a su superficie hecha de silicona amigable para el cuerpo, tambi\u00e9n es irresistiblemente suave y amorosa para su piel.<\/p>\n<p>Este Satisfyer Rabbit ofrece 12 programas de vibraci\u00f3n preestablecidos, y puede obtener a\u00fan m\u00e1s variedad con la aplicaci\u00f3n gratuita Satisfyer Connect para Android y Apple iOS. Crea nuevos programas o conecta la app con Spotify para experimentar orgasmos intensos al ritmo de tus canciones favoritas. Tu Hot Lover tambi\u00e9n puede acompa\u00f1arte en la ba\u00f1era o ducha gracias a su dise\u00f1o impermeable (IPX7). Despu\u00e9s de su uso, su vibrador se puede limpiar f\u00e1cilmente con agua tibia, jab\u00f3n suave y un poco de limpiador de dispositivos de bienestar sexual y recargarse con el cable de carga USB incluido.<\/p>","protected":false},"excerpt":{"rendered":"<p>SATISFYER &#8211; HOT LOVER VIBRATOR<\/p>","protected":false},"featured_media":58485,"comment_status":"open","ping_status":"closed","template":"","meta":{"_eb_attr":""},"product_brand":[],"product_cat":[1152,1159,1216,1231,1258],"product_tag":[],"class_list":{"0":"post-36939","1":"product","2":"type-product","3":"status-publish","4":"has-post-thumbnail","6":"product_cat-juguetes-bienestar","7":"product_cat-juguetes-bienestar-vibradores","8":"product_cat-juguetes-bienestar-vibradoresvibradores-con-app","9":"product_cat-juguetes-bienestar-vibradoresvibradores-punto-g","10":"product_cat-juguetes-bienestar-vibradoresvibradores-rabbit","11":"yith_product_brand-satisfyer","12":"yith_product_brand-satisfyer-satisfyer-connect","14":"first","15":"instock","16":"taxable","17":"shipping-taxable","18":"purchasable","19":"product-type-simple"},"_links":{"self":[{"href":"https:\/\/www.bananatreeshop.com\/pt\/wp-json\/wp\/v2\/product\/36939","targetHints":{"allow":["GET"]}}],"collection":[{"href":"https:\/\/www.bananatreeshop.com\/pt\/wp-json\/wp\/v2\/product"}],"about":[{"href":"https:\/\/www.bananatreeshop.com\/pt\/wp-json\/wp\/v2\/types\/product"}],"replies":[{"embeddable":true,"href":"https:\/\/www.bananatreeshop.com\/pt\/wp-json\/wp\/v2\/comments?post=36939"}],"wp:featuredmedia":[{"embeddable":true,"href":"https:\/\/www.bananatreeshop.com\/pt\/wp-json\/wp\/v2\/media\/58485"}],"wp:attachment":[{"href":"https:\/\/www.bananatreeshop.com\/pt\/wp-json\/wp\/v2\/media?parent=36939"}],"wp:term":[{"taxonomy":"product_brand","embeddable":true,"href":"https:\/\/www.bananatreeshop.com\/pt\/wp-json\/wp\/v2\/product_brand?post=36939"},{"taxonomy":"product_cat","embeddable":true,"href":"https:\/\/www.bananatreeshop.com\/pt\/wp-json\/wp\/v2\/product_cat?post=36939"},{"taxonomy":"product_tag","embeddable":true,"href":"https:\/\/www.bananatreeshop.com\/pt\/wp-json\/wp\/v2\/product_tag?post=36939"}],"curies":[{"name":"wp","href":"https:\/\/api.w.org\/{rel}","templated":true}]}}