{"id":36966,"date":"2025-07-17T01:01:46","date_gmt":"2025-07-17T01:01:46","guid":{"rendered":"https:\/\/www.bananatreeshop.com\/?post_type=product&#038;p=36966"},"modified":"2026-04-11T06:17:29","modified_gmt":"2026-04-11T06:17:29","slug":"ohmama-mini-black-chinese-anal-or-vaginal-balls","status":"publish","type":"product","link":"https:\/\/www.bananatreeshop.com\/pt\/produto\/ohmama-mini-black-chinese-anal-or-vaginal-balls\/","title":{"rendered":"OHMAMA &#8211;  BOLAS ANALES O VAGINALES  CHINAS NEGRAS MINI"},"content":{"rendered":"<p>\u00a1Oh mama! Sabemos que hay pocas cosas mejores que un buen orgasmo y de la importancia de mantener una buena salud sexual\u00a0por sus numerosas ventajas, ya que mejora el flujo sangu\u00edneo, levanta el \u00e1nimo, favorece el sue\u00f1o, mantiene sano el cerebro, es un analg\u00e9sico natural, disminuye el estr\u00e9s, ademas de otorgar bienestar y mejorar la salud emocional.<\/p>\n<p>\u00a1Somos conscientes de todo esto, por eso con la gama de juguetes\u00a0<strong>Ohmama<\/strong>\u00a0te ayudaremos para que puedas conseguirlo!<\/p>\n<p><u><strong>Caracter\u00edsticas\u00a0<\/strong><\/u><\/p>\n<ul>\n<li>Bolas chinas\u00a0<\/li>\n<li>Cuerda resistente de nylon y anilla , extracci\u00f3n segura\u00a0<\/li>\n<li>Material: ABS<\/li>\n<li>Bodysafe<\/li>\n<li>Sin parabenos ni ftalatos\u00a0<\/li>\n<li>Presentaci\u00f3n en bolsa higi\u00e9nica precintada\u00a0<\/li>\n<li>Medidas:\n<ul>\n<li>Di\u00e1metros bolas: 2.3 cm\u00a0<\/li>\n<li>Longitud total: 57 cm\u00a0<\/li>\n<\/ul>\n<\/li>\n<\/ul>\n<ul>\n<li>Para su uso, es preciso\u00a0una correcta lubricaci\u00f3n. Ohmama recomienda los lubricantes de las marcas Waterfeel, Aqua Quality o Bio Aqua.\u00a0<\/li>\n<\/ul>\n<p><strong>LA MARCA<\/strong><\/p>\n<p>La gama de productos\u00a0OHMAMA\u00a0es perfecta para regalar. Un producto al alcance de todos con una calidad perfecta. Una combinaci\u00f3n \u00fanica en esta l\u00ednea de juguetes para adultos.\u00a0<\/p>","protected":false},"excerpt":{"rendered":"<p>OHMAMA &#8211; MINI BLACK CHINESE ANAL OR VAGINAL BALLS<\/p>","protected":false},"featured_media":84799,"comment_status":"open","ping_status":"closed","template":"","meta":{"_eb_attr":""},"product_brand":[],"product_cat":[1157,1437,1438,1255,1152,1153],"product_tag":[],"class_list":{"0":"post-36966","1":"product","2":"type-product","3":"status-publish","4":"has-post-thumbnail","6":"product_cat-juguetes-bienestar-anal","7":"product_cat-juguetes-bienestar-juguetes-para-mujeresbolas-chinasbolas-anales","8":"product_cat-juguetes-bienestar-analbolas-anales","9":"product_cat-juguetes-bienestar-juguetes-para-mujeresbolas-chinas","10":"product_cat-juguetes-bienestar","11":"product_cat-juguetes-bienestar-juguetes-para-mujeres","12":"yith_product_brand-ohmama","13":"yith_product_brand-ohmamaohmama-anal","15":"first","16":"instock","17":"taxable","18":"shipping-taxable","19":"purchasable","20":"product-type-simple"},"_links":{"self":[{"href":"https:\/\/www.bananatreeshop.com\/pt\/wp-json\/wp\/v2\/product\/36966","targetHints":{"allow":["GET"]}}],"collection":[{"href":"https:\/\/www.bananatreeshop.com\/pt\/wp-json\/wp\/v2\/product"}],"about":[{"href":"https:\/\/www.bananatreeshop.com\/pt\/wp-json\/wp\/v2\/types\/product"}],"replies":[{"embeddable":true,"href":"https:\/\/www.bananatreeshop.com\/pt\/wp-json\/wp\/v2\/comments?post=36966"}],"wp:featuredmedia":[{"embeddable":true,"href":"https:\/\/www.bananatreeshop.com\/pt\/wp-json\/wp\/v2\/media\/84799"}],"wp:attachment":[{"href":"https:\/\/www.bananatreeshop.com\/pt\/wp-json\/wp\/v2\/media?parent=36966"}],"wp:term":[{"taxonomy":"product_brand","embeddable":true,"href":"https:\/\/www.bananatreeshop.com\/pt\/wp-json\/wp\/v2\/product_brand?post=36966"},{"taxonomy":"product_cat","embeddable":true,"href":"https:\/\/www.bananatreeshop.com\/pt\/wp-json\/wp\/v2\/product_cat?post=36966"},{"taxonomy":"product_tag","embeddable":true,"href":"https:\/\/www.bananatreeshop.com\/pt\/wp-json\/wp\/v2\/product_tag?post=36966"}],"curies":[{"name":"wp","href":"https:\/\/api.w.org\/{rel}","templated":true}]}}