{"id":37186,"date":"2025-07-15T06:01:12","date_gmt":"2025-07-15T06:01:12","guid":{"rendered":"https:\/\/www.bananatreeshop.com\/?post_type=product&#038;p=37186"},"modified":"2026-04-06T02:04:49","modified_gmt":"2026-04-06T02:04:49","slug":"passion-malwia-ecological-leather-set-s-m","status":"publish","type":"product","link":"https:\/\/www.bananatreeshop.com\/pt\/produto\/passion-malwia-ecological-leather-set-s-m\/","title":{"rendered":"PASSION &#8211; MALWIA SET CUERO ECOLOGICO S\/M"},"content":{"rendered":"<p>Malwia es un conjunto formado por un top de cuero sujeta al cuello con aros decorativo y cordones, que enfatiza y realza el busto y el tanga con un encantador recorte. Las juntas decorativas en forma de c\u00edrculos, dan un encanto peculiar.<\/p>\n<ul>\n<li>Material: Cuero ecol\u00f3igico<\/li>\n<li>No decolora<\/li>\n<li>No ti\u00f1e al lavar<\/li>\n<\/ul>\n<p>M\u00e1s sobre el set Malwia:<\/p>\n<ul>\n<li>Sensual set de dos piezas\u00a0<\/li>\n<li>Incluye sujetador\u00a0y tanga\u00a0<\/li>\n<li>Tanga con abertura\u00a0<\/li>\n<li>Pechos descubiertos\u00a0<\/li>\n<li>Material suave y muy c\u00f3modo de llevar\u00a0<\/li>\n<li>Presentado en una preciosa caja ecol\u00f3gica<\/li>\n<li>Composici\u00f3n: 60% Poliuretano, 40% Poliester<\/li>\n<\/ul>\n<p>Concebida y dise\u00f1ada para mujeres actuales y din\u00e1micas, Passion es lencer\u00eda made in the European Union con estrictos controles de calidad.<\/p>\n<p>El m\u00e1ximo detalle en la fabricaci\u00f3n y sus elementos decorativos son las principales caracter\u00edsticas de esta lencer\u00eda que est\u00e1 pensada para el mundo actual y personas din\u00e1micas con ganas de innovar.<\/p>\n<p style=\"text-align: center;\"><img decoding=\"async\" alt=\"\" src=\"https:\/\/interno.dreamlove.es\/UserFiles\/images\/PASIOM%282%29.jpg\" style=\"width: 512px; height: 167px;\" \/><\/p>","protected":false},"excerpt":{"rendered":"<p>PASSION &#8211; MALWIA ECOLOGICAL LEATHER SET S\/M<\/p>","protected":false},"featured_media":80620,"comment_status":"open","ping_status":"closed","template":"","meta":{"_eb_attr":""},"product_brand":[],"product_cat":[1355,258,1412,1225,1386,1226,1368,1191,1388],"product_tag":[],"class_list":{"0":"post-37186","1":"product","2":"type-product","3":"status-publish","4":"has-post-thumbnail","6":"product_cat-bdsm-bondage-articulos-bdsm","7":"product_cat-bdsm-bondage","8":"product_cat-moda-lencerialenceria-mujerlenceria-picanteestilo-fetish","9":"product_cat-moda-lencerialenceria-mujer","10":"product_cat-moda-lencerialenceria-mujerlenceria-picante","11":"product_cat-moda-lencerialenceria-mujerlenceria-sexy","12":"product_cat-bdsm-bondage-articulos-bdsmmoda-bdsm","13":"product_cat-moda-lenceria","14":"product_cat-moda-lencerialenceria-mujerlenceria-sexysujetador-y-parte-inferior","15":"pa_talla-l-xl","16":"pa_talla-s-m","17":"yith_product_brand-passion","18":"yith_product_brand-passionpassion-woman","19":"yith_product_brand-passionpassion-womanpassion-woman-sets","21":"first","22":"instock","23":"taxable","24":"shipping-taxable","25":"purchasable","26":"product-type-variable","27":"has-default-attributes"},"_links":{"self":[{"href":"https:\/\/www.bananatreeshop.com\/pt\/wp-json\/wp\/v2\/product\/37186","targetHints":{"allow":["GET"]}}],"collection":[{"href":"https:\/\/www.bananatreeshop.com\/pt\/wp-json\/wp\/v2\/product"}],"about":[{"href":"https:\/\/www.bananatreeshop.com\/pt\/wp-json\/wp\/v2\/types\/product"}],"replies":[{"embeddable":true,"href":"https:\/\/www.bananatreeshop.com\/pt\/wp-json\/wp\/v2\/comments?post=37186"}],"wp:featuredmedia":[{"embeddable":true,"href":"https:\/\/www.bananatreeshop.com\/pt\/wp-json\/wp\/v2\/media\/80620"}],"wp:attachment":[{"href":"https:\/\/www.bananatreeshop.com\/pt\/wp-json\/wp\/v2\/media?parent=37186"}],"wp:term":[{"taxonomy":"product_brand","embeddable":true,"href":"https:\/\/www.bananatreeshop.com\/pt\/wp-json\/wp\/v2\/product_brand?post=37186"},{"taxonomy":"product_cat","embeddable":true,"href":"https:\/\/www.bananatreeshop.com\/pt\/wp-json\/wp\/v2\/product_cat?post=37186"},{"taxonomy":"product_tag","embeddable":true,"href":"https:\/\/www.bananatreeshop.com\/pt\/wp-json\/wp\/v2\/product_tag?post=37186"}],"curies":[{"name":"wp","href":"https:\/\/api.w.org\/{rel}","templated":true}]}}