{"id":3730,"date":"2025-07-17T21:00:56","date_gmt":"2025-07-17T21:00:56","guid":{"rendered":"https:\/\/www.bananatreeshop.com\/?post_type=product&#038;p=3730"},"modified":"2026-04-04T06:04:32","modified_gmt":"2026-04-04T06:04:32","slug":"ruf-taboo-libertin-male-pheromones-perfume-50ml","status":"publish","type":"product","link":"https:\/\/www.bananatreeshop.com\/pt\/produto\/ruf-taboo-libertin-male-pheromones-perfume-50ml\/","title":{"rendered":"RUF &#8211; TABOO LIBERTIN PERFUME FEROMONAS MASCULINO 50ML"},"content":{"rendered":"<p>Para atraer y cautivar, qu\u00e9 puede ser m\u00e1s eficaz que un perfume con aromas hechizantes?\u00a0<strong>TABOO LIBERTIN\u00a0<\/strong>es un Eau de Toilette que encuentra su fuerza en su armoniosa composici\u00f3n que combina aromas florales, notas c\u00e1lidas de tabaco y madera. Esta sensual fragancia desprende sus encantadores aromas a lo largo del d\u00eda y se convertir\u00e1 r\u00e1pidamente en una baza seductora imprescindible.<\/p>\n<p>Feromonas sexuales para el hombre<strong>.<\/strong>\u00a0D\u00e9jate sorprender por su sensualidad que te permitir\u00e1 hacer de tus encuentros algo irresistible y convertirte en un libertino.<\/p>\n<p>A base de una sutil mezcla de maderas, es un placer para los sentidos! Estate preparado para lo que pueda venir despu\u00e9s de que apliques unas gotas sobre tu piel. Con tan solo unas gotas las mujeres son m\u00e1gicamente atra\u00eddas!.<\/p>\n<p>Perfume de feromonas con aroma. Rociar el perfume en los puntos de pulsaci\u00f3n: cuello, nuca, nuca, parte posterior de las orejas y mu\u00f1ecas.<\/p>\n<p><u>Ingredientes<\/u>: Alcohol, Aqua (agua), Perfume (fragancia), Limoneno, Linalool, Canela, Citral, Citronellol, Eugenol, Geraniol.<\/p>\n<p>Frasco 50 ml.<\/p>\n<p>Fabricado en Francia.<\/p>","protected":false},"excerpt":{"rendered":"<p>RUF &#8211; TABOO LIBERTIN MALE PHEROMONES PERFUME 50ML<\/p>","protected":false},"featured_media":86479,"comment_status":"open","ping_status":"closed","template":"","meta":{"_eb_attr":""},"product_brand":[],"product_cat":[1163,1164,1166],"product_tag":[],"class_list":{"0":"post-3730","1":"product","2":"type-product","3":"status-publish","4":"has-post-thumbnail","6":"product_cat-drogueria","7":"product_cat-drogueria-perfumes","8":"product_cat-drogueria-perfumes-perfumes-feromonas-masculinas","9":"yith_product_brand-ruf","11":"first","12":"instock","13":"taxable","14":"shipping-taxable","15":"purchasable","16":"product-type-simple"},"_links":{"self":[{"href":"https:\/\/www.bananatreeshop.com\/pt\/wp-json\/wp\/v2\/product\/3730","targetHints":{"allow":["GET"]}}],"collection":[{"href":"https:\/\/www.bananatreeshop.com\/pt\/wp-json\/wp\/v2\/product"}],"about":[{"href":"https:\/\/www.bananatreeshop.com\/pt\/wp-json\/wp\/v2\/types\/product"}],"replies":[{"embeddable":true,"href":"https:\/\/www.bananatreeshop.com\/pt\/wp-json\/wp\/v2\/comments?post=3730"}],"wp:featuredmedia":[{"embeddable":true,"href":"https:\/\/www.bananatreeshop.com\/pt\/wp-json\/wp\/v2\/media\/86479"}],"wp:attachment":[{"href":"https:\/\/www.bananatreeshop.com\/pt\/wp-json\/wp\/v2\/media?parent=3730"}],"wp:term":[{"taxonomy":"product_brand","embeddable":true,"href":"https:\/\/www.bananatreeshop.com\/pt\/wp-json\/wp\/v2\/product_brand?post=3730"},{"taxonomy":"product_cat","embeddable":true,"href":"https:\/\/www.bananatreeshop.com\/pt\/wp-json\/wp\/v2\/product_cat?post=3730"},{"taxonomy":"product_tag","embeddable":true,"href":"https:\/\/www.bananatreeshop.com\/pt\/wp-json\/wp\/v2\/product_tag?post=3730"}],"curies":[{"name":"wp","href":"https:\/\/api.w.org\/{rel}","templated":true}]}}