{"id":37752,"date":"2025-07-17T08:01:55","date_gmt":"2025-07-17T08:01:55","guid":{"rendered":"https:\/\/www.bananatreeshop.com\/?post_type=product&#038;p=37752"},"modified":"2026-04-04T05:02:25","modified_gmt":"2026-04-04T05:02:25","slug":"satisfyer-double-wander-app-white","status":"publish","type":"product","link":"https:\/\/www.bananatreeshop.com\/pt\/produto\/satisfyer-double-wander-app-white\/","title":{"rendered":"SATISFYER &#8211; DOUBLE WANDER APP BLANCO"},"content":{"rendered":"<p>Nuestro Double Wand-er est\u00e1 dise\u00f1ado para ayudarte a explorar tu cuerpo con confianza. Equipado con dos cabezales intercambiables: un accesorio de masaje redondo cl\u00e1sico, as\u00ed como un accesorio para estimular el punto G o el punto A.<\/p>\n<p><strong>Informaci\u00f3n del producto &#8220;Double Wand-er&#8221;<\/strong><\/p>\n<ul>\n<li>Compatible con la aplicaci\u00f3n gratuita Satisfyer: disponible en iOS y Android<\/li>\n<li>Incluye 2 cabezales intercambiables<\/li>\n<li>Gracias a su acabado impermeable (IPX7), este juguete se puede utilizar de forma segura en el agua y es f\u00e1cil de limpiar<\/li>\n<li>Impresionante tama\u00f1o XXL<\/li>\n<li>51 combinaciones de vibraciones<\/li>\n<li>Silicona agradable al cuerpo<\/li>\n<li>15 a\u00f1os de garant\u00eda<\/li>\n<li>Resistente al agua (IPX7)<\/li>\n<li>Modo de susurro<\/li>\n<li>Bater\u00eda recargable de iones de litio<\/li>\n<li>Cable de carga magn\u00e9tico por USB incluido<\/li>\n<li>F\u00e1cil de limpiar<\/li>\n<\/ul>\n<p><strong>Satisfyer Double Wand-er: Masajeador con control de aplicaci\u00f3n<\/strong><\/p>\n<p>Disfrute de una relajaci\u00f3n profunda con Satisfyer Double Wand-er: el elegante masajeador blanco viene con 2 accesorios y es incre\u00edblemente vers\u00e1til. Incluye un accesorio intercambiable, que convierte el masajeador cl\u00e1sico en un punto G de punto A vibrador. El impresionante tama\u00f1o XXL hace que sea f\u00e1cil de usar y alcanza f\u00e1cilmente todos los puntos y curvas correctos que anhelan la relajaci\u00f3n y la estimulaci\u00f3n. La superficie del Satisfyer Double Wand-er est\u00e1 hecha de silicona flexible y agradable para el cuerpo, que embruja su piel con una sensaci\u00f3n delicada. Debido a que el masajeador es resistente al agua (IPX7), tambi\u00e9n puede usarlo en \u00e1reas h\u00famedas como la ducha o la ba\u00f1era, y limpiarlo f\u00e1cilmente con agua tibia y jab\u00f3n suave. Las bater\u00edas integradas se pueden recargar f\u00e1cilmente con el cable de carga USB incluido.<\/p>\n<p><strong>A\u00fan m\u00e1s divertido con la aplicaci\u00f3n Satisfyer Connect<\/strong><\/p>\n<p>Con la aplicaci\u00f3n Satisfyer Connect, el Satisfyer Double Wand-er no solo se puede controlar de forma remota: tambi\u00e9n puede crear sus propios programas de vibraci\u00f3n, realizar llamadas de video y audio con su pareja o crear patrones de vibraci\u00f3n basados en los sonidos circundantes. La aplicaci\u00f3n es gratuita y est\u00e1 disponible para Android, iOS y Apple Watches.<\/p>","protected":false},"excerpt":{"rendered":"<p>SATISFYER &#8211; DOUBLE WANDER APP WHITE<\/p>","protected":false},"featured_media":85947,"comment_status":"open","ping_status":"closed","template":"","meta":{"_eb_attr":""},"product_brand":[],"product_cat":[1250,1152,1153,1268,1159,1216],"product_tag":[],"class_list":{"0":"post-37752","1":"product","2":"type-product","3":"status-publish","4":"has-post-thumbnail","6":"product_cat-juguetes-bienestar-juguetes-para-mujeresestimuladores","7":"product_cat-juguetes-bienestar","8":"product_cat-juguetes-bienestar-juguetes-para-mujeres","9":"product_cat-juguetes-bienestar-vibradoresvibrador-wand","10":"product_cat-juguetes-bienestar-vibradores","11":"product_cat-juguetes-bienestar-vibradoresvibradores-con-app","12":"yith_product_brand-satisfyer","13":"yith_product_brand-satisfyer-satisfyer-wand","15":"first","16":"instock","17":"taxable","18":"shipping-taxable","19":"purchasable","20":"product-type-simple"},"_links":{"self":[{"href":"https:\/\/www.bananatreeshop.com\/pt\/wp-json\/wp\/v2\/product\/37752","targetHints":{"allow":["GET"]}}],"collection":[{"href":"https:\/\/www.bananatreeshop.com\/pt\/wp-json\/wp\/v2\/product"}],"about":[{"href":"https:\/\/www.bananatreeshop.com\/pt\/wp-json\/wp\/v2\/types\/product"}],"replies":[{"embeddable":true,"href":"https:\/\/www.bananatreeshop.com\/pt\/wp-json\/wp\/v2\/comments?post=37752"}],"wp:featuredmedia":[{"embeddable":true,"href":"https:\/\/www.bananatreeshop.com\/pt\/wp-json\/wp\/v2\/media\/85947"}],"wp:attachment":[{"href":"https:\/\/www.bananatreeshop.com\/pt\/wp-json\/wp\/v2\/media?parent=37752"}],"wp:term":[{"taxonomy":"product_brand","embeddable":true,"href":"https:\/\/www.bananatreeshop.com\/pt\/wp-json\/wp\/v2\/product_brand?post=37752"},{"taxonomy":"product_cat","embeddable":true,"href":"https:\/\/www.bananatreeshop.com\/pt\/wp-json\/wp\/v2\/product_cat?post=37752"},{"taxonomy":"product_tag","embeddable":true,"href":"https:\/\/www.bananatreeshop.com\/pt\/wp-json\/wp\/v2\/product_tag?post=37752"}],"curies":[{"name":"wp","href":"https:\/\/api.w.org\/{rel}","templated":true}]}}