{"id":37877,"date":"2025-07-08T20:01:15","date_gmt":"2025-07-08T20:01:15","guid":{"rendered":"https:\/\/www.bananatreeshop.com\/?post_type=product&#038;p=37877"},"modified":"2026-04-02T19:01:48","modified_gmt":"2026-04-02T19:01:48","slug":"pjur-power-premium-cream-personal-lubricant-150-ml","status":"publish","type":"product","link":"https:\/\/www.bananatreeshop.com\/pt\/produto\/pjur-power-premium-cream-personal-lubricant-150-ml\/","title":{"rendered":"PJUR &#8211; POWER PREMIUM CREAM PERSONAL LUBRICANT 150 ML"},"content":{"rendered":"<p>Lubricante para su placer \u00edntimo y personal de prolongada duraci\u00f3n.<\/p>\n<ul>\n<li>Pjur\u00ae Power es el lubricante mas potente en formato de crema<\/li>\n<li>Sus excelentes propiedades de deslizamiento hace que sea ideal tanto para relaciones anales como para usarlo con grandes juguetes.<\/li>\n<li>Por supuesto, Pjur\u00ae Power es totalmente seguro cuando se utiliza con condones de l\u00e1tex, y como un producto m\u00e9dico con certificaci\u00f3n CE.<\/li>\n<\/ul>\n<p>Es muy suave para la piel.<\/p>\n<p>Composici\u00f3n singular, de rendimiento muy grande, sin aceite ni grasa, sin perfumes, no altera el sabor ni el olor.<\/p>\n<p>F\u00e1cil de eliminar con agua y jab\u00f3n.<\/p>\n<p>No contienes ninguna sustancia espermicida.<\/p>\n<p>Ingredientes: Aqua, Glycerin, Ethoxydiglycol, Dimethicone, Dimethiconol, etc.<\/p>\n<p>Pjur<strong>\u00ae<\/strong> original es L\u00edder mundial en la fabricaci\u00f3n de lubricantes anales y vaginales, son de larga duraci\u00f3n, su fiabilidad y durabilidad es un referente en el sector<\/p>\n<p>Base de Agua<\/p>\n<p>Envase de 150 ml.<\/p>","protected":false},"excerpt":{"rendered":"<p>PJUR &#8211; POWER PREMIUM CREAM PERSONAL LUBRICANT 150 ML<\/p>","protected":false},"featured_media":54626,"comment_status":"open","ping_status":"closed","template":"","meta":{"_eb_attr":""},"product_brand":[],"product_cat":[1173,1174,1170,1163,1169],"product_tag":[],"class_list":{"0":"post-37877","1":"product","2":"type-product","3":"status-publish","4":"has-post-thumbnail","6":"product_cat-drogueria-lubricantesanal","7":"product_cat-drogueria-lubricantesanal-con-relajante","8":"product_cat-drogueria-lubricantesbase-agua","9":"product_cat-drogueria","10":"product_cat-drogueria-lubricantes","11":"yith_product_brand-pjur","13":"first","14":"instock","15":"taxable","16":"shipping-taxable","17":"purchasable","18":"product-type-simple"},"_links":{"self":[{"href":"https:\/\/www.bananatreeshop.com\/pt\/wp-json\/wp\/v2\/product\/37877","targetHints":{"allow":["GET"]}}],"collection":[{"href":"https:\/\/www.bananatreeshop.com\/pt\/wp-json\/wp\/v2\/product"}],"about":[{"href":"https:\/\/www.bananatreeshop.com\/pt\/wp-json\/wp\/v2\/types\/product"}],"replies":[{"embeddable":true,"href":"https:\/\/www.bananatreeshop.com\/pt\/wp-json\/wp\/v2\/comments?post=37877"}],"wp:featuredmedia":[{"embeddable":true,"href":"https:\/\/www.bananatreeshop.com\/pt\/wp-json\/wp\/v2\/media\/54626"}],"wp:attachment":[{"href":"https:\/\/www.bananatreeshop.com\/pt\/wp-json\/wp\/v2\/media?parent=37877"}],"wp:term":[{"taxonomy":"product_brand","embeddable":true,"href":"https:\/\/www.bananatreeshop.com\/pt\/wp-json\/wp\/v2\/product_brand?post=37877"},{"taxonomy":"product_cat","embeddable":true,"href":"https:\/\/www.bananatreeshop.com\/pt\/wp-json\/wp\/v2\/product_cat?post=37877"},{"taxonomy":"product_tag","embeddable":true,"href":"https:\/\/www.bananatreeshop.com\/pt\/wp-json\/wp\/v2\/product_tag?post=37877"}],"curies":[{"name":"wp","href":"https:\/\/api.w.org\/{rel}","templated":true}]}}