{"id":37973,"date":"2025-07-09T12:01:52","date_gmt":"2025-07-09T12:01:52","guid":{"rendered":"https:\/\/www.bananatreeshop.com\/?post_type=product&#038;p=37973"},"modified":"2026-04-12T09:57:38","modified_gmt":"2026-04-12T09:57:38","slug":"king-cock-plus-triple-threat-brown-skin-tone","status":"publish","type":"product","link":"https:\/\/www.bananatreeshop.com\/pt\/produto\/king-cock-plus-triple-threat-brown-skin-tone\/","title":{"rendered":"KING COCK &#8211; PLUS TRIPLE THREAT MARR\u00d3N"},"content":{"rendered":"<p>\u00a1Siente la diferencia! El King Cock Plus Thrusting Cock With Balls es realmente una triple amenaza que cuenta con un movimiento de empuje impulsado por un enorme motor, calentamiento interno hasta la temperatura corporal en minutos y poderosas vibraciones estimulantes para la mejor experiencia.<\/p>\n<p>El placer de empuje est\u00e1 dise\u00f1ado para ser naturalmente receptivo, masajeando cada uno de sus movimientos, r\u00e1pido o lento. La simple pulsaci\u00f3n de un bot\u00f3n activa las 7 funciones \u00fanicas del motor vibratorio, que est\u00e1 estrat\u00e9gicamente ubicado en la punta del dildo para un placer preciso interna y externamente.<\/p>\n<p>\u00a1Para una estimulaci\u00f3n \u00f3ptima, la vibraci\u00f3n din\u00e1mica combinada con la acci\u00f3n de empuje sensible y el calentamiento interno crea resultados org\u00e1smicos explosivos en todo momento!<\/p>\n<p>Informaci\u00f3n adicional<\/p>\n<ul>\n<li>Acci\u00f3n de empuje de 1 pulgada: la acci\u00f3n de empuje accionada por pist\u00f3n de 7 funciones empuja el consolador hasta 1 &#8216;(25 mm) de profundidad, empujando a todos esos lugares dif\u00edciles de alcanzar.<\/li>\n<li>Modo de calentamiento interno: El King Cock Plus Thrusting Cock tiene una funci\u00f3n de calentamiento que eleva el exterior de Fanta Flesh a la temperatura corporal en cuesti\u00f3n de minutos.<\/li>\n<li>Vibraci\u00f3n estimulante: Con solo tocar un bot\u00f3n puede activar los 7 modos de vibraci\u00f3n de estimulaci\u00f3n de la empujadora.<\/li>\n<li>Dimensi\u00f3n del producto\n<ul>\n<li>Motor: 10,5 x \u00d8 5,5 cm <\/li>\n<li>Consolador: 16,6 x \u00d8 3,6 cm<\/li>\n<li>Longitud total 27,1 cm<\/li>\n<li>Di\u00e1metro 3,6 cm<\/li>\n<li>Longitud insertable 14 cm<\/li>\n<\/ul>\n<\/li>\n<li>Vibrando S\u00ed<\/li>\n<li>Modos de vibraci\u00f3n 4<\/li>\n<li>Modos de velocidad 3<\/li>\n<li>Bodysafe S\u00ed<\/li>\n<li>Material TPE  Pl\u00e1stico ABS<\/li>\n<li>Recargable S\u00ed<\/li>\n<li>Tiempo de carga en minutos 150<\/li>\n<li>Tiempo de funcionamiento en minutos 25<\/li>\n<li>Se calienta S\u00ed<\/li>\n<\/ul>","protected":false},"excerpt":{"rendered":"<p>KING COCK &#8211; PLUS TRIPLE THREAT BROWN SKIN TONE<\/p>","protected":false},"featured_media":58202,"comment_status":"open","ping_status":"closed","template":"","meta":{"_eb_attr":""},"product_brand":[],"product_cat":[1152,1159,1251,1233],"product_tag":[],"class_list":{"0":"post-37973","1":"product","2":"type-product","3":"status-publish","4":"has-post-thumbnail","6":"product_cat-juguetes-bienestar","7":"product_cat-juguetes-bienestar-vibradores","8":"product_cat-juguetes-bienestar-vibradoresvibradores-hi-tech","9":"product_cat-juguetes-bienestar-vibradoresvibradores-realisticos","10":"yith_product_brand-pipedreamsking-cock-plus","11":"yith_product_brand-pipedreams","13":"first","14":"instock","15":"taxable","16":"shipping-taxable","17":"purchasable","18":"product-type-simple"},"_links":{"self":[{"href":"https:\/\/www.bananatreeshop.com\/pt\/wp-json\/wp\/v2\/product\/37973","targetHints":{"allow":["GET"]}}],"collection":[{"href":"https:\/\/www.bananatreeshop.com\/pt\/wp-json\/wp\/v2\/product"}],"about":[{"href":"https:\/\/www.bananatreeshop.com\/pt\/wp-json\/wp\/v2\/types\/product"}],"replies":[{"embeddable":true,"href":"https:\/\/www.bananatreeshop.com\/pt\/wp-json\/wp\/v2\/comments?post=37973"}],"wp:featuredmedia":[{"embeddable":true,"href":"https:\/\/www.bananatreeshop.com\/pt\/wp-json\/wp\/v2\/media\/58202"}],"wp:attachment":[{"href":"https:\/\/www.bananatreeshop.com\/pt\/wp-json\/wp\/v2\/media?parent=37973"}],"wp:term":[{"taxonomy":"product_brand","embeddable":true,"href":"https:\/\/www.bananatreeshop.com\/pt\/wp-json\/wp\/v2\/product_brand?post=37973"},{"taxonomy":"product_cat","embeddable":true,"href":"https:\/\/www.bananatreeshop.com\/pt\/wp-json\/wp\/v2\/product_cat?post=37973"},{"taxonomy":"product_tag","embeddable":true,"href":"https:\/\/www.bananatreeshop.com\/pt\/wp-json\/wp\/v2\/product_tag?post=37973"}],"curies":[{"name":"wp","href":"https:\/\/api.w.org\/{rel}","templated":true}]}}