{"id":38094,"date":"2025-07-08T19:00:43","date_gmt":"2025-07-08T19:00:43","guid":{"rendered":"https:\/\/www.bananatreeshop.com\/?post_type=product&#038;p=38094"},"modified":"2026-04-05T08:11:22","modified_gmt":"2026-04-05T08:11:22","slug":"waterfeel-sugar-cloud-lubricant-175-ml","status":"publish","type":"product","link":"https:\/\/www.bananatreeshop.com\/pt\/produto\/waterfeel-sugar-cloud-lubricant-175-ml\/","title":{"rendered":"WATERFEEL &#8211; LUBRICANTE NUBE DE AZ\u00daCAR 175 ML"},"content":{"rendered":"<p>A veces m\u00e1s&#8230;\u00a1es mejor! La sensaci\u00f3n, textura, larga duraci\u00f3n y delicioso sabor de siempre.. \u00a1en un nuevo formato!<\/p>\n<p><strong>Waterfeel<\/strong>, la marca de lubricantes de referencia del mercado de lubricantes, con millones de unidades vendidas en los \u00faltimos a\u00f1os presenta sus lubricantes de siempre en un nuevo formato de 175 ml y nuevo tap\u00f3n de bloqueo.\u00a0<\/p>\n<p>Su textura y lubricaci\u00f3n de larga duraci\u00f3n, hacen que sea perfecto para lubricar durante largos periodos de tiempo, para aplicar un sensual masaje a tu pareja, y, sobre todo, para el sexo oral gracias a su exquisito e intenso sabor.\u00a0Su limpieza, adem\u00e1s, no es un problema ya que no mancha ni es pegajoso, limpiandose\u00a0f\u00e1cilmente tan solo aplicando un poco de agua.\u00a0<\/p>\n<ul>\n<li>Lubricante sabor a Nubes de az\u00facar\u00a0<\/li>\n<li>Base agua\u00a0<\/li>\n<li>Con tap\u00f3n de bloqueo, ll\u00e9valo a cualquier parte con seguridad.\u00a0<\/li>\n<li>F\u00e1cil limpieza\u00a0<\/li>\n<li>Compatible con preservativos de l\u00e1tex\u00a0<\/li>\n<li>Formato: 175 ml<\/li>\n<\/ul>\n<p>Una buena lubricaci\u00f3n es elemental y sin\u00f3nimo de \u00e9xito en las\u00a0relaciones de pareja. Con\u00a0<strong>Waterfeel<\/strong>, deja que todo fluya, maximiza el placer y&#8230;\u00a1si\u00e9ntelo todo!<\/p>\n<p>\u00a0<\/p>","protected":false},"excerpt":{"rendered":"<p>PACKAGING DISPONIBLE EN: \/es\/en\/de\/fr\/po\/it\/pt\/el\/ru\/<\/p>","protected":false},"featured_media":54380,"comment_status":"open","ping_status":"closed","template":"","meta":{"_eb_attr":""},"product_brand":[],"product_cat":[1172,1163,1169],"product_tag":[],"class_list":{"0":"post-38094","1":"product","2":"type-product","3":"status-publish","4":"has-post-thumbnail","6":"product_cat-drogueria-lubricantescon-deliciosos-sabores","7":"product_cat-drogueria","8":"product_cat-drogueria-lubricantes","9":"yith_product_brand-waterfeel","11":"first","12":"instock","13":"taxable","14":"shipping-taxable","15":"purchasable","16":"product-type-simple"},"_links":{"self":[{"href":"https:\/\/www.bananatreeshop.com\/pt\/wp-json\/wp\/v2\/product\/38094","targetHints":{"allow":["GET"]}}],"collection":[{"href":"https:\/\/www.bananatreeshop.com\/pt\/wp-json\/wp\/v2\/product"}],"about":[{"href":"https:\/\/www.bananatreeshop.com\/pt\/wp-json\/wp\/v2\/types\/product"}],"replies":[{"embeddable":true,"href":"https:\/\/www.bananatreeshop.com\/pt\/wp-json\/wp\/v2\/comments?post=38094"}],"wp:featuredmedia":[{"embeddable":true,"href":"https:\/\/www.bananatreeshop.com\/pt\/wp-json\/wp\/v2\/media\/54380"}],"wp:attachment":[{"href":"https:\/\/www.bananatreeshop.com\/pt\/wp-json\/wp\/v2\/media?parent=38094"}],"wp:term":[{"taxonomy":"product_brand","embeddable":true,"href":"https:\/\/www.bananatreeshop.com\/pt\/wp-json\/wp\/v2\/product_brand?post=38094"},{"taxonomy":"product_cat","embeddable":true,"href":"https:\/\/www.bananatreeshop.com\/pt\/wp-json\/wp\/v2\/product_cat?post=38094"},{"taxonomy":"product_tag","embeddable":true,"href":"https:\/\/www.bananatreeshop.com\/pt\/wp-json\/wp\/v2\/product_tag?post=38094"}],"curies":[{"name":"wp","href":"https:\/\/api.w.org\/{rel}","templated":true}]}}