{"id":38097,"date":"2025-07-10T13:01:06","date_gmt":"2025-07-10T13:01:06","guid":{"rendered":"https:\/\/www.bananatreeshop.com\/?post_type=product&#038;p=38097"},"modified":"2026-04-17T19:03:39","modified_gmt":"2026-04-17T19:03:39","slug":"rocks-off-discover-anal-stimulator-black","status":"publish","type":"product","link":"https:\/\/www.bananatreeshop.com\/pt\/produto\/rocks-off-discover-anal-stimulator-black\/","title":{"rendered":"ROCKS-OFF &#8211; DISCOVER ESTIMULADOR ANAL &#8211; NEGRO"},"content":{"rendered":"<p>Discover ha sido exquisitamente dise\u00f1ado para llevarte a un viaje de seductora exploraci\u00f3n anal.La firme base en toque aterciopelado generar\u00e1 profundas vibraciones pulsantes para provocar y deleitar tus nalgas mientras tu cuerpo se aferra al delgado cuello permitiendo que la parte larga contorneada se deslice perfectamente hacia su posici\u00f3n.Usa el mando a distancia para cambiar los ajustes o entr\u00e9gale el poder a tu pareja para que elija el nivel placer. Siente c\u00f3mo aumenta tu pasi\u00f3n con cada emocionante vibraci\u00f3n mientras la esbelta parte larga y la punta c\u00f3nica de Discover palpitan ingeniosamente y te hacen llegar al cl\u00edmax. Date el gusto &#8230;&#8230;&#8230; es hora de descubrir.<\/p>\n<ul>\n<li>Mando a distancia<\/li>\n<li>Silicona de grado m\u00e9dico en toque aterciopelado sensorial<\/li>\n<li>10 niveles de vibraci\u00f3n y pulsaci\u00f3n muy potentes<\/li>\n<li>Estimulaci\u00f3n interna y externa<\/li>\n<li>Cuello c\u00f3nico con dilatador contorneado<\/li>\n<li>100 % resistente al agua<\/li>\n<li>Carga magn\u00e9tica USB<\/li>\n<li>1 hora de carga para 1 hora de juego<\/li>\n<li>ON\/OFF en 3 segundos<\/li>\n<\/ul>\n<p>Los productos Rocks-Off se fabrican con materiales seguros para el cuerpo, cumplen con el m\u00e1s alto nivel de conformidad y, a menos que se indique lo contrario, se prueban al 100% a prueba de agua y son completamente sumergibles. Cada producto viene con un n\u00famero de registro \u00fanico que brinda tanto a los proveedores como a los clientes una garant\u00eda total de satisfacci\u00f3n del producto sin objeciones.<\/p>","protected":false},"excerpt":{"rendered":"<p>ROCKS-OFF &#8211; DISCOVER ANAL STIMULATOR &#8211; BLACK<\/p>","protected":false},"featured_media":63466,"comment_status":"open","ping_status":"closed","template":"","meta":{"_eb_attr":""},"product_brand":[],"product_cat":[1159,1161],"product_tag":[],"class_list":{"0":"post-38097","1":"product","2":"type-product","3":"status-publish","4":"has-post-thumbnail","6":"product_cat-juguetes-bienestar-vibradores","7":"product_cat-juguetes-bienestar-vibradoresvibradores-control-remoto","8":"yith_product_brand-rocks-off","10":"first","11":"instock","12":"taxable","13":"shipping-taxable","14":"purchasable","15":"product-type-simple"},"_links":{"self":[{"href":"https:\/\/www.bananatreeshop.com\/pt\/wp-json\/wp\/v2\/product\/38097","targetHints":{"allow":["GET"]}}],"collection":[{"href":"https:\/\/www.bananatreeshop.com\/pt\/wp-json\/wp\/v2\/product"}],"about":[{"href":"https:\/\/www.bananatreeshop.com\/pt\/wp-json\/wp\/v2\/types\/product"}],"replies":[{"embeddable":true,"href":"https:\/\/www.bananatreeshop.com\/pt\/wp-json\/wp\/v2\/comments?post=38097"}],"wp:featuredmedia":[{"embeddable":true,"href":"https:\/\/www.bananatreeshop.com\/pt\/wp-json\/wp\/v2\/media\/63466"}],"wp:attachment":[{"href":"https:\/\/www.bananatreeshop.com\/pt\/wp-json\/wp\/v2\/media?parent=38097"}],"wp:term":[{"taxonomy":"product_brand","embeddable":true,"href":"https:\/\/www.bananatreeshop.com\/pt\/wp-json\/wp\/v2\/product_brand?post=38097"},{"taxonomy":"product_cat","embeddable":true,"href":"https:\/\/www.bananatreeshop.com\/pt\/wp-json\/wp\/v2\/product_cat?post=38097"},{"taxonomy":"product_tag","embeddable":true,"href":"https:\/\/www.bananatreeshop.com\/pt\/wp-json\/wp\/v2\/product_tag?post=38097"}],"curies":[{"name":"wp","href":"https:\/\/api.w.org\/{rel}","templated":true}]}}