{"id":38448,"date":"2025-07-08T16:01:58","date_gmt":"2025-07-08T16:01:58","guid":{"rendered":"https:\/\/www.bananatreeshop.com\/?post_type=product&#038;p=38448"},"modified":"2026-04-14T17:03:14","modified_gmt":"2026-04-14T17:03:14","slug":"watchme-wireless-technology-watch-jet-black-and-copper","status":"publish","type":"product","link":"https:\/\/www.bananatreeshop.com\/pt\/produto\/watchme-wireless-technology-watch-jet-black-and-copper\/","title":{"rendered":"WATCHME &#8211; RELOJ CONTROL REMOTO WIRELESS TECHNOLOGY AZABACHE Y COBRE"},"content":{"rendered":"<p>Un paseo picante, un deporte atrevido, una cena rom\u00e1ntica&#8230;. Toma el\u00a0 control o deja que lo tome otro. \u00dasalo en la playa, en el parque, en casa, a solas o en pareja. Transforma cualquier actividad cotidiana en una nueva experiencia llena de placer. \u00a1Dise\u00f1o urbano para divertirte d\u00f3nde c\u00f3mo y cu\u00e1ndo quieras!\u00a0<\/p>\n<p>Es un reloj inteligente sexual que te ayudar\u00e1 a controlar los juguetes sexuales con\u00a0<strong>Watchme Wireless Technology.\u00a0<\/strong>Podemos sincronizarlos con los juguetes sexuales que utilicen la tecnolog\u00eda watchme para controlar las vibraciones y las funciones de nuestro sextoy .<\/p>\n<ul>\n<li>100% bodysafe\u00a0<\/li>\n<li>Suave silicona\u00a0<\/li>\n<li>Sumergible\u00a0IPX7\u00a0<\/li>\n<\/ul>\n<p>Funciones de un reloj\u00a0<strong>WATCHME<\/strong><\/p>\n<ul>\n<li>Activar \/ Desactivar la vibraci\u00f3n.<\/li>\n<li>Modificar los modos de vibraci\u00f3n<\/li>\n<li>Modificar las intensidades en cada modo de vibraci\u00f3n.<\/li>\n<\/ul>","protected":false},"excerpt":{"rendered":"<p>WATCHME &#8211; WIRELESS TECHNOLOGY WATCH JET BLACK AND COPPER<\/p>","protected":false},"featured_media":53858,"comment_status":"open","ping_status":"closed","template":"","meta":{"_eb_attr":""},"product_brand":[],"product_cat":[1159,1161,1251],"product_tag":[],"class_list":{"0":"post-38448","1":"product","2":"type-product","3":"status-publish","4":"has-post-thumbnail","6":"product_cat-juguetes-bienestar-vibradores","7":"product_cat-juguetes-bienestar-vibradoresvibradores-control-remoto","8":"product_cat-juguetes-bienestar-vibradoresvibradores-hi-tech","9":"yith_product_brand-watchme","11":"first","12":"instock","13":"taxable","14":"shipping-taxable","15":"purchasable","16":"product-type-simple"},"_links":{"self":[{"href":"https:\/\/www.bananatreeshop.com\/pt\/wp-json\/wp\/v2\/product\/38448","targetHints":{"allow":["GET"]}}],"collection":[{"href":"https:\/\/www.bananatreeshop.com\/pt\/wp-json\/wp\/v2\/product"}],"about":[{"href":"https:\/\/www.bananatreeshop.com\/pt\/wp-json\/wp\/v2\/types\/product"}],"replies":[{"embeddable":true,"href":"https:\/\/www.bananatreeshop.com\/pt\/wp-json\/wp\/v2\/comments?post=38448"}],"wp:featuredmedia":[{"embeddable":true,"href":"https:\/\/www.bananatreeshop.com\/pt\/wp-json\/wp\/v2\/media\/53858"}],"wp:attachment":[{"href":"https:\/\/www.bananatreeshop.com\/pt\/wp-json\/wp\/v2\/media?parent=38448"}],"wp:term":[{"taxonomy":"product_brand","embeddable":true,"href":"https:\/\/www.bananatreeshop.com\/pt\/wp-json\/wp\/v2\/product_brand?post=38448"},{"taxonomy":"product_cat","embeddable":true,"href":"https:\/\/www.bananatreeshop.com\/pt\/wp-json\/wp\/v2\/product_cat?post=38448"},{"taxonomy":"product_tag","embeddable":true,"href":"https:\/\/www.bananatreeshop.com\/pt\/wp-json\/wp\/v2\/product_tag?post=38448"}],"curies":[{"name":"wp","href":"https:\/\/api.w.org\/{rel}","templated":true}]}}