{"id":38541,"date":"2025-07-09T18:00:30","date_gmt":"2025-07-09T18:00:30","guid":{"rendered":"https:\/\/www.bananatreeshop.com\/?post_type=product&#038;p=38541"},"modified":"2026-04-16T22:03:59","modified_gmt":"2026-04-16T22:03:59","slug":"satisfyer-3-masturbator-eggs-savage","status":"publish","type":"product","link":"https:\/\/www.bananatreeshop.com\/pt\/produto\/satisfyer-3-masturbator-eggs-savage\/","title":{"rendered":"SATISFYER &#8211; 3 HUEVOS MASTURBADORES SAVAGE"},"content":{"rendered":"<p>Llega la nueva y revolucionaria serie de huevos masturbadores EGGCITED de Satisfyer.\u00a0<\/p>\n<p>De material flexible, estos huevos mastubadores est\u00e1n fabricados con Hydro-Active, revolucionario material con el que no\u00a0ser\u00e1 necesario el uso de lubricante, tan solo aplica un poco de agua y la sensaci\u00f3n ser\u00e1 completamente realista y por supuesto, deslizante y placentera.\u00a0<\/p>\n<p>De material muy flexible y texturado en su interior, consigue estimular al m\u00e1ximo ya que puede estirar y llegar a lo largo de todo el miembro.\u00a0<\/p>\n<ul>\n<li>Pack 3 unidades de huevos masturbadores: SAVAGE<\/li>\n<li>Material:\u00a0TPE Hydro-Active<\/li>\n<li>Placenteras texturas en su interior\u00a0<\/li>\n<li>Muy flexible\u00a0<\/li>\n<li>No necesita lubricaci\u00f3n adicional\u00a0<\/li>\n<\/ul>\n<p>\u00a0<\/p>","protected":false},"excerpt":{"rendered":"<p>SATISFYER &#8211; 3 MASTURBATOR EGGS SAVAGE<\/p>","protected":false},"featured_media":59556,"comment_status":"open","ping_status":"closed","template":"","meta":{"_eb_attr":""},"product_brand":[],"product_cat":[1152,1217,1240,1239],"product_tag":[],"class_list":{"0":"post-38541","1":"product","2":"type-product","3":"status-publish","4":"has-post-thumbnail","6":"product_cat-juguetes-bienestar","7":"product_cat-juguetes-bienestar-juguetes-para-hombres","8":"product_cat-juguetes-bienestar-kits-juguetes-sexuales","9":"product_cat-juguetes-bienestar-juguetes-para-hombresmasturbadores-varios","10":"yith_product_brand-satisfyer","11":"yith_product_brand-satisfyer-satisfyer-eggs","13":"first","14":"instock","15":"taxable","16":"shipping-taxable","17":"purchasable","18":"product-type-simple"},"_links":{"self":[{"href":"https:\/\/www.bananatreeshop.com\/pt\/wp-json\/wp\/v2\/product\/38541","targetHints":{"allow":["GET"]}}],"collection":[{"href":"https:\/\/www.bananatreeshop.com\/pt\/wp-json\/wp\/v2\/product"}],"about":[{"href":"https:\/\/www.bananatreeshop.com\/pt\/wp-json\/wp\/v2\/types\/product"}],"replies":[{"embeddable":true,"href":"https:\/\/www.bananatreeshop.com\/pt\/wp-json\/wp\/v2\/comments?post=38541"}],"wp:featuredmedia":[{"embeddable":true,"href":"https:\/\/www.bananatreeshop.com\/pt\/wp-json\/wp\/v2\/media\/59556"}],"wp:attachment":[{"href":"https:\/\/www.bananatreeshop.com\/pt\/wp-json\/wp\/v2\/media?parent=38541"}],"wp:term":[{"taxonomy":"product_brand","embeddable":true,"href":"https:\/\/www.bananatreeshop.com\/pt\/wp-json\/wp\/v2\/product_brand?post=38541"},{"taxonomy":"product_cat","embeddable":true,"href":"https:\/\/www.bananatreeshop.com\/pt\/wp-json\/wp\/v2\/product_cat?post=38541"},{"taxonomy":"product_tag","embeddable":true,"href":"https:\/\/www.bananatreeshop.com\/pt\/wp-json\/wp\/v2\/product_tag?post=38541"}],"curies":[{"name":"wp","href":"https:\/\/api.w.org\/{rel}","templated":true}]}}