{"id":38554,"date":"2025-07-16T22:01:29","date_gmt":"2025-07-16T22:01:29","guid":{"rendered":"https:\/\/www.bananatreeshop.com\/?post_type=product&#038;p=38554"},"modified":"2026-04-16T06:02:02","modified_gmt":"2026-04-16T06:02:02","slug":"bathmate-prostate-pro-perineum-massager","status":"publish","type":"product","link":"https:\/\/www.bananatreeshop.com\/pt\/produto\/bathmate-prostate-pro-perineum-massager\/","title":{"rendered":"BATHMATE &#8211; PROSTATE PRO MASAJEADOR PR\u00d3STATA Y PERINEO"},"content":{"rendered":"<p><strong>\u00a1Llevando el placer masculino al siguiente nivel!<\/strong><\/p>\n<p>Dise\u00f1ado con la ergonom\u00eda y el placer en primer lugar, podr\u00e1 lograr orgasmos intensos que cambiar\u00e1n su visi\u00f3n de cu\u00e1n satisfactorio puede ser un cl\u00edmax masculino. La pr\u00f3stata es realmente un interruptor de palanca para orgasmos m\u00e1s intensos.<\/p>\n<p>El punto G masculino ahora se puede estimular de forma remota, con m\u00e1s de 30 patrones de vibraci\u00f3n alimentados por 3 potentes motores que est\u00e1n envueltos en nuestra silicona s\u00faper suave y segura para el cuerpo.<\/p>\n<p>Tanto el masajeador como el control remoto son resistentes al agua IPX7, lo que significa que puedes disfrutar de sus inigualables sensaciones en la ducha y el ba\u00f1o.<\/p>\n<p>Despu\u00e9s de la diversi\u00f3n, simplemente l\u00edmpielo y gu\u00e1rdelo en el estuche de lujo provisto, listo para la siguiente ronda.<\/p>\n<ul>\n<li>Control remoto<\/li>\n<li>Estimulaci\u00f3n dual para pr\u00f3stata y perineo<\/li>\n<li>Hecho de silicona segura para el cuerpo<\/li>\n<li>Dise\u00f1o ergon\u00f3mico<\/li>\n<li>IPX7 \/ 100% Waterproof<\/li>\n<li>30 patrones de vibraci\u00f3n impulsados por un motor triple<\/li>\n<li>Tiempo de funcionamiento &#8211; 60 minutos<\/li>\n<li>USB Recargable (Cable Incluido)<\/li>\n<li>Estuche lujoso<\/li>\n<\/ul>","protected":false},"excerpt":{"rendered":"<p>BATHMATE &#8211; PROSTATE PRO PERINEUM MASSAGER<\/p>","protected":false},"featured_media":84323,"comment_status":"open","ping_status":"closed","template":"","meta":{"_eb_attr":""},"product_brand":[],"product_cat":[1159,1161],"product_tag":[],"class_list":{"0":"post-38554","1":"product","2":"type-product","3":"status-publish","4":"has-post-thumbnail","6":"product_cat-juguetes-bienestar-vibradores","7":"product_cat-juguetes-bienestar-vibradoresvibradores-control-remoto","8":"yith_product_brand-bathmate","10":"first","11":"instock","12":"taxable","13":"shipping-taxable","14":"purchasable","15":"product-type-simple"},"_links":{"self":[{"href":"https:\/\/www.bananatreeshop.com\/pt\/wp-json\/wp\/v2\/product\/38554","targetHints":{"allow":["GET"]}}],"collection":[{"href":"https:\/\/www.bananatreeshop.com\/pt\/wp-json\/wp\/v2\/product"}],"about":[{"href":"https:\/\/www.bananatreeshop.com\/pt\/wp-json\/wp\/v2\/types\/product"}],"replies":[{"embeddable":true,"href":"https:\/\/www.bananatreeshop.com\/pt\/wp-json\/wp\/v2\/comments?post=38554"}],"wp:featuredmedia":[{"embeddable":true,"href":"https:\/\/www.bananatreeshop.com\/pt\/wp-json\/wp\/v2\/media\/84323"}],"wp:attachment":[{"href":"https:\/\/www.bananatreeshop.com\/pt\/wp-json\/wp\/v2\/media?parent=38554"}],"wp:term":[{"taxonomy":"product_brand","embeddable":true,"href":"https:\/\/www.bananatreeshop.com\/pt\/wp-json\/wp\/v2\/product_brand?post=38554"},{"taxonomy":"product_cat","embeddable":true,"href":"https:\/\/www.bananatreeshop.com\/pt\/wp-json\/wp\/v2\/product_cat?post=38554"},{"taxonomy":"product_tag","embeddable":true,"href":"https:\/\/www.bananatreeshop.com\/pt\/wp-json\/wp\/v2\/product_tag?post=38554"}],"curies":[{"name":"wp","href":"https:\/\/api.w.org\/{rel}","templated":true}]}}