{"id":38670,"date":"2025-07-17T20:00:46","date_gmt":"2025-07-17T20:00:46","guid":{"rendered":"https:\/\/www.bananatreeshop.com\/?post_type=product&#038;p=38670"},"modified":"2026-04-04T05:04:55","modified_gmt":"2026-04-04T05:04:55","slug":"satisfyer-curvy-trinity-3-air-pulse-vibrator-grey","status":"publish","type":"product","link":"https:\/\/www.bananatreeshop.com\/pt\/produto\/satisfyer-curvy-trinity-3-air-pulse-vibrator-grey\/","title":{"rendered":"SATISFYER &#8211; CURVY TRINITY 3 ESTIMULADOR Y VIBRADOR GRIS"},"content":{"rendered":"<p>Gracias a sus 3 motores, el Satisfyer Curvy Trinity 3 fabricado en silicona acariciar\u00e1 todas tus zonas m\u00e1s calientes: Util\u00edzalo como vibrador de contacto, succionador de cl\u00edtoris o vibrador del punto G para disfrutar de la m\u00e1xima versatilidad en tus momentos a solas.<\/p>\n<ul>\n<li>Estimulaci\u00f3n de cl\u00edtoris por medio de ondas de presi\u00f3n y estimulaci\u00f3n del punto G mediante vibraciones<\/li>\n<li>Fabricado con silicona m\u00e9dica s\u00faper suave e inocua para la piel y con un tacto sedoso y extremadamente higi\u00e9nico<\/li>\n<li>Gracias a su acabado impermeable (IPX7), este dispositivo de bienestar sexual se puede utilizar de forma segura en el agua y es f\u00e1cil de limpiar<\/li>\n<li>15 a\u00f1os de garant\u00eda<\/li>\n<li>2 motores con control independiente<\/li>\n<li>11 intensidades de onda de presi\u00f3n + 12 programas de vibraci\u00f3n<\/li>\n<li>Silicona inocua para el cuerpo Impermeable (IPX7)<\/li>\n<li>Modo susurro<\/li>\n<li>Bater\u00eda de iones de litio<\/li>\n<li>Cable de carga magn\u00e9tico USB incluido<\/li>\n<li>F\u00e1cil de limpiar<\/li>\n<\/ul>\n<p><strong>Pura variedad con Satisfyer Curvy Trinity 3 <\/strong><\/p>\n<p>Ya no tendr\u00e1s que elegir entre un vibrador del punto G, un vibrador de ondas de presi\u00f3n o un vibrador de contacto: \u00a1cons\u00edguelo todo en un solo Satisfyer! Por algo el Curvy Trinity 3 lleva su nombre, pues es un vibrador multifuncional cuyo \u00fanico objetivo es llevarla al orgasmo. Dotado de 3 motores, posee las mejores caracter\u00edsticas para una pura variedad con un gran factor de satisfacci\u00f3n. Sus 11 programas de ondas de presi\u00f3n y sus 12 programas de vibraci\u00f3n se pueden controlar por separado o combinarse entre s\u00ed.<\/p>\n<p><strong>Dispositivo multifuncional que atrae todas las miradas <\/strong><\/p>\n<p>El eje suave y firme resulta ideal para darte un amplio masaje del punto G. Para la estimulaci\u00f3n del cl\u00edtoris, puedes utilizar el Curvy Trinity 3 como succionador de cl\u00edtoris gracias a sus ondas de presi\u00f3n. Adem\u00e1s, debido a su forma curvada, esta fantas\u00eda tambi\u00e9n se puede utilizar como vibrador de contacto. La silicona inocua para la piel no solamente se siente incre\u00edblemente agradable sobre la piel, sino que tambi\u00e9n es particularmente higi\u00e9nica. Para una mayor libertad durante las sesiones de placer, podr\u00e1s llevarte el Curvy Trinity 3 a la ba\u00f1era o bajo la ducha, ya que este generador de placer es impermeable (IPX7). Las bater\u00edas recargables integradas no solo permiten ahorrar dinero y la molesta tarea de cambiar las pilas, sino que tambi\u00e9n se pueden recargar f\u00e1cilmente con el cable de carga USB incluido.<\/p>","protected":false},"excerpt":{"rendered":"<p>SATISFYER &#8211; CURVY TRINITY 3 AIR PULSE VIBRATOR GREY<\/p>","protected":false},"featured_media":86239,"comment_status":"open","ping_status":"closed","template":"","meta":{"_eb_attr":""},"product_brand":[],"product_cat":[1250,1152,1153,1260,1449,1159,1263],"product_tag":[],"class_list":{"0":"post-38670","1":"product","2":"type-product","3":"status-publish","4":"has-post-thumbnail","6":"product_cat-juguetes-bienestar-juguetes-para-mujeresestimuladores","7":"product_cat-juguetes-bienestar","8":"product_cat-juguetes-bienestar-juguetes-para-mujeres","9":"product_cat-juguetes-bienestar-juguetes-para-mujeresestimuladorespara-clitoris","10":"product_cat-juguetes-bienestar-juguetes-para-mujeresestimuladoressuccionadores-con-vibracion","11":"product_cat-juguetes-bienestar-vibradores","12":"product_cat-juguetes-bienestar-vibradoresvibradores-succionadores-ondas-presion","13":"yith_product_brand-satisfyer","14":"yith_product_brand-satisfyer-satisfyer-air-pulse","16":"first","17":"instock","18":"taxable","19":"shipping-taxable","20":"purchasable","21":"product-type-simple"},"_links":{"self":[{"href":"https:\/\/www.bananatreeshop.com\/pt\/wp-json\/wp\/v2\/product\/38670","targetHints":{"allow":["GET"]}}],"collection":[{"href":"https:\/\/www.bananatreeshop.com\/pt\/wp-json\/wp\/v2\/product"}],"about":[{"href":"https:\/\/www.bananatreeshop.com\/pt\/wp-json\/wp\/v2\/types\/product"}],"replies":[{"embeddable":true,"href":"https:\/\/www.bananatreeshop.com\/pt\/wp-json\/wp\/v2\/comments?post=38670"}],"wp:featuredmedia":[{"embeddable":true,"href":"https:\/\/www.bananatreeshop.com\/pt\/wp-json\/wp\/v2\/media\/86239"}],"wp:attachment":[{"href":"https:\/\/www.bananatreeshop.com\/pt\/wp-json\/wp\/v2\/media?parent=38670"}],"wp:term":[{"taxonomy":"product_brand","embeddable":true,"href":"https:\/\/www.bananatreeshop.com\/pt\/wp-json\/wp\/v2\/product_brand?post=38670"},{"taxonomy":"product_cat","embeddable":true,"href":"https:\/\/www.bananatreeshop.com\/pt\/wp-json\/wp\/v2\/product_cat?post=38670"},{"taxonomy":"product_tag","embeddable":true,"href":"https:\/\/www.bananatreeshop.com\/pt\/wp-json\/wp\/v2\/product_tag?post=38670"}],"curies":[{"name":"wp","href":"https:\/\/api.w.org\/{rel}","templated":true}]}}