{"id":38889,"date":"2025-07-24T04:01:00","date_gmt":"2025-07-24T04:01:00","guid":{"rendered":"https:\/\/www.bananatreeshop.com\/?post_type=product&#038;p=38889"},"modified":"2026-04-13T17:48:42","modified_gmt":"2026-04-13T17:48:42","slug":"satisfyer-sweet-seal-vibrating-plug-app-violet","status":"publish","type":"product","link":"https:\/\/www.bananatreeshop.com\/pt\/produto\/satisfyer-sweet-seal-vibrating-plug-app-violet\/","title":{"rendered":"SATISFYER &#8211; SWEET SEAL PLUG VIBRADOR APP VIOLETA"},"content":{"rendered":"<p>SATISFYER SWEET SEAL PLUG VIBRADOR<\/p>\n<p><strong>Informaci\u00f3n del producto &#8220;SWEET SEAL&#8221;<\/strong><\/p>\n<ul>\n<li>Compatible con la aplicaci\u00f3n gratuita Satisfyer &#8211; Disponible en iOS y Android<\/li>\n<li>Unisex, apto para todos los g\u00e9neros<\/li>\n<li>15 a\u00f1os de garant\u00eda<\/li>\n<li>Tambi\u00e9n se puede utilizar sin la aplicaci\u00f3n<\/li>\n<li>Vibraci\u00f3n profunda s\u00faper fuerte<\/li>\n<li>Los programas preestablecidos se pueden editar<\/li>\n<li>Silicona amigable con el cuerpo<\/li>\n<li>La aplicaci\u00f3n ofrece una gama interminable de programas<\/li>\n<li>Impermeable (IPX7)<\/li>\n<li>Modo Susurro<\/li>\n<li>Bater\u00eda recargable de iones de litio<\/li>\n<li>Cable de carga USB magn\u00e9tico incluido<\/li>\n<li>F\u00e1cil de limpiar<\/li>\n<\/ul>\n<p><strong>Qu\u00e9 otras excelentes caracter\u00edsticas tiene el vibrador anal controlado por aplicaciones?<\/strong><\/p>\n<p>El Satisfyer\u00a0SWEET SEAL\u00a0est\u00e1 hecho de silicona suave y amigable con el cuerpo y es f\u00e1cil de insertar gracias a su superficie lisa. La amplia base tambi\u00e9n funciona como un asa y garantiza un juego seguro. Para una experiencia fluida, recomendamos el uso adicional de lubricante. El\u00a0SWEET SEAL\u00a0tambi\u00e9n es resistente al agua (IPX7), lo que lo convierte no solo en el compa\u00f1ero ideal para jugar en la ducha, sino tambi\u00e9n en f\u00e1cil de limpiar con agua tibia y jab\u00f3n suave. Si su dispositivo alguna vez se queda sin energ\u00eda, puede recargar las bater\u00edas integradas con el cable de carga USB incluido.<\/p>","protected":false},"excerpt":{"rendered":"<p>SATISFYER &#8211; SWEET SEAL VIBRATING PLUG APP VIOLET<\/p>","protected":false},"featured_media":89634,"comment_status":"open","ping_status":"closed","template":"","meta":{"_eb_attr":""},"product_brand":[],"product_cat":[1157,1355,258,1152,1134,1377,1158,1159,1245,1216,1251],"product_tag":[],"class_list":{"0":"post-38889","1":"product","2":"type-product","3":"status-publish","4":"has-post-thumbnail","6":"product_cat-juguetes-bienestar-anal","7":"product_cat-bdsm-bondage-articulos-bdsm","8":"product_cat-bdsm-bondage","9":"product_cat-juguetes-bienestar","10":"product_cat-offers","11":"product_cat-bdsm-bondage-articulos-bdsmplug-anal-bdsm","12":"product_cat-juguetes-bienestar-analplugs-anales","13":"product_cat-juguetes-bienestar-vibradores","14":"product_cat-juguetes-bienestar-analvibradores-anales","15":"product_cat-juguetes-bienestar-vibradoresvibradores-con-app","16":"product_cat-juguetes-bienestar-vibradoresvibradores-hi-tech","17":"yith_product_brand-satisfyer","18":"yith_product_brand-satisfyer-satisfyer-connect","20":"first","21":"instock","22":"taxable","23":"shipping-taxable","24":"purchasable","25":"product-type-simple"},"_links":{"self":[{"href":"https:\/\/www.bananatreeshop.com\/pt\/wp-json\/wp\/v2\/product\/38889","targetHints":{"allow":["GET"]}}],"collection":[{"href":"https:\/\/www.bananatreeshop.com\/pt\/wp-json\/wp\/v2\/product"}],"about":[{"href":"https:\/\/www.bananatreeshop.com\/pt\/wp-json\/wp\/v2\/types\/product"}],"replies":[{"embeddable":true,"href":"https:\/\/www.bananatreeshop.com\/pt\/wp-json\/wp\/v2\/comments?post=38889"}],"wp:featuredmedia":[{"embeddable":true,"href":"https:\/\/www.bananatreeshop.com\/pt\/wp-json\/wp\/v2\/media\/89634"}],"wp:attachment":[{"href":"https:\/\/www.bananatreeshop.com\/pt\/wp-json\/wp\/v2\/media?parent=38889"}],"wp:term":[{"taxonomy":"product_brand","embeddable":true,"href":"https:\/\/www.bananatreeshop.com\/pt\/wp-json\/wp\/v2\/product_brand?post=38889"},{"taxonomy":"product_cat","embeddable":true,"href":"https:\/\/www.bananatreeshop.com\/pt\/wp-json\/wp\/v2\/product_cat?post=38889"},{"taxonomy":"product_tag","embeddable":true,"href":"https:\/\/www.bananatreeshop.com\/pt\/wp-json\/wp\/v2\/product_tag?post=38889"}],"curies":[{"name":"wp","href":"https:\/\/api.w.org\/{rel}","templated":true}]}}