{"id":38928,"date":"2025-07-17T14:01:33","date_gmt":"2025-07-17T14:01:33","guid":{"rendered":"https:\/\/www.bananatreeshop.com\/?post_type=product&#038;p=38928"},"modified":"2026-04-05T08:34:43","modified_gmt":"2026-04-05T08:34:43","slug":"lelo-tiani-duo-black-couples-massager","status":"publish","type":"product","link":"https:\/\/www.bananatreeshop.com\/pt\/produto\/lelo-tiani-duo-black-couples-massager\/","title":{"rendered":"LELO &#8211; TIANI DUO MASAJEADOR PAREJAS NEGRO"},"content":{"rendered":"<p><strong>EL PODER DE SER DOS<\/strong><\/p>\n<p>Explorad nuevos horizontes sexuales con <strong>TIANI DUO<\/strong> y compartid sensaciones. Sus vibraciones internas y externas estimulan profundamente para ofrecer el m\u00e1ximo nivel de satisfacci\u00f3n para ambos miembros de la pareja. Su galardonado dise\u00f1o con suave silicona se controla con mando a distancia, lo que os permitir\u00e1 seleccionar c\u00f3modamente la intensidad y abrir\u00e1 camino a nuevas fantas\u00edas en pareja.<\/p>\n<ul>\n<li>EL DOBLE DE POTENCIA: Con dos motores que funcionan de manera simult\u00e1nea, para ofrecer la m\u00e1s intensa estimulaci\u00f3n doble.<\/li>\n<li>MAYOR VARIEDAD DE INTENSIDADES: Experimenta nuevos niveles de satisfacci\u00f3n con una gama de intensidades m\u00e1s amplia.<\/li>\n<li>TECNOLOG\u00cdA SENSEMOTION: Activa el placer con el m\u00e1s sutil de los gestos. Las vibraciones se inician cuando giras el mando a distancia.<\/li>\n<li>BATER\u00cdA M\u00c1S DURADERA: Con una bater\u00eda m\u00e1s duradera para que disfrutes de horas y horas de placer.<\/li>\n<\/ul>\n<p><strong>INSTRUCCIONES DE USO<\/strong><\/p>\n<ul>\n<li>USAR TIANI DUO SIN EL MANDO A DISTANCIA\n<ul>\n<li>Pulsa el bot\u00f3n [ ] para encenderlo. No enciendas el mando a distancia.<\/li>\n<li>Pulsa el bot\u00f3n otra vez para activar las vibraciones.<\/li>\n<li>Pulsa el bot\u00f3n para ir cambiando entre los patrones de vibraci\u00f3n, estar\u00e1n fijados a un 100 % de intensidad.<\/li>\n<li>Para cambiar la intensidad, tienes que encender el mando a distancia.<\/li>\n<li>Presiona el bot\u00f3n para apagar el juguete.<\/li>\n<\/ul>\n<\/li>\n<li>C\u00d3MO USAR EL MANDO A DISTANCIA\n<ul>\n<li>Desbloqu\u00e9alo presionando los botones +\/- a la vez durante 3 segundos, hasta que la luz se encienda.<\/li>\n<li>Pulsa el bot\u00f3n para encender el juguete.<\/li>\n<li>Pulsa el bot\u00f3n + para encenderlo y p\u00falsalo de nuevo para aumentar la potencia de vibraci\u00f3n.<\/li>\n<li>Pulsa el bot\u00f3n para cambiar a cualquiera de los 8 patrones de vibraci\u00f3n.<\/li>\n<li>Pulsa el bot\u00f3n  para reducir la potencia de la vibraci\u00f3n.<\/li>\n<li>Pulsa el bot\u00f3n  durante unos segundos para apagar el juguete.<\/li>\n<\/ul>\n<\/li>\n<\/ul>\n<p><strong>CARACTER\u00cdSTICAS<\/strong><\/p>\n<ul>\n<li>MASAJEADOR\n<ul>\n<li>Materiales: ABS y silicona biocompatible<\/li>\n<li>Tama\u00f1o: 90 x 45 x 30 mm<\/li>\n<li>Peso: 80 g<\/li>\n<li>Bater\u00eda: Li-Ion 200 mAh 3.7V<\/li>\n<li>Carga: 2 horas a 5.0V 550 mA<\/li>\n<li>Tiempo de uso: Hasta 2 horas<\/li>\n<li>En espera: 90 d\u00edas<\/li>\n<li>Frecuencia: 60 Hz<\/li>\n<li>Interfaz: 1 bot\u00f3n<\/li>\n<\/ul>\n<\/li>\n<li>MANDO A DISTANCIA\n<ul>\n<li>Materiales: ABS y silicona biocompatible<\/li>\n<li>Tama\u00f1o: 64 x 64 x 26 mm<\/li>\n<li>Peso: 30 g<\/li>\n<li>Bater\u00eda: 2 pilas AAA<\/li>\n<li>Interfaz: 3 botones<\/li>\n<\/ul>\n<\/li>\n<\/ul>\n","protected":false},"excerpt":{"rendered":"<p>LELO &#8211; TIANI DUO BLACK COUPLES MASSAGER<\/p>","protected":false},"featured_media":86107,"comment_status":"open","ping_status":"closed","template":"","meta":{"_eb_attr":""},"product_brand":[],"product_cat":[1152,1448,1159,1161,1231],"product_tag":[],"class_list":{"0":"post-38928","1":"product","2":"type-product","3":"status-publish","4":"has-post-thumbnail","6":"product_cat-juguetes-bienestar","7":"product_cat-juguetes-bienestar-vibradoresvibrador-parejas-u","8":"product_cat-juguetes-bienestar-vibradores","9":"product_cat-juguetes-bienestar-vibradoresvibradores-control-remoto","10":"product_cat-juguetes-bienestar-vibradoresvibradores-punto-g","11":"yith_product_brand-lelo","13":"first","14":"instock","15":"taxable","16":"shipping-taxable","17":"purchasable","18":"product-type-simple"},"_links":{"self":[{"href":"https:\/\/www.bananatreeshop.com\/pt\/wp-json\/wp\/v2\/product\/38928","targetHints":{"allow":["GET"]}}],"collection":[{"href":"https:\/\/www.bananatreeshop.com\/pt\/wp-json\/wp\/v2\/product"}],"about":[{"href":"https:\/\/www.bananatreeshop.com\/pt\/wp-json\/wp\/v2\/types\/product"}],"replies":[{"embeddable":true,"href":"https:\/\/www.bananatreeshop.com\/pt\/wp-json\/wp\/v2\/comments?post=38928"}],"wp:featuredmedia":[{"embeddable":true,"href":"https:\/\/www.bananatreeshop.com\/pt\/wp-json\/wp\/v2\/media\/86107"}],"wp:attachment":[{"href":"https:\/\/www.bananatreeshop.com\/pt\/wp-json\/wp\/v2\/media?parent=38928"}],"wp:term":[{"taxonomy":"product_brand","embeddable":true,"href":"https:\/\/www.bananatreeshop.com\/pt\/wp-json\/wp\/v2\/product_brand?post=38928"},{"taxonomy":"product_cat","embeddable":true,"href":"https:\/\/www.bananatreeshop.com\/pt\/wp-json\/wp\/v2\/product_cat?post=38928"},{"taxonomy":"product_tag","embeddable":true,"href":"https:\/\/www.bananatreeshop.com\/pt\/wp-json\/wp\/v2\/product_tag?post=38928"}],"curies":[{"name":"wp","href":"https:\/\/api.w.org\/{rel}","templated":true}]}}