{"id":38937,"date":"2025-07-13T07:01:50","date_gmt":"2025-07-13T07:01:50","guid":{"rendered":"https:\/\/www.bananatreeshop.com\/?post_type=product&#038;p=38937"},"modified":"2026-04-19T03:02:51","modified_gmt":"2026-04-19T03:02:51","slug":"satisfyer-trendsetter-vibrating-plug-app-black","status":"publish","type":"product","link":"https:\/\/www.bananatreeshop.com\/pt\/produto\/satisfyer-trendsetter-vibrating-plug-app-black\/","title":{"rendered":"SATISFYER &#8211; TRENDSETTER PLUG VIBRADOR APP VERDE"},"content":{"rendered":"<p>Con la punta en forma de lengua y un potente motor, Satisfyer Trendsetter, controlado por la aplicaci\u00f3n, cumple con todos sus puntos calientes y garantiza la felicidad anal. Con la aplicaci\u00f3n Satisfyer Connect puede disfrutar de una versatilidad de juego a\u00fan mayor.<\/p>\n<p><strong>Informaci\u00f3n del producto &#8220;Satisfyer Trendsetter&#8221;<\/strong><\/p>\n<ul>\n<li>Compatible con la aplicaci\u00f3n gratuita Satisfyer &#8211; Disponible en iOS y Android<\/li>\n<li>El potente motor transmite intensos ritmos de vibraci\u00f3n por todo el dispositivo<\/li>\n<li>Unisex, apto para todos los g\u00e9neros<\/li>\n<li>15 a\u00f1os de garant\u00eda<\/li>\n<li>Tambi\u00e9n se puede utilizar sin la aplicaci\u00f3n<\/li>\n<li>Vibraci\u00f3n profunda s\u00faper fuerte<\/li>\n<li>Los programas preestablecidos se pueden editar<\/li>\n<li>Silicona amigable con el cuerpo<\/li>\n<li>La aplicaci\u00f3n ofrece una gama interminable de programas<\/li>\n<li>Impermeable (IPX7)<\/li>\n<li>Modo Susurro<\/li>\n<li>Bater\u00eda recargable de iones de litio<\/li>\n<li>Cable de carga USB magn\u00e9tico incluido<\/li>\n<li>F\u00e1cil de limpiar<\/li>\n<\/ul>\n<p><strong>Satisfyer Trendsetter Connect App: Vibrador anal con control mediante aplicaci\u00f3n<\/strong><\/p>\n<p>Satisfyer Trendsetter estimula tu puerta trasera gracias a su forma aplanada, similar a una lengua, y a sus intensas vibraciones. Adem\u00e1s, el tap\u00f3n anal vibrador te ofrece la posibilidad de controlarlo a trav\u00e9s de la aplicaci\u00f3n Satisfyer Connect: mediante esta aplicaci\u00f3n gratuita para Android e iOS, no solo puedes controlar tu Satisfyer desde cualquier lugar del mundo a trav\u00e9s de Internet, sino que tambi\u00e9n puedes crear tus propios programas de vibraci\u00f3n y transferirlos a tu dispositivo generador de placer. Tambi\u00e9n te permite crear nuevos programas de vibraci\u00f3n basados en tu lista de reproducci\u00f3n de Spotify o en sonidos ambientales, y compartir tus propios patrones de vibraci\u00f3n con la comunidad.<\/p>\n<p>Los 12 programas de vibraci\u00f3n predefinidos del Satisfyer Trendsetter te ofrecen todos los niveles de intensidad, desde los m\u00e1s suaves hasta los m\u00e1s potentes, y tambi\u00e9n son controlables sin la aplicaci\u00f3n mediante el intuitivo bot\u00f3n One Touch. Su base ancha no solo funciona como una pr\u00e1ctica asa, sino que tambi\u00e9n garantiza que siempre te diviertas de forma segura.<\/p>\n<p>Gracias a su acabado impermeable (IPX7), el Satisfyer Trendsetter tambi\u00e9n se puede utilizar bajo la ducha, dentro de la ba\u00f1era o en otros lugares h\u00famedos. Adem\u00e1s, su suave superficie de silicona inocua para el cuerpo permite una limpieza f\u00e1cil con agua tibia y un jab\u00f3n suave. Las bater\u00edas integradas se pueden recargar a trav\u00e9s del cable de carga USB incluido.<\/p>\n<p>Gracias a sus distintas formas, dimensiones manejables y facilidad de uso, los vibradores anales unisex de la serie Satisfyer Plug Vibrator resultan especialmente convenientes para las personas que se inician en el juego anal. Para disfrutar sin problemas y de una forma m\u00e1s c\u00f3moda, se recomienda utilizar siempre un lubricante a base de agua.<\/p>","protected":false},"excerpt":{"rendered":"<p>SATISFYER &#8211; TRENDSETTER VIBRATING PLUG APP BLACK<\/p>","protected":false},"featured_media":73781,"comment_status":"open","ping_status":"closed","template":"","meta":{"_eb_attr":""},"product_brand":[],"product_cat":[1159,1216,1251],"product_tag":[],"class_list":{"0":"post-38937","1":"product","2":"type-product","3":"status-publish","4":"has-post-thumbnail","6":"product_cat-juguetes-bienestar-vibradores","7":"product_cat-juguetes-bienestar-vibradoresvibradores-con-app","8":"product_cat-juguetes-bienestar-vibradoresvibradores-hi-tech","9":"pa_color-negro","10":"pa_color-verde","11":"yith_product_brand-satisfyer","12":"yith_product_brand-satisfyer-satisfyer-connect","14":"first","15":"instock","16":"taxable","17":"shipping-taxable","18":"purchasable","19":"product-type-variable","20":"has-default-attributes"},"_links":{"self":[{"href":"https:\/\/www.bananatreeshop.com\/pt\/wp-json\/wp\/v2\/product\/38937","targetHints":{"allow":["GET"]}}],"collection":[{"href":"https:\/\/www.bananatreeshop.com\/pt\/wp-json\/wp\/v2\/product"}],"about":[{"href":"https:\/\/www.bananatreeshop.com\/pt\/wp-json\/wp\/v2\/types\/product"}],"replies":[{"embeddable":true,"href":"https:\/\/www.bananatreeshop.com\/pt\/wp-json\/wp\/v2\/comments?post=38937"}],"wp:featuredmedia":[{"embeddable":true,"href":"https:\/\/www.bananatreeshop.com\/pt\/wp-json\/wp\/v2\/media\/73781"}],"wp:attachment":[{"href":"https:\/\/www.bananatreeshop.com\/pt\/wp-json\/wp\/v2\/media?parent=38937"}],"wp:term":[{"taxonomy":"product_brand","embeddable":true,"href":"https:\/\/www.bananatreeshop.com\/pt\/wp-json\/wp\/v2\/product_brand?post=38937"},{"taxonomy":"product_cat","embeddable":true,"href":"https:\/\/www.bananatreeshop.com\/pt\/wp-json\/wp\/v2\/product_cat?post=38937"},{"taxonomy":"product_tag","embeddable":true,"href":"https:\/\/www.bananatreeshop.com\/pt\/wp-json\/wp\/v2\/product_tag?post=38937"}],"curies":[{"name":"wp","href":"https:\/\/api.w.org\/{rel}","templated":true}]}}