{"id":38978,"date":"2025-07-09T23:01:38","date_gmt":"2025-07-09T23:01:38","guid":{"rendered":"https:\/\/www.bananatreeshop.com\/?post_type=product&#038;p=38978"},"modified":"2026-04-17T08:09:40","modified_gmt":"2026-04-17T08:09:40","slug":"satisfyer-heat-climax-anal-vibrator-app-black","status":"publish","type":"product","link":"https:\/\/www.bananatreeshop.com\/pt\/produto\/satisfyer-heat-climax-anal-vibrator-app-black\/","title":{"rendered":"SATISFYER &#8211; HEAT CLIMAX VIBRADOR ANAL APP NEGRO"},"content":{"rendered":"<p>Nuestro vibrador anal Heat-Climax con su voluminosa punta redonda te mima con una estimulante funci\u00f3n de calentamiento y fuertes vibraciones. \u00a1La silicona seductoramente suave la convierte en la extensi\u00f3n natural perfecta para despertar tu pasi\u00f3n!<\/p>\n<p><strong>Informaci\u00f3n del producto &#8220;HEAT CLIMAX&#8221;<\/strong><\/p>\n<ul>\n<li>Compatible con la aplicaci\u00f3n gratuita Satisfyer &#8211; Disponible en iOS y Android<\/li>\n<li>Unisex: El dispositivo puede ser utilizado por personas de todos los sexos<\/li>\n<li>La sensual funci\u00f3n de calor combinada con las vibraciones asegura una estimulaci\u00f3n intensa<\/li>\n<li>Estimulaci\u00f3n sensual de la pr\u00f3stata<\/li>\n<li>15 a\u00f1os de garant\u00eda<\/li>\n<li>Tambi\u00e9n se puede utilizar sin la aplicaci\u00f3n<\/li>\n<li>Los programas preestablecidos se pueden editar<\/li>\n<li>Silicona amigable con el cuerpo<\/li>\n<li>La aplicaci\u00f3n ofrece una gama interminable de programas<\/li>\n<li>Impermeable (IPX7)<\/li>\n<li>Modo Susurro<\/li>\n<li>Bater\u00eda recargable de iones de litio<\/li>\n<li>Cable de carga USB magn\u00e9tico incluido<\/li>\n<li>F\u00e1cil de limpiar<\/li>\n<\/ul>\n<p><strong>Satisfyer Heat Climax: vibrador anal con funci\u00f3n de calor<\/strong><\/p>\n<p>\u00a1El Satisfyer Heat Climax con control mediante la app proporciona una excitante estimulaci\u00f3n anal! El vibrador anal tiene una forma y una curva ergon\u00f3micas que te llenan c\u00f3modamente y estimulan con pericia tu puerta trasera. Adem\u00e1s, cuenta con una agradable funci\u00f3n de calor, que garantiza una sensaci\u00f3n aut\u00e9ntica y realista alcanzando una temperatura de 39\u00b0 similar a la del cuerpo. El calor tambi\u00e9n activa la circulaci\u00f3n sangu\u00ednea, lo que intensifica a\u00fan m\u00e1s la estimulaci\u00f3n de la puerta de atr\u00e1s.<\/p>\n<p>Gracias a su forma curva, el Satisfyer Heat Climax es ideal para masajear la pr\u00f3stata: su punta suave y redondeada llega directamente a la zona m\u00e1s er\u00f3gena. Sin embargo, con el Heat Climax tambi\u00e9n se puede estimular el punto G: el vibrador de calor es unisex y puede ser utilizado por todos los g\u00e9neros. No olvides realizar una limpieza y desinfecci\u00f3n a fondo si deseas utilizar el vibrador en la vagina despu\u00e9s de la estimulaci\u00f3n anal.<\/p>\n<p><strong>Vibrador con funci\u00f3n de calor y control por app<\/strong><\/p>\n<p>Los 12 programas preestablecidos se pueden controlar de forma intuitiva a trav\u00e9s del panel de control del mango. Gracias a su pr\u00e1ctico anillo de retenci\u00f3n, siempre tienes todo bajo control, incluso en los momentos m\u00e1s salvajes. El vibrador de calor tambi\u00e9n se puede controlar con la aplicaci\u00f3n gratuita Satisfyer Connect, que est\u00e1 disponible para iOS y Android y ofrece funciones interesantes como el control remoto, Music Vibes o un dise\u00f1ador de vibraciones. Las funciones son infinitas: \u00a1hay mucho que descubrir!<\/p>\n<p>Puesto que el Satisfyer Heat Climax est\u00e1 fabricado con una silicona inocua para el cuerpo, resulta especialmente higi\u00e9nico y suave para la piel. Tambi\u00e9n te acompa\u00f1a en la ducha o en la ba\u00f1era gracias a su acabado impermeable (IPX7). Despu\u00e9s de muchas horas de placer, puedes volver a cargar la bater\u00eda integrada con el cable de carga USB incluido.<\/p>","protected":false},"excerpt":{"rendered":"<p>SATISFYER &#8211; HEAT CLIMAX ANAL VIBRATOR APP BLACK<\/p>","protected":false},"featured_media":61182,"comment_status":"open","ping_status":"closed","template":"","meta":{"_eb_attr":""},"product_brand":[],"product_cat":[1159,1216,1251,1231],"product_tag":[],"class_list":{"0":"post-38978","1":"product","2":"type-product","3":"status-publish","4":"has-post-thumbnail","6":"product_cat-juguetes-bienestar-vibradores","7":"product_cat-juguetes-bienestar-vibradoresvibradores-con-app","8":"product_cat-juguetes-bienestar-vibradoresvibradores-hi-tech","9":"product_cat-juguetes-bienestar-vibradoresvibradores-punto-g","10":"yith_product_brand-satisfyer","11":"yith_product_brand-satisfyer-satisfyer-connect","13":"first","14":"instock","15":"taxable","16":"shipping-taxable","17":"purchasable","18":"product-type-simple"},"_links":{"self":[{"href":"https:\/\/www.bananatreeshop.com\/pt\/wp-json\/wp\/v2\/product\/38978","targetHints":{"allow":["GET"]}}],"collection":[{"href":"https:\/\/www.bananatreeshop.com\/pt\/wp-json\/wp\/v2\/product"}],"about":[{"href":"https:\/\/www.bananatreeshop.com\/pt\/wp-json\/wp\/v2\/types\/product"}],"replies":[{"embeddable":true,"href":"https:\/\/www.bananatreeshop.com\/pt\/wp-json\/wp\/v2\/comments?post=38978"}],"wp:featuredmedia":[{"embeddable":true,"href":"https:\/\/www.bananatreeshop.com\/pt\/wp-json\/wp\/v2\/media\/61182"}],"wp:attachment":[{"href":"https:\/\/www.bananatreeshop.com\/pt\/wp-json\/wp\/v2\/media?parent=38978"}],"wp:term":[{"taxonomy":"product_brand","embeddable":true,"href":"https:\/\/www.bananatreeshop.com\/pt\/wp-json\/wp\/v2\/product_brand?post=38978"},{"taxonomy":"product_cat","embeddable":true,"href":"https:\/\/www.bananatreeshop.com\/pt\/wp-json\/wp\/v2\/product_cat?post=38978"},{"taxonomy":"product_tag","embeddable":true,"href":"https:\/\/www.bananatreeshop.com\/pt\/wp-json\/wp\/v2\/product_tag?post=38978"}],"curies":[{"name":"wp","href":"https:\/\/api.w.org\/{rel}","templated":true}]}}