{"id":38979,"date":"2025-07-09T23:01:39","date_gmt":"2025-07-09T23:01:39","guid":{"rendered":"https:\/\/www.bananatreeshop.com\/?post_type=product&#038;p=38979"},"modified":"2026-04-16T02:04:20","modified_gmt":"2026-04-16T02:04:20","slug":"satisfyer-heat-climax-anal-vibrator-app-black-2","status":"publish","type":"product","link":"https:\/\/www.bananatreeshop.com\/pt\/produto\/satisfyer-heat-climax-anal-vibrator-app-black-2\/","title":{"rendered":"SATISFYER &#8211; HEAT CLIMAX+ VIBRADOR ANAL APP NEGRO"},"content":{"rendered":"<p>Con su estimulador retorcido, el Heat Climax + estimula tanto la pr\u00f3stata como el tejido sensible del perineo. Dos motores activan fuertes vibraciones, mientras que la funci\u00f3n de calentamiento de la silicona garantiza sensaciones realistas.<\/p>\n<p><strong>Informaci\u00f3n del producto &#8220;HEAT CLIMAX +&#8221;<\/strong><\/p>\n<ul>\n<li>Compatible con la aplicaci\u00f3n gratuita Satisfyer &#8211; Disponible en iOS y Android<\/li>\n<li>Unisex: El dispositivo puede ser utilizado por personas de todos los sexos<\/li>\n<li>La sensual funci\u00f3n de calor combinada con las vibraciones asegura una estimulaci\u00f3n intensa<\/li>\n<li>Estimulaci\u00f3n sensual de la pr\u00f3stata<\/li>\n<li>Sensual estimulaci\u00f3n mediante vibraci\u00f3n y calor<\/li>\n<li>15 a\u00f1os de garant\u00eda<\/li>\n<li>Tambi\u00e9n se puede utilizar sin la aplicaci\u00f3n<\/li>\n<li>Los programas preestablecidos se pueden editar<\/li>\n<li>Silicona amigable con el cuerpo<\/li>\n<li>La aplicaci\u00f3n ofrece una gama interminable de programas<\/li>\n<li>Impermeable (IPX7)<\/li>\n<li>Modo Susurro<\/li>\n<li>Bater\u00eda recargable de iones de litio<\/li>\n<li>Cable de carga USB magn\u00e9tico incluido<\/li>\n<li>F\u00e1cil de limpiar<\/li>\n<\/ul>\n<p><strong>Satisfyer Heat Climax +: vibrador con funci\u00f3n de calor y control por app <\/strong><\/p>\n<p>\u00a1Disfruta de la doble estimulaci\u00f3n en las zonas er\u00f3genas con Satisfyer Heat Climax+ con control por app! El vibrador anal est\u00e1 equipado con 2 motores, cada uno situado en cada uno de los dos ejes del vibrador. Cuenta con una agradable funci\u00f3n de calor, que garantiza una sensaci\u00f3n aut\u00e9ntica y realista alcanzando una temperatura de 39\u00b0 similar a la del cuerpo. Adem\u00e1s, el calor acogedor aumenta la circulaci\u00f3n sangu\u00ednea y, por lo tanto, intensifica la estimulaci\u00f3n de tu puerta trasera.<\/p>\n<p>Gracias a su forma curva y ergon\u00f3mica, el Satisfyer Heat Climax+ es ideal para masajear la pr\u00f3stata: su punta suave y redondeada llega directamente a la zona m\u00e1s er\u00f3gena. Mientras tanto, el eje peque\u00f1o proporciona una estimulaci\u00f3n adicional en el perineo con excitantes vibraciones. Sin embargo, con el Heat Climax+ tambi\u00e9n se pueden estimular tanto el punto G como el cl\u00edtoris: el vibrador de calor es unisex y puede ser utilizado por todos los sexos. No olvides realizar una limpieza y desinfecci\u00f3n a fondo si deseas utilizar el vibrador en la vagina despu\u00e9s de la estimulaci\u00f3n anal.<\/p>\n<p><strong>Cu\u00e1les son las otras ventajas que ofrece el Satisfyer Heat Climax+? <\/strong><\/p>\n<p>Los 12 programas preestablecidos del Satisfyer Heat Climax+ se pueden controlar de forma intuitiva a trav\u00e9s del panel de control del mango. Te gusta a\u00f1adir un punto m\u00e1s salvaje? No hay problema, porque gracias al pr\u00e1ctico anillo de retenci\u00f3n siempre tendr\u00e1s todo bajo control. Y eso no es todo: el vibrador de calor tambi\u00e9n se puede controlar con la aplicaci\u00f3n gratuita Satisfyer Connect, que est\u00e1 disponible para iOS y Android y ofrece funciones interesantes como el control remoto, Music Vibes o un dise\u00f1ador de vibraciones. Hay muchas funciones por descubrir. A qu\u00e9 est\u00e1s esperando?<\/p>\n<p>Puesto que el Satisfyer Heat Climax+ est\u00e1 fabricado con una silicona inocua para el cuerpo, resulta especialmente higi\u00e9nico y suave para la piel. Tambi\u00e9n te acompa\u00f1a en la ducha o en la ba\u00f1era gracias a su acabado impermeable (IPX7). Las bater\u00edas integradas se pueden recargar a trav\u00e9s del cable de carga USB incluido.<\/p>","protected":false},"excerpt":{"rendered":"<p>SATISFYER &#8211; HEAT CLIMAX+ ANAL VIBRATOR APP BLACK<\/p>","protected":false},"featured_media":61186,"comment_status":"open","ping_status":"closed","template":"","meta":{"_eb_attr":""},"product_brand":[],"product_cat":[1159,1216,1251,1231,1258],"product_tag":[],"class_list":{"0":"post-38979","1":"product","2":"type-product","3":"status-publish","4":"has-post-thumbnail","6":"product_cat-juguetes-bienestar-vibradores","7":"product_cat-juguetes-bienestar-vibradoresvibradores-con-app","8":"product_cat-juguetes-bienestar-vibradoresvibradores-hi-tech","9":"product_cat-juguetes-bienestar-vibradoresvibradores-punto-g","10":"product_cat-juguetes-bienestar-vibradoresvibradores-rabbit","11":"yith_product_brand-satisfyer","12":"yith_product_brand-satisfyer-satisfyer-connect","14":"first","15":"instock","16":"taxable","17":"shipping-taxable","18":"purchasable","19":"product-type-simple"},"_links":{"self":[{"href":"https:\/\/www.bananatreeshop.com\/pt\/wp-json\/wp\/v2\/product\/38979","targetHints":{"allow":["GET"]}}],"collection":[{"href":"https:\/\/www.bananatreeshop.com\/pt\/wp-json\/wp\/v2\/product"}],"about":[{"href":"https:\/\/www.bananatreeshop.com\/pt\/wp-json\/wp\/v2\/types\/product"}],"replies":[{"embeddable":true,"href":"https:\/\/www.bananatreeshop.com\/pt\/wp-json\/wp\/v2\/comments?post=38979"}],"wp:featuredmedia":[{"embeddable":true,"href":"https:\/\/www.bananatreeshop.com\/pt\/wp-json\/wp\/v2\/media\/61186"}],"wp:attachment":[{"href":"https:\/\/www.bananatreeshop.com\/pt\/wp-json\/wp\/v2\/media?parent=38979"}],"wp:term":[{"taxonomy":"product_brand","embeddable":true,"href":"https:\/\/www.bananatreeshop.com\/pt\/wp-json\/wp\/v2\/product_brand?post=38979"},{"taxonomy":"product_cat","embeddable":true,"href":"https:\/\/www.bananatreeshop.com\/pt\/wp-json\/wp\/v2\/product_cat?post=38979"},{"taxonomy":"product_tag","embeddable":true,"href":"https:\/\/www.bananatreeshop.com\/pt\/wp-json\/wp\/v2\/product_tag?post=38979"}],"curies":[{"name":"wp","href":"https:\/\/api.w.org\/{rel}","templated":true}]}}