{"id":38980,"date":"2025-07-09T23:01:41","date_gmt":"2025-07-09T23:01:41","guid":{"rendered":"https:\/\/www.bananatreeshop.com\/?post_type=product&#038;p=38980"},"modified":"2026-04-17T11:03:44","modified_gmt":"2026-04-17T11:03:44","slug":"satisfyer-hot-passion-anal-vibrator-app-black","status":"publish","type":"product","link":"https:\/\/www.bananatreeshop.com\/pt\/produto\/satisfyer-hot-passion-anal-vibrator-app-black\/","title":{"rendered":"SATISFYER &#8211; HOT PASSION VIBRADOR ANAL APP NEGRO"},"content":{"rendered":"<p>El Hot Passion viene con un eje bastante voluminoso y una punta redondeada. \u00a1Esta forma es particularmente ideal para estimular la pr\u00f3stata!<\/p>\n<p><strong>Informaci\u00f3n del producto &#8220;Hot Passion&#8221;<\/strong><\/p>\n<ul>\n<li>Compatible con la aplicaci\u00f3n gratuita Satisfyer &#8211; Disponible en iOS y Android<\/li>\n<li>Unisex: El dispositivo puede ser utilizado por personas de todos los sexos<\/li>\n<li>La sensual funci\u00f3n de calor combinada con las vibraciones asegura una estimulaci\u00f3n intensa<\/li>\n<li>Estimulaci\u00f3n sensual de la pr\u00f3stata<\/li>\n<li>Sensual estimulaci\u00f3n mediante vibraci\u00f3n y calor<\/li>\n<li>15 a\u00f1os de garant\u00eda<\/li>\n<li>Tambi\u00e9n se puede utilizar sin la aplicaci\u00f3n<\/li>\n<li>Los programas preestablecidos se pueden editar<\/li>\n<li>Silicona amigable con el cuerpo<\/li>\n<li>La aplicaci\u00f3n ofrece una gama interminable de programas<\/li>\n<li>Impermeable (IPX7)<\/li>\n<li>Modo Susurro<\/li>\n<li>Bater\u00eda recargable de iones de litio<\/li>\n<li>Cable de carga USB magn\u00e9tico incluido<\/li>\n<li>F\u00e1cil de limpiar<\/li>\n<\/ul>\n<p><strong>Satisfyer Hot Passion: vibrador con funci\u00f3n de calor y control por app<\/strong><\/p>\n<p>\u00a1Disfruta de una experiencia realista ya que este vibrador unisex bastante r\u00edgido y calentado se calienta a la temperatura corporal y se adapta a tus niveles de energ\u00eda! Af\u00e9rrate a la Hot Passion con la empu\u00f1adura exclusiva de la colecci\u00f3n Vibes para un mejor agarre y comodidad.<\/p>\n<p><strong>Cu\u00e1les son las otras ventajas que ofrece el Satisfyer Hot Passion? <\/strong><\/p>\n<p>Experimenta una aventura segura con vibraciones profundas y fuertes porque el Hot Passion est\u00e1 equipado con una amplia base en la parte inferior. Hot Passion est\u00e1 habilitado para Bluetooth y se conecta a la galardonada aplicaci\u00f3n gratuita Satisfyer Connect, lo que le permite controlar el potente motor y personalizar su disfrute. Hot Passion est\u00e1 hecho de silicona respetuosa con el cuerpo, es recargable e impermeable (IPX7).<\/p>","protected":false},"excerpt":{"rendered":"<p>SATISFYER &#8211; HOT PASSION ANAL VIBRATOR APP BLACK<\/p>","protected":false},"featured_media":61190,"comment_status":"open","ping_status":"closed","template":"","meta":{"_eb_attr":""},"product_brand":[],"product_cat":[1159,1216,1251],"product_tag":[],"class_list":{"0":"post-38980","1":"product","2":"type-product","3":"status-publish","4":"has-post-thumbnail","6":"product_cat-juguetes-bienestar-vibradores","7":"product_cat-juguetes-bienestar-vibradoresvibradores-con-app","8":"product_cat-juguetes-bienestar-vibradoresvibradores-hi-tech","9":"yith_product_brand-satisfyer","10":"yith_product_brand-satisfyer-satisfyer-connect","12":"first","13":"instock","14":"taxable","15":"shipping-taxable","16":"purchasable","17":"product-type-simple"},"_links":{"self":[{"href":"https:\/\/www.bananatreeshop.com\/pt\/wp-json\/wp\/v2\/product\/38980","targetHints":{"allow":["GET"]}}],"collection":[{"href":"https:\/\/www.bananatreeshop.com\/pt\/wp-json\/wp\/v2\/product"}],"about":[{"href":"https:\/\/www.bananatreeshop.com\/pt\/wp-json\/wp\/v2\/types\/product"}],"replies":[{"embeddable":true,"href":"https:\/\/www.bananatreeshop.com\/pt\/wp-json\/wp\/v2\/comments?post=38980"}],"wp:featuredmedia":[{"embeddable":true,"href":"https:\/\/www.bananatreeshop.com\/pt\/wp-json\/wp\/v2\/media\/61190"}],"wp:attachment":[{"href":"https:\/\/www.bananatreeshop.com\/pt\/wp-json\/wp\/v2\/media?parent=38980"}],"wp:term":[{"taxonomy":"product_brand","embeddable":true,"href":"https:\/\/www.bananatreeshop.com\/pt\/wp-json\/wp\/v2\/product_brand?post=38980"},{"taxonomy":"product_cat","embeddable":true,"href":"https:\/\/www.bananatreeshop.com\/pt\/wp-json\/wp\/v2\/product_cat?post=38980"},{"taxonomy":"product_tag","embeddable":true,"href":"https:\/\/www.bananatreeshop.com\/pt\/wp-json\/wp\/v2\/product_tag?post=38980"}],"curies":[{"name":"wp","href":"https:\/\/api.w.org\/{rel}","templated":true}]}}