{"id":39020,"date":"2026-04-04T08:02:57","date_gmt":"2026-04-04T08:02:57","guid":{"rendered":"https:\/\/www.bananatreeshop.com\/?post_type=product&p=39020"},"modified":"2026-04-04T08:02:59","modified_gmt":"2026-04-04T08:02:59","slug":"ecopack-6-uds-anbiguo-ultimate-limpiador-anal-automatico-5-intensidadesis","status":"publish","type":"product","link":"https:\/\/www.bananatreeshop.com\/pt\/produto\/ecopack-6-uds-anbiguo-ultimate-limpiador-anal-automatico-5-intensidadesis\/","title":{"rendered":"ECOPACK 6 UDS &#8211; ANBIGUO ULTIMATE LIMPIADOR ANAL AUTOM\u00c1TICO 5 INTENSIDADESIS"},"content":{"rendered":"<p>En Anbiguo no paramos de pensar en c\u00f3mo avanzar en el juego Anal. Para disfrutar de todo lo que el estimulante mundo del juego anal tiene que ofrecer, querr\u00e1s prepararte para garantizar una limpieza total, seguridad y satisfacci\u00f3n. No vuelvas a preocuparte por peque\u00f1os accidentes que estropeen el ambiente, en su lugar, permite que el Anbiguo ultimate rechargeable auto douche\u2122 te ofrezca una experiencia de limpieza superior.<\/p>\n<p>Este sistema de limpieza totalmente autom\u00e1tica incluye un avanzado dise\u00f1o anti-retorno hecho para una limpieza profunda como ninguna otra. El potente sistema de limpieza se completa con modos de flujo de 5 velocidades, un accesorio de rociado multidireccional de 360\u00b0 y un sistema de carga mediante bater\u00edas de litio de ultima generaci\u00f3n.<\/p>\n<p>No importa c\u00f3mo o d\u00f3nde lo use, el dise\u00f1o sin fugas funciona incluso cuando est\u00e1 invertido. Esta ducha anal autom\u00e1tica es f\u00e1cil de usar y muy f\u00e1cil de limpiar.<\/p>\n<p>Anbiguo ultimate rechargeable incorpora un deposito de agua de hasta 210ml que permite una limpieza profunda en una sola acci\u00f3n.<\/p>\n<p>Antes y despu\u00e9s de cada uso, lave la punta inferior con agua tibia y jab\u00f3n, y luego desinfecte con el limpiador universal de juguetes por ejemplo como el INTIMICHIC toy cleanner.<\/p>\n<p>Se recarga en s\u00f3lo 60 minutos para 35 minutos de flujo de alta velocidad o 60 minutos de limpieza de baja velocidad.<\/p>\n<p><u><strong>Caracter\u00edsticas:<\/strong><\/u><\/p>\n<ul>\n<li>Sistema de limpieza recargable por cargador magn\u00e9tico de \u00faltima generaci\u00f3n \u00a0totalmente autom\u00e1tico con un avanzado dise\u00f1o anti-retorno<\/li>\n<li>El modo de flujo de 5 velocidades proporciona una limpieza profunda y refrescante<\/li>\n<li>Accesorio de pulverizaci\u00f3n multidireccional de 360\u00b0 con punta c\u00f3nica suave<\/li>\n<li>El dise\u00f1o sin fugas tambi\u00e9n funciona mientras est\u00e1 invertido<\/li>\n<li>F\u00e1cil control de bot\u00f3n &#8211; mantenga durante 3 segundos para encender o apagar<\/li>\n<li>Recargable por puntas magn\u00e9ticas &#8211; cable de carga incluido<\/li>\n<li>Tiene capacidad para 210ml.<\/li>\n<li>Dimensiones del producto; 254 x 66 x 50 mm<\/li>\n<li>Sumergible categor\u00eda IPX6<\/li>\n<li>Material: Silicona FDA libre de phalatos y abs en peque\u00f1os detalles de metal.<\/li>\n<li>Tiempo de carga en minutos: 60<\/li>\n<li>Tiempo de funcionamiento en minutos: 35<\/li>\n<\/ul>","protected":false},"excerpt":{"rendered":"<p>ECOPACK 6 UNITS &#8211; ANBIGUO ULTIMATE AUTOMATIC ANAL CLEANER 5 INTENSITY<\/p>","protected":false},"featured_media":99063,"comment_status":"closed","ping_status":"closed","template":"","meta":{"_eb_attr":""},"product_brand":[],"product_cat":[1152],"product_tag":[],"class_list":{"0":"post-39020","1":"product","2":"type-product","3":"status-publish","4":"has-post-thumbnail","6":"product_cat-juguetes-bienestar","7":"yith_product_brand-anbiguo","9":"first","10":"instock","11":"taxable","12":"shipping-taxable","13":"purchasable","14":"product-type-simple"},"_links":{"self":[{"href":"https:\/\/www.bananatreeshop.com\/pt\/wp-json\/wp\/v2\/product\/39020","targetHints":{"allow":["GET"]}}],"collection":[{"href":"https:\/\/www.bananatreeshop.com\/pt\/wp-json\/wp\/v2\/product"}],"about":[{"href":"https:\/\/www.bananatreeshop.com\/pt\/wp-json\/wp\/v2\/types\/product"}],"replies":[{"embeddable":true,"href":"https:\/\/www.bananatreeshop.com\/pt\/wp-json\/wp\/v2\/comments?post=39020"}],"wp:featuredmedia":[{"embeddable":true,"href":"https:\/\/www.bananatreeshop.com\/pt\/wp-json\/wp\/v2\/media\/99063"}],"wp:attachment":[{"href":"https:\/\/www.bananatreeshop.com\/pt\/wp-json\/wp\/v2\/media?parent=39020"}],"wp:term":[{"taxonomy":"product_brand","embeddable":true,"href":"https:\/\/www.bananatreeshop.com\/pt\/wp-json\/wp\/v2\/product_brand?post=39020"},{"taxonomy":"product_cat","embeddable":true,"href":"https:\/\/www.bananatreeshop.com\/pt\/wp-json\/wp\/v2\/product_cat?post=39020"},{"taxonomy":"product_tag","embeddable":true,"href":"https:\/\/www.bananatreeshop.com\/pt\/wp-json\/wp\/v2\/product_tag?post=39020"}],"curies":[{"name":"wp","href":"https:\/\/api.w.org\/{rel}","templated":true}]}}