{"id":39032,"date":"2025-10-01T13:02:34","date_gmt":"2025-10-01T13:02:34","guid":{"rendered":"https:\/\/www.bananatreeshop.com\/?post_type=product&#038;p=39032"},"modified":"2026-04-17T06:01:44","modified_gmt":"2026-04-17T06:01:44","slug":"lelo-enigma-cruise-double-stimulation-sonic-massager-purple","status":"publish","type":"product","link":"https:\/\/www.bananatreeshop.com\/pt\/produto\/lelo-enigma-cruise-double-stimulation-sonic-massager-purple\/","title":{"rendered":"LELO &#8211; ENIGMA CRUISE MASAJEADOR SONICO DOBLE ESTIMULACION MORADO"},"content":{"rendered":"<p>Te presentamos el nuevo vibrador doble ENIGMA\u2122 Cruise. Al igual que su predecesor ENIGMA\u2122, ha sido creado para inducir un orgasmo combinado del cl\u00edtoris y del punto G. Es el santo grial de los placeres sexuales. Cuando lo pruebes, nada te parecer\u00e1 igual. ENIGMA\u2122 Cruise incluye la tecnolog\u00eda Cruise Control\u2122 para que el juguete no pierda intensidad cuando lo presiones con fuerza sobre el cuerpo y puedas disfrutar con total libertad. Ahora podr\u00e1s experimentar un orgasmo combinado tras otro hasta alcanzar un nuevo nivel de bienestar sexual.<\/p>\n<p><strong>QU\u00c9 ES ENIGMA?<\/strong><\/p>\n<p>ENIGMA\u2122 est\u00e1 inspirado en dos de nuestros productos m\u00e1s vendidos, SONA\u2122 y SORAYA\u2122 y ofrece el concepto del placer h\u00edbrido m\u00e1s lujoso del mundo. Usa la tecnolog\u00eda de ondas s\u00f3nicas, que estimula el cl\u00edtoris al mismo tiempo que resona profundamente en tu cuerpo, y cuenta adem\u00e1s con un estimulador ergon\u00f3mico interno que masajea tu punto G, al igual que nuestro SORAYA\u2122, para llevarte a un orgasmo progresivo y que te inunda una y otra vez.<\/p>\n<p>TECNOLOG\u00cdA SENSONIC\u2122<\/p>\n<ul>\n<li>Sin hacer contacto directo, las ondas s\u00f3nicas de ENIGMA\u2122 Cruise ofrecen una estimulaci\u00f3n r\u00e1pida pero suave en el cl\u00edtoris para que logres un placer inmenso.<\/li>\n<\/ul>\n<p>DOBLE EXCITACI\u00d3N<\/p>\n<ul>\n<li>Acaricia de forma simult\u00e1nea el cl\u00edtoris (tanto la parte que se ve como la que no) y el punto G.<\/li>\n<\/ul>\n<p>ESTIMULADOR INTERNO ERGON\u00d3MICO<\/p>\n<ul>\n<li>Estimulador totalmente flexible que env\u00eda vibraciones ultrapotentes a tu punto G.<\/li>\n<\/ul>\n<p>CRUISE CONTROL\u2122<\/p>\n<ul>\n<li>Aumenta autom\u00e1ticamente la intensidad al presionarlo con fuerza sobre el cuerpo para obtener un placer controlado y constante en todo momento.<\/li>\n<\/ul>\n<p><strong>C\u00d3MO FUNCIONA LA TECNOLOG\u00cdA PATENTADA CRUISE CONTROL\u2122?<\/strong><\/p>\n<p>Desarrollado en exclusiva por LELO, Cruise Control\u2122 reserva el 20 % de la potencia total de ENIGMA\u2122 Cruise durante el uso habitual, de modo que cuando presionas fuertemente ENIGMA\u2122 Cruise sobre el cuerpo y el motor empieza a perder potencia, se libera ese 20 % extra para evitar que se reduzca la intensidad. No se trata de una configuraci\u00f3n m\u00e1s, sino que es totalmente autom\u00e1tico y borra de un plumazo las quejas m\u00e1s comunes sobre los productos para el placer.<\/p>\n<p><strong>ENIGMA\u2122 Cruise Black<\/strong><\/p>\n<p>ENIGMA\u2122 Cruise es el masajeador s\u00f3nico de doble estimulaci\u00f3n de nueva generaci\u00f3n que utiliza ondas s\u00f3nicas para estimular el cl\u00edtoris por completo y vibraciones potentes para masajear el punto G. La silicona de alta calidad absorbe las ondas s\u00f3nicas y las transmite al cl\u00edtoris para ofrecer una sensaci\u00f3n muy profunda y delicada a la vez, mientras que la parte interna vibra de forma sincronizada para estimular tu punto G. Tambi\u00e9n incluye la tecnolog\u00eda Cruise Control\u2122 para que el juguete no pierda intensidad cuando lo presiones con fuerza sobre el cuerpo y puedas disfrutar con total libertad.<\/p>\n<ul>\n<li>PARA A\u00d1OS Y A\u00d1OS DE PLACER: hecho para la satisfacci\u00f3n duradera<\/li>\n<li>8 OPCIONES DE PLACER: desde un suave murmullo a una vibraci\u00f3n extrema<\/li>\n<li>SUSURRO SILENCIOSO: discreto placer, en cualquier lugar<\/li>\n<li>BATER\u00cdA M\u00c1S DURADERA: m\u00e1s tiempo de placer<\/li>\n<li>100 % IMPERMEABLE: perfecto para el ba\u00f1o y la ducha<\/li>\n<li>SILICONA EXTRASUAVE: silicona de alta calidad c\u00e1lida y agradable al tacto<\/li>\n<\/ul>\n<p><strong>CONTENIDO<\/strong><\/p>\n<ul>\n<li>ENIGMA\u2122 Cruise<\/li>\n<li>Cable de carga USB<\/li>\n<li>Funda protectora de sat\u00e9n<\/li>\n<li>Tarjeta de registro de la garant\u00eda<\/li>\n<li>Manual de instrucciones completo<\/li>\n<\/ul>\n<p><strong>CARACTER\u00cdSTICAS<\/strong><\/p>\n<ul>\n<li>Material: silicona segura para el cuerpo y pl\u00e1stico ABS<\/li>\n<li>Color: Black<\/li>\n<li>Interfaz: 3 botones y 2 ledes<\/li>\n<li>Apagado: autom\u00e1ticamente pasados 20 minutos<\/li>\n<li>Frecuencia: 60 Hz \/ 100 Hz<\/li>\n<li>Bater\u00eda: Li-ion 850 mAh 3.7 V<\/li>\n<li>Tiempo de uso: hasta 2 horas<\/li>\n<li>En espera: hasta 90 d\u00edas<\/li>\n<li>Tama\u00f1o: 100 x 50 x 185 mm<\/li>\n<li>Longitud insertable: 140 mm<\/li>\n<li>Peso (solo el producto): 196 g<\/li>\n<\/ul>","protected":false},"excerpt":{"rendered":"<p>LELO &#8211; ENIGMA CRUISE DOUBLE STIMULATION SONIC MASSAGER PURPLE<\/p>","protected":false},"featured_media":93641,"comment_status":"open","ping_status":"closed","template":"","meta":{"_eb_attr":""},"product_brand":[],"product_cat":[1159],"product_tag":[],"class_list":{"0":"post-39032","1":"product","2":"type-product","3":"status-publish","4":"has-post-thumbnail","6":"product_cat-juguetes-bienestar-vibradores","7":"yith_product_brand-lelo","9":"first","10":"instock","11":"taxable","12":"shipping-taxable","13":"purchasable","14":"product-type-simple"},"_links":{"self":[{"href":"https:\/\/www.bananatreeshop.com\/pt\/wp-json\/wp\/v2\/product\/39032","targetHints":{"allow":["GET"]}}],"collection":[{"href":"https:\/\/www.bananatreeshop.com\/pt\/wp-json\/wp\/v2\/product"}],"about":[{"href":"https:\/\/www.bananatreeshop.com\/pt\/wp-json\/wp\/v2\/types\/product"}],"replies":[{"embeddable":true,"href":"https:\/\/www.bananatreeshop.com\/pt\/wp-json\/wp\/v2\/comments?post=39032"}],"wp:featuredmedia":[{"embeddable":true,"href":"https:\/\/www.bananatreeshop.com\/pt\/wp-json\/wp\/v2\/media\/93641"}],"wp:attachment":[{"href":"https:\/\/www.bananatreeshop.com\/pt\/wp-json\/wp\/v2\/media?parent=39032"}],"wp:term":[{"taxonomy":"product_brand","embeddable":true,"href":"https:\/\/www.bananatreeshop.com\/pt\/wp-json\/wp\/v2\/product_brand?post=39032"},{"taxonomy":"product_cat","embeddable":true,"href":"https:\/\/www.bananatreeshop.com\/pt\/wp-json\/wp\/v2\/product_cat?post=39032"},{"taxonomy":"product_tag","embeddable":true,"href":"https:\/\/www.bananatreeshop.com\/pt\/wp-json\/wp\/v2\/product_tag?post=39032"}],"curies":[{"name":"wp","href":"https:\/\/api.w.org\/{rel}","templated":true}]}}