{"id":39081,"date":"2025-07-09T23:01:42","date_gmt":"2025-07-09T23:01:42","guid":{"rendered":"https:\/\/www.bananatreeshop.com\/?post_type=product&#038;p=39081"},"modified":"2026-04-16T02:04:47","modified_gmt":"2026-04-16T02:04:47","slug":"satisfyer-deep-diver-vibrating-plug-app-grey","status":"publish","type":"product","link":"https:\/\/www.bananatreeshop.com\/pt\/produto\/satisfyer-deep-diver-vibrating-plug-app-grey\/","title":{"rendered":"SATISFYER &#8211; DEEP DIVER PLUG VIBRADOR APP GRIS"},"content":{"rendered":"<p>Satisfyer Deep Diver Connect App, controlado por la aplicaci\u00f3n, proporciona una estimulaci\u00f3n especialmente estimulante: El vibrador anal inspira con una sensual estructura esf\u00e9rica y potentes vibraciones. La amplia base garantiza un juego seguro.<\/p>\n<p><strong>Informaci\u00f3n del producto &#8220;Satisfyer Deep Diver Connect App&#8221;<\/strong><\/p>\n<ul>\n<li>Compatible con la aplicaci\u00f3n gratuita de Satisfyer, disponible para iOS y Android<\/li>\n<li>El potente motor transmite intensos ritmos de vibraci\u00f3n por todo el dispositivo<\/li>\n<li>Unisex, apto para todos los g\u00e9neros<\/li>\n<li>12 programas de vibraci\u00f3n<\/li>\n<li>15 a\u00f1os de garant\u00eda<\/li>\n<li>Tambi\u00e9n se puede utilizar sin la aplicaci\u00f3n<\/li>\n<li>Vibraci\u00f3n profunda s\u00faper fuerte<\/li>\n<li>Los programas preestablecidos se pueden editar<\/li>\n<li>Silicona amigable con el cuerpo<\/li>\n<li>La aplicaci\u00f3n ofrece una gama interminable de programas<\/li>\n<li>Impermeable (IPX7)<\/li>\n<li>Modo Susurro<\/li>\n<li>Bater\u00eda recargable de iones de litio<\/li>\n<li>Cable de carga USB magn\u00e9tico incluido<\/li>\n<li>F\u00e1cil de limpiar<\/li>\n<\/ul>\n<p><strong>Satisfyer Deep Diver Connect App: Ad\u00e9ntrate en el mundo de la estimulaci\u00f3n anal<strong> <\/strong><\/strong><\/p>\n<p>El Satisfyer Deep Diver Connect App te permite disfrutar de una extraordinaria versatilidad en los juegos anales: el tap\u00f3n anal vibrador te acaricia con su estructura esf\u00e9rica ascendente y voluminosa de 2 piezas, que facilita la inserci\u00f3n del vibrador anal. Por ello, el Deep Diver resulta especialmente ideal para aquellos que ya hayan tenido su primera experiencia con el juego anal vers\u00e1til y quieran pasar, por ejemplo, de las bolas anales a los vibradores anales. El potente motor te seduce con sus intensas vibraciones, mientras que la base alargada y ancha garantiza siempre un gran placer seguro.<\/p>\n<p><strong><strong>M\u00e1s versatilidad con la aplicaci\u00f3n Satisfyer Connect <\/strong><\/strong><\/p>\n<p>El Satisfyer Deep Diver Connect App te ofrece adem\u00e1s la posibilidad de controlarlo a trav\u00e9s de una aplicaci\u00f3n: Gracias a la aplicaci\u00f3n gratuita Satisfyer Connect, puedes controlar el vibrador anal desde cualquier parte del mundo a trav\u00e9s de Internet, emparejar el generador de placer con tu lista de reproducci\u00f3n favorita en Spotify o crear tus propios programas de vibraci\u00f3n y transferirlos al Satisfyer: \u00a1las posibilidades son infinitas! Los 12 programas de vibraci\u00f3n predefinidos del tap\u00f3n anal tambi\u00e9n se pueden controlar intuitivamente sin la aplicaci\u00f3n a trav\u00e9s del bot\u00f3n One Touch.<\/p>\n<p>Gracias a su acabado impermeable (IPX7), el Satisfyer Deep Diver Connect App tambi\u00e9n se puede utilizar en los lugares m\u00e1s h\u00famedos, como bajo la ducha o en la ba\u00f1era. dem\u00e1s, la suave superficie de silicona inocua para el cuerpo se puede limpiar f\u00e1cilmente con agua tibia y un jab\u00f3n suave. Las bater\u00edas integradas se pueden recargar a trav\u00e9s del cable de carga USB incluido.<\/p>\n<p>Gracias a sus distintas formas, dimensiones manejables y facilidad de uso, los vibradores anales unisex de la serie Satisfyer Plug Vibrator resultan especialmente convenientes para las personas que se inician en el juego anal. Para disfrutar sin problemas y de una forma m\u00e1s c\u00f3moda, se recomienda utilizar siempre un lubricante a base de agua.<\/p>","protected":false},"excerpt":{"rendered":"<p>SATISFYER &#8211; DEEP DIVER VIBRATING PLUG APP GREY<\/p>","protected":false},"featured_media":61196,"comment_status":"open","ping_status":"closed","template":"","meta":{"_eb_attr":""},"product_brand":[],"product_cat":[1157,1355,258,1152,1377,1158,1159,1245,1216,1251],"product_tag":[],"class_list":{"0":"post-39081","1":"product","2":"type-product","3":"status-publish","4":"has-post-thumbnail","6":"product_cat-juguetes-bienestar-anal","7":"product_cat-bdsm-bondage-articulos-bdsm","8":"product_cat-bdsm-bondage","9":"product_cat-juguetes-bienestar","10":"product_cat-bdsm-bondage-articulos-bdsmplug-anal-bdsm","11":"product_cat-juguetes-bienestar-analplugs-anales","12":"product_cat-juguetes-bienestar-vibradores","13":"product_cat-juguetes-bienestar-analvibradores-anales","14":"product_cat-juguetes-bienestar-vibradoresvibradores-con-app","15":"product_cat-juguetes-bienestar-vibradoresvibradores-hi-tech","16":"pa_color-azul","17":"pa_color-gris","18":"pa_talla-talla-1","19":"yith_product_brand-satisfyer","20":"yith_product_brand-satisfyer-satisfyer-connect","22":"first","23":"instock","24":"taxable","25":"shipping-taxable","26":"purchasable","27":"product-type-variable","28":"has-default-attributes"},"_links":{"self":[{"href":"https:\/\/www.bananatreeshop.com\/pt\/wp-json\/wp\/v2\/product\/39081","targetHints":{"allow":["GET"]}}],"collection":[{"href":"https:\/\/www.bananatreeshop.com\/pt\/wp-json\/wp\/v2\/product"}],"about":[{"href":"https:\/\/www.bananatreeshop.com\/pt\/wp-json\/wp\/v2\/types\/product"}],"replies":[{"embeddable":true,"href":"https:\/\/www.bananatreeshop.com\/pt\/wp-json\/wp\/v2\/comments?post=39081"}],"wp:featuredmedia":[{"embeddable":true,"href":"https:\/\/www.bananatreeshop.com\/pt\/wp-json\/wp\/v2\/media\/61196"}],"wp:attachment":[{"href":"https:\/\/www.bananatreeshop.com\/pt\/wp-json\/wp\/v2\/media?parent=39081"}],"wp:term":[{"taxonomy":"product_brand","embeddable":true,"href":"https:\/\/www.bananatreeshop.com\/pt\/wp-json\/wp\/v2\/product_brand?post=39081"},{"taxonomy":"product_cat","embeddable":true,"href":"https:\/\/www.bananatreeshop.com\/pt\/wp-json\/wp\/v2\/product_cat?post=39081"},{"taxonomy":"product_tag","embeddable":true,"href":"https:\/\/www.bananatreeshop.com\/pt\/wp-json\/wp\/v2\/product_tag?post=39081"}],"curies":[{"name":"wp","href":"https:\/\/api.w.org\/{rel}","templated":true}]}}