{"id":39118,"date":"2025-07-17T20:00:54","date_gmt":"2025-07-17T20:00:54","guid":{"rendered":"https:\/\/www.bananatreeshop.com\/?post_type=product&#038;p=39118"},"modified":"2026-04-04T05:05:15","modified_gmt":"2026-04-04T05:05:15","slug":"satisfyer-pearl-diver-air-pulse-stimulator-vibrator-green","status":"publish","type":"product","link":"https:\/\/www.bananatreeshop.com\/pt\/produto\/satisfyer-pearl-diver-air-pulse-stimulator-vibrator-green\/","title":{"rendered":"SATISFYER &#8211; PEARL DIVER ESTIMULADOR Y VIBRADOR VIOLETA"},"content":{"rendered":"<p>\u00a1Brilla como una perla! Pearl Diver, que funciona como ning\u00fan otro, es la innovaci\u00f3n m\u00e1s atractiva de los vibradores con tecnolog\u00eda Air Pulse dobles. Disfruta de la combinaci\u00f3n de la tecnolog\u00eda Air Pulse con las vibraciones para una estimulaci\u00f3n m\u00e1s intensa del cl\u00edtoris.<\/p>\n<p><strong>Informaci\u00f3n del producto &#8220;Satisfyer Pearl Diver&#8221;<\/strong><\/p>\n<ul>\n<li>Estimulaci\u00f3n del cl\u00edtoris mediante vibraciones y ondas de presi\u00f3n<\/li>\n<li>Fabricado con silicona m\u00e9dica s\u00faper suave e inocua para la piel y con un tacto sedoso y extremadamente higi\u00e9nico<\/li>\n<li>Gracias a su acabado impermeable (IPX7), este dispositivo de bienestar sexual se puede utilizar de forma segura en el agua y es f\u00e1cil de limpiar<\/li>\n<li>2 motores con control independiente<\/li>\n<li>11 intensidades de onda de presi\u00f3n + 12 programas de vibraci\u00f3n<\/li>\n<li>15 a\u00f1os de garant\u00eda<\/li>\n<li>Fabricado con silicona de grado m\u00e9dico supersuave, agradable para la piel, suave al tacto y extremadamente higi\u00e9nica<\/li>\n<li>Modo susurro<\/li>\n<li>Bater\u00eda recargable de iones de litio<\/li>\n<li>Gracias a su acabado impermeable (IPX7), este juguete se puede usar de forma segura en el agua, adem\u00e1s de ser f\u00e1cil de limpiar<\/li>\n<li>Cable de carga USB magn\u00e9tico incluido<\/li>\n<li>F\u00e1cil de limpiar<\/li>\n<\/ul>\n<p><strong>Qu\u00e9 otras ventajas presenta el vibrador Satisfyer Pearl Diver?<\/strong><\/p>\n<p>Este atractivo, colorido y divertido generador de placer, ideal para las principiantes, ofrece unas experiencias m\u00e1s refinadas y cuenta con una gran cantidad de sensaciones a descubrir y disfrutar.<\/p>\n<p>Gracias a sus dos motores que se pueden controlar por separado, Pearl Diver te permitir\u00e1 descubrir sus 11 intensidades diferentes de ondas de presi\u00f3n, as\u00ed como sus 12 niveles de vibraci\u00f3n, sumando un total de 132 combinaciones placenteras diferentes. Agarra c\u00f3modamente la forma compacta, similar a una concha, y disfruta de los detalles acanalados para sentir un mayor placer.<\/p>\n<p>Pearl Diver est\u00e1 fabricado con silicona inocua para el cuerpo, es recargable e impermeable (IPX7). \u00a1Sum\u00e9rgete en lo m\u00e1s profundo!<\/p>","protected":false},"excerpt":{"rendered":"<p>SATISFYER &#8211; PEARL DIVER AIR PULSE STIMULATOR  VIBRATOR GREEN<\/p>","protected":false},"featured_media":86266,"comment_status":"open","ping_status":"closed","template":"","meta":{"_eb_attr":""},"product_brand":[],"product_cat":[1250,1152,1153,1260,1449,1159,1263],"product_tag":[],"class_list":{"0":"post-39118","1":"product","2":"type-product","3":"status-publish","4":"has-post-thumbnail","6":"product_cat-juguetes-bienestar-juguetes-para-mujeresestimuladores","7":"product_cat-juguetes-bienestar","8":"product_cat-juguetes-bienestar-juguetes-para-mujeres","9":"product_cat-juguetes-bienestar-juguetes-para-mujeresestimuladorespara-clitoris","10":"product_cat-juguetes-bienestar-juguetes-para-mujeresestimuladoressuccionadores-con-vibracion","11":"product_cat-juguetes-bienestar-vibradores","12":"product_cat-juguetes-bienestar-vibradoresvibradores-succionadores-ondas-presion","13":"pa_color-lila","14":"pa_color-verde","15":"yith_product_brand-satisfyer","16":"yith_product_brand-satisfyer-satisfyer-air-pulse","18":"first","19":"instock","20":"taxable","21":"shipping-taxable","22":"purchasable","23":"product-type-variable","24":"has-default-attributes"},"_links":{"self":[{"href":"https:\/\/www.bananatreeshop.com\/pt\/wp-json\/wp\/v2\/product\/39118","targetHints":{"allow":["GET"]}}],"collection":[{"href":"https:\/\/www.bananatreeshop.com\/pt\/wp-json\/wp\/v2\/product"}],"about":[{"href":"https:\/\/www.bananatreeshop.com\/pt\/wp-json\/wp\/v2\/types\/product"}],"replies":[{"embeddable":true,"href":"https:\/\/www.bananatreeshop.com\/pt\/wp-json\/wp\/v2\/comments?post=39118"}],"wp:featuredmedia":[{"embeddable":true,"href":"https:\/\/www.bananatreeshop.com\/pt\/wp-json\/wp\/v2\/media\/86266"}],"wp:attachment":[{"href":"https:\/\/www.bananatreeshop.com\/pt\/wp-json\/wp\/v2\/media?parent=39118"}],"wp:term":[{"taxonomy":"product_brand","embeddable":true,"href":"https:\/\/www.bananatreeshop.com\/pt\/wp-json\/wp\/v2\/product_brand?post=39118"},{"taxonomy":"product_cat","embeddable":true,"href":"https:\/\/www.bananatreeshop.com\/pt\/wp-json\/wp\/v2\/product_cat?post=39118"},{"taxonomy":"product_tag","embeddable":true,"href":"https:\/\/www.bananatreeshop.com\/pt\/wp-json\/wp\/v2\/product_tag?post=39118"}],"curies":[{"name":"wp","href":"https:\/\/api.w.org\/{rel}","templated":true}]}}