{"id":39409,"date":"2025-07-10T13:01:39","date_gmt":"2025-07-10T13:01:39","guid":{"rendered":"https:\/\/www.bananatreeshop.com\/?post_type=product&#038;p=39409"},"modified":"2026-04-17T06:02:04","modified_gmt":"2026-04-17T06:02:04","slug":"satisfyer-pro-2-air-pulse-stimulator-violet","status":"publish","type":"product","link":"https:\/\/www.bananatreeshop.com\/pt\/produto\/satisfyer-pro-2-air-pulse-stimulator-violet\/","title":{"rendered":"SATISFYER PRO 2 ESTIMULADOR &#8211; VIOLETA"},"content":{"rendered":"<p>Nuestro cl\u00e1sico y elegante Pro 2 estrena nuestra tecnolog\u00eda patentada Air-Pulse, pensada para excitar tu cl\u00edtoris hasta alcanzar un aut\u00e9ntico \u00e9xtasis. Con un motor silencioso y un cabezal de silicona suave, el Pro 2 proporciona el estado de \u00e1nimo para alcanzar el punto \u00e1lgido de tu deseo.<\/p>\n<p><strong>Informaci\u00f3n del producto &#8220;Satisfyer PRO 2&#8221;<\/strong><\/p>\n<ul>\n<li>Estimula el cl\u00edtoris utilizando intensas ondas de presi\u00f3n sin contacto directo<\/li>\n<li>Fabricado con silicona de grado m\u00e9dico supersuave, agradable para la piel, suave al tacto y extremadamente higi\u00e9nica<\/li>\n<li>Gracias a su acabado impermeable (IPX7), este juguete se puede usar de forma segura en el agua, adem\u00e1s de ser f\u00e1cil de limpiar<\/li>\n<li>11 intensidades de onda de presi\u00f3n<\/li>\n<li>15 a\u00f1os de garant\u00eda<\/li>\n<li>Fabricado con silicona de grado m\u00e9dico supersuave, agradable para la piel, suave al tacto y extremadamente higi\u00e9nica<\/li>\n<li>Modo susurro<\/li>\n<li>Bater\u00eda recargable de iones de litio<\/li>\n<li>Gracias a su acabado impermeable (IPX7), este juguete se puede usar de forma segura en el agua, adem\u00e1s de ser f\u00e1cil de limpiar<\/li>\n<li>Cable de carga USB magn\u00e9tico incluido<\/li>\n<li>F\u00e1cil de limpiar<\/li>\n<\/ul>\n<p><strong>Satisfyer Pro 2: Vibrador de onda de presi\u00f3n con orgasmos garantizados<\/strong><\/p>\n<p>El Satisfyer Pro 2 cuenta con nuestra innovadora tecnolog\u00eda Air Pulse de Satisfyer, que acaricia tu cl\u00edtoris por medio de suaves e intensas ondas de presi\u00f3n. Gracias a sus excitantes pulsaciones, se ha vendido ya millones de veces. Con este bestseller experimentar\u00e1s unos orgasmos explosivos y nunca te cansar\u00e1s de este precioso producto de bienestar sexual. Nunca antes hab\u00eda sido tan f\u00e1cil mantener en equilibrio tu bienestar sexual.<\/p>\n<p><strong>Cu\u00e1les son las ventajas del Satisfyer Pro 2?<\/strong><\/p>\n<p>Adem\u00e1s de los aspectos destacados nunca antes vistos, Satisfyer Pro 2 de nueva generaci\u00f3n ofrece un dise\u00f1o optimizado del bot\u00f3n que te permite recorrer los 11 excitantes niveles de la onda de presi\u00f3n. Este dispositivo de bienestar sexual tambi\u00e9n es impermeable y se puede utilizar discretamente en la ba\u00f1era o bajo las s\u00e1banas gracias a su motor silencioso y discreto. Un c\u00f3modo cargador USB permite cargar f\u00e1cilmente la bater\u00eda y poner a punto el Satisfyer Pro 2 para las siguientes y emocionantes horas de diversi\u00f3n para ti. Para disfrutar de una experiencia a\u00fan m\u00e1s impresionante, puede usar un lubricante con base de agua: los lubricantes de Satisfyer est\u00e1n especialmente formulados para este producto de bienestar sexual y aportan un plus de placer.<\/p>\n<p>El cabezal de aplicaci\u00f3n de silicona suave es m\u00e1s grande y m\u00e1s ancho, de modo que envuelve tu cl\u00edtoris a\u00fan mejor y te proporciona unas experiencias \u00fanicas. Adem\u00e1s, se puede limpiar f\u00e1cilmente con agua y jab\u00f3n o con un limpiador de juguetes est\u00e9ril. Estamos tan convencidos de la calidad de nuestros productos que te ofrecemos una garant\u00eda de 15 a\u00f1os. Qu\u00e9 otra cosa te impide lanzarte a por este juguete de bienestar sexual incre\u00edblemente excitante?<\/p>","protected":false},"excerpt":{"rendered":"<p>SATISFYER &#8211; PRO 2 AIR PULSE STIMULATOR VIOLET<\/p>","protected":false},"featured_media":63570,"comment_status":"open","ping_status":"closed","template":"","meta":{"_eb_attr":""},"product_brand":[],"product_cat":[1250,1152,1153,1260,1262],"product_tag":[],"class_list":{"0":"post-39409","1":"product","2":"type-product","3":"status-publish","4":"has-post-thumbnail","6":"product_cat-juguetes-bienestar-juguetes-para-mujeresestimuladores","7":"product_cat-juguetes-bienestar","8":"product_cat-juguetes-bienestar-juguetes-para-mujeres","9":"product_cat-juguetes-bienestar-juguetes-para-mujeresestimuladorespara-clitoris","10":"product_cat-juguetes-bienestar-juguetes-para-mujeresestimuladoressuccionadores-sin-vibracion","11":"pa_color-azul","12":"pa_color-lila","13":"yith_product_brand-satisfyer","14":"yith_product_brand-satisfyer-satisfyer-air-pulse","16":"first","17":"instock","18":"taxable","19":"shipping-taxable","20":"purchasable","21":"product-type-variable","22":"has-default-attributes"},"_links":{"self":[{"href":"https:\/\/www.bananatreeshop.com\/pt\/wp-json\/wp\/v2\/product\/39409","targetHints":{"allow":["GET"]}}],"collection":[{"href":"https:\/\/www.bananatreeshop.com\/pt\/wp-json\/wp\/v2\/product"}],"about":[{"href":"https:\/\/www.bananatreeshop.com\/pt\/wp-json\/wp\/v2\/types\/product"}],"replies":[{"embeddable":true,"href":"https:\/\/www.bananatreeshop.com\/pt\/wp-json\/wp\/v2\/comments?post=39409"}],"wp:featuredmedia":[{"embeddable":true,"href":"https:\/\/www.bananatreeshop.com\/pt\/wp-json\/wp\/v2\/media\/63570"}],"wp:attachment":[{"href":"https:\/\/www.bananatreeshop.com\/pt\/wp-json\/wp\/v2\/media?parent=39409"}],"wp:term":[{"taxonomy":"product_brand","embeddable":true,"href":"https:\/\/www.bananatreeshop.com\/pt\/wp-json\/wp\/v2\/product_brand?post=39409"},{"taxonomy":"product_cat","embeddable":true,"href":"https:\/\/www.bananatreeshop.com\/pt\/wp-json\/wp\/v2\/product_cat?post=39409"},{"taxonomy":"product_tag","embeddable":true,"href":"https:\/\/www.bananatreeshop.com\/pt\/wp-json\/wp\/v2\/product_tag?post=39409"}],"curies":[{"name":"wp","href":"https:\/\/api.w.org\/{rel}","templated":true}]}}