{"id":39635,"date":"2025-07-10T00:00:55","date_gmt":"2025-07-10T00:00:55","guid":{"rendered":"https:\/\/www.bananatreeshop.com\/?post_type=product&#038;p=39635"},"modified":"2026-04-03T13:02:12","modified_gmt":"2026-04-03T13:02:12","slug":"mythology-asher-original-dildo-s-vibrator-compatible-with-watchme-wireless-technology","status":"publish","type":"product","link":"https:\/\/www.bananatreeshop.com\/pt\/produto\/mythology-asher-original-dildo-s-vibrator-compatible-with-watchme-wireless-technology\/","title":{"rendered":"MYTHOLOGY &#8211; ASHER ORIGINAL DILDO S &#8211; VIBRADOR COMPATIBLE CON WATCHME WIRELESS TECHNOLOGY"},"content":{"rendered":"<p><strong>MYTHOLOGY\u00a0ASHER-ORIGINAL FANTASY DILDO<\/strong>\u00a0&#8211; Pensados para llamar la atenci\u00f3n<\/p>\n<p>No todo es fantas\u00eda y ficci\u00f3n, ASHER ORIGINAL es el candidato perfecto para sorprender a los amantes de la autenticidad, el tacto de la piel y el tama\u00f1o perfecto que toda persona querr\u00eda desear en su interior. ASHER es el \u00fanico dildo en acabado realista de todos sus hermanos, lo que da la opci\u00f3n a los amantes del tacto y calor del cuerpo humano de poder formar parte de Mythology. Las estr\u00edas, curvatura y di\u00e1metro de ASHER est\u00e1 pensado para estimular zonas er\u00f3genas y poder ser puesto en uno de los STRAP de Mythology. Sea cual sea la elecci\u00f3n del color del STRAP, ASHER llamar\u00e1 la atenci\u00f3n, convirti\u00e9ndose en el mejor regalo que hacer a una persona especial.<\/p>\n<ul>\n<li>Talla: S<\/li>\n<li>Longitud Total: 18\u00a0cm<\/li>\n<li>Longitud Insertable: 14.5\u00a0cm<\/li>\n<li>Diametro: 3.5 cm<\/li>\n<li>Color: Piel<\/li>\n<li>Vibraci\u00f3n super potente (incluye cargador USB magn\u00e9tico)<\/li>\n<li>Compatible con <strong>Watchme\u00a0Wireless Technology\u00a0<\/strong>(no incluye reloj control remoto)<\/li>\n<li>Se recomienda su uso con lubricantes de base agua<\/li>\n<li>Incluye GRATIS\u00a0monodosis WATERFEEL NATURAL 6 ml<\/li>\n<\/ul>\n<p><strong>MYTHOLOGY\u00a0<\/strong>consta de una gama de dildos, todos ellos de silicona de alta gama, disponibles en dos versiones (con vibraci\u00f3n y sin vibraci\u00f3n) y distintos tama\u00f1os (S, M, L). La versi\u00f3n con vibraci\u00f3n, recargable, compatible con la tecnolog\u00eda Watchme.<\/p>\n<p><strong>Cu\u00e1les son los beneficios de usar MYTHOLOGY\u00a0?<\/strong><\/p>\n<p>El disfrutar de tener relaciones sexuales es, para muchos, un tab\u00fa, m\u00e1s a\u00fan cuando se habla de pr\u00e1cticas sexuales con algunos elementos adicionales poco comunes o tradicionales.<\/p>\n<p>Dentro de estas pr\u00e1cticas opcionales, nace MYTHOLOGY en la l\u00ednea de juguetes sexuales innovadores; sin embargo, para \u00a0Cu\u00e1les son los beneficios de usar esta innovadora y exclusiva marca?<\/p>\n<p>La marca MYTHOLOGY\u00a0son dildos que sirven tanto para la autoestimulaci\u00f3n (masturbaci\u00f3n), as\u00ed como para intensificar el placer con la pareja. Es poco sabido que los juguetes sexuales no solo sirven para aumentar el disfrute en nuestra sexualidad, sino tambi\u00e9n ayudan a mejorar y a resolver disfunciones sexuales. Por otro lado, tienen m\u00e1s usos de los que pensamos y no tiene por qu\u00e9 ser usado como un reemplazo de algo, sino que m\u00e1s bien puede complementarse bastante bien con lo que ya sabemos usar.<\/p>\n<p>A continuaci\u00f3n, conozcamos los beneficios de utilizar la nueva l\u00ednea de intensificadores del placer MYTHOLOGY, tanto para nuestro uso individual como cuando estamos con la pareja y buscamos alcanzar el placer de diferentes maneras:<\/p>\n<ul>\n<li><strong>Desc\u00fabrete<\/strong><\/li>\n<\/ul>\n<p>MYTHOLOGY\u00a0te permite\u00a0saber qu\u00e9 es lo que te gusta, donde te gusta y de qu\u00e9 forma te gusta. Te ayuda a conocerte mejor y a descubrir nuevas zonas er\u00f3genas y disfrutarlas.<\/p>\n<ul>\n<li><strong>Explora<\/strong><\/li>\n<\/ul>\n<p>MYTHOLOGY\u00a0ofrece una amplia gama de dildos con Vibraci\u00f3n fabricados 100% en silicona medica.<\/p>\n<p>Adem\u00e1s se adaptan a la l\u00ednea <strong>Fantasy Mythologic Harness<\/strong>\u00a0que complementan una l\u00ednea de dildos \u00fanica en calidad, forma y presentaci\u00f3n.<\/p>\n<ul>\n<li><strong>Rompe la monoton\u00eda<\/strong><\/li>\n<\/ul>\n<p>El practicar con MYTHOLOGY\u00a0te permitir\u00e1 jugar y probar nuevas sensaciones, rompiendo la rutina de lo que estamos habituados a hacer.<\/p>\n<ul>\n<li><strong>Complem\u00e9ntate<\/strong><\/li>\n<\/ul>\n<p>MYTHOLOGY\u00a0no tiene el objetivo de reemplazar sino y sobre todo para complementar durante el sexo. Ya sea explorando zonas er\u00f3genas o acompa\u00f1ando la penetraci\u00f3n, etc.<\/p>\n<ul>\n<li><strong>Con\u00f3cete<\/strong><\/li>\n<\/ul>\n<p>Te facilitar\u00e1 conocerte a ti misma(o), de tal forma que sepas que te gusta que no y gracias a esta informaci\u00f3n, compartir a tu pareja que es lo que te agrada o no te agrada del sexo.<\/p>\n<ul>\n<li><strong>Lib\u00e9rate<\/strong><\/li>\n<\/ul>\n<p>Es muy importante que, para utilizar estos objetivos, est\u00e9s lo m\u00e1s libre posible de juicios o culpas, pues el disfrutar de la sexualidad te ayudar\u00e1 a liberar el estr\u00e9s acumulado durante el d\u00eda aliviando dolores de cabeza, dolores de espalda, ayud\u00e1ndote a sentirte mejor y favoreciendo tus orgasmos.<\/p>\n<ul>\n<li><strong>Act\u00edvate<\/strong><\/li>\n<\/ul>\n<p>MYTHOLOGY\u00a0permite\u00a0mantener tu vida sexual activa, disfrutando un poco m\u00e1s de las relaciones con tu pareja y a mantener vivo el deseo.<\/p>\n<p align=\"center\"><strong>QU\u00c9 ES MYTHOLOGY BRAND?<\/strong><\/p>\n<p>Mythology\u00a0consta de una gama de dildos, todos ellos de silicona liquida PREMIUM, disponibles en dos versiones (con vibraci\u00f3n y sin vibraci\u00f3n) y distintos tama\u00f1os (S, M, L). La versi\u00f3n con vibraci\u00f3n, recargable, es 100% compatible con la tecnolog\u00eda <strong>Watchme<\/strong>.<\/p>\n<p>Acabados y terminaciones completamente \u00fanicas, Ferrosos, Duotono o Galactico.<\/p>\n<p>El acabado y la terminaci\u00f3n no es solo especial visiblemente, tambi\u00e9n interiormente, una innovadora silicona liquida PREMIUM que cambia de color en base a la temperatura.<\/p>\n<p><strong>Presentaci\u00f3n \u00danica.<\/strong><\/p>\n<p>Abrir un producto MYTHOLOGY\u00a0es una autentica experiencia, visiblemente desde el exterior puedes ver el interior, en un envase totalmente cil\u00edndrico que permite ver que puede esperar\u00a0al descubrir el interior.\u00a0 De forma totalmente visual, cada MYTHOLOGY\u00a0dispone de unos logos que permiten visualizar si dispone de vibraci\u00f3n y si es compatible con la tecnolog\u00eda <strong>WATCHME\u00a0<\/strong>(reloj de control remoto).<\/p>\n<p><strong>QUE TIENEN EN COMUN LOS DILDOS MYTHOLOGY?<\/strong><\/p>\n<p>La respuesta m\u00e1s obvia es, por supuesto, su tama\u00f1o, seguido de cerca por su forma mejor que la realidad. Nuevo dise\u00f1o, totalmente popular entre las personas que ya han tenido la oportunidad de probarlo. La punta de los dildos MYTHOLOGY\u00a0es incre\u00edble para el masaje del punto G o de la pr\u00f3stata, solo o en pareja. El eje firme tiene la flexi\u00f3n suficiente para jugar f\u00e1cilmente, y su silicona liquida PREMIUM amortigua mientras juegas.<\/p>\n<p><strong>TIENEN LOS DILDOS MYTHOLOGY VIBRACI\u00d3N?<\/strong><\/p>\n<p>Si, toda la gama MYTHOLOGY\u00a0estar\u00e1 disponible con vibraci\u00f3n o sin vibraci\u00f3n. La gama con vibraci\u00f3n ser\u00e1 compatible con el reloj control remoto <strong>WATCHME<\/strong>.<\/p>\n<p><strong>PUEDO LLEVAR ESTE DILDO DE SILICONA EN UN ARN\u00c9S?<\/strong><\/p>\n<p>Por qui\u00e9n nos tomas? Crees que dise\u00f1ar\u00edamos este hermoso esp\u00e9cimen y no te dejar\u00edamos atarlo? No solo es excelente en un arn\u00e9s, sino que tambi\u00e9n la base delgada lo convierte en un juego extra sexy.<\/p>\n<p>Toda la gama MYTHOLOGY\u00a0dispone de un arn\u00e9s compatible en talla S\/M y\u00a0L\/XL.<\/p>\n<p><strong>MYTHOLOGY TIENE UNA BASE DE SUCCI\u00d3N?<\/strong><\/p>\n<p>\u00a1Ciertamente lo hace! Puede que no lo parezca, pero puede sujetarse a superficies lisas y planas, como espejos y paredes de duchas. Incluso puedes pegarlo al suelo\u00a0liso para jugar.<\/p>\n<ul>\n<li>Recuerda&#8230; MYTHOLOGY\u00a0es el nuevo dildo vers\u00e1til<\/li>\n<li>Una longitud incre\u00edble para probar diferentes posiciones<\/li>\n<li>Impresionante para jugar con correa, incluido pegging<\/li>\n<li>Silicona firme pero flexible con la elasticidad justa<\/li>\n<li>La base extrafina te permite acercarte m\u00e1s que nunca<\/li>\n<\/ul>","protected":false},"excerpt":{"rendered":"<p>MYTHOLOGY &#8211; ASHER ORIGINAL DILDO S &#8211; VIBRATOR COMPATIBLE WITH WATCHME WIRELESS TECHNOLOGY<\/p>","protected":false},"featured_media":61234,"comment_status":"open","ping_status":"closed","template":"","meta":{"_eb_attr":""},"product_brand":[],"product_cat":[1160,1152,1159,1161,1233],"product_tag":[],"class_list":{"0":"post-39635","1":"product","2":"type-product","3":"status-publish","4":"has-post-thumbnail","6":"product_cat-juguetes-bienestar-vibradores100-sumergible","7":"product_cat-juguetes-bienestar","8":"product_cat-juguetes-bienestar-vibradores","9":"product_cat-juguetes-bienestar-vibradoresvibradores-control-remoto","10":"product_cat-juguetes-bienestar-vibradoresvibradores-realisticos","11":"yith_product_brand-mythology","12":"yith_product_brand-mythologymythology-fantasy-dildo","14":"first","15":"instock","16":"taxable","17":"shipping-taxable","18":"purchasable","19":"product-type-simple"},"_links":{"self":[{"href":"https:\/\/www.bananatreeshop.com\/pt\/wp-json\/wp\/v2\/product\/39635","targetHints":{"allow":["GET"]}}],"collection":[{"href":"https:\/\/www.bananatreeshop.com\/pt\/wp-json\/wp\/v2\/product"}],"about":[{"href":"https:\/\/www.bananatreeshop.com\/pt\/wp-json\/wp\/v2\/types\/product"}],"replies":[{"embeddable":true,"href":"https:\/\/www.bananatreeshop.com\/pt\/wp-json\/wp\/v2\/comments?post=39635"}],"wp:featuredmedia":[{"embeddable":true,"href":"https:\/\/www.bananatreeshop.com\/pt\/wp-json\/wp\/v2\/media\/61234"}],"wp:attachment":[{"href":"https:\/\/www.bananatreeshop.com\/pt\/wp-json\/wp\/v2\/media?parent=39635"}],"wp:term":[{"taxonomy":"product_brand","embeddable":true,"href":"https:\/\/www.bananatreeshop.com\/pt\/wp-json\/wp\/v2\/product_brand?post=39635"},{"taxonomy":"product_cat","embeddable":true,"href":"https:\/\/www.bananatreeshop.com\/pt\/wp-json\/wp\/v2\/product_cat?post=39635"},{"taxonomy":"product_tag","embeddable":true,"href":"https:\/\/www.bananatreeshop.com\/pt\/wp-json\/wp\/v2\/product_tag?post=39635"}],"curies":[{"name":"wp","href":"https:\/\/api.w.org\/{rel}","templated":true}]}}