{"id":39916,"date":"2025-07-17T20:01:03","date_gmt":"2025-07-17T20:01:03","guid":{"rendered":"https:\/\/www.bananatreeshop.com\/?post_type=product&#038;p=39916"},"modified":"2026-04-04T05:05:31","modified_gmt":"2026-04-04T05:05:31","slug":"satisfyer-curvy-trinity-5-air-pulse-stimulator-vibrator-app-white","status":"publish","type":"product","link":"https:\/\/www.bananatreeshop.com\/pt\/produto\/satisfyer-curvy-trinity-5-air-pulse-stimulator-vibrator-app-white\/","title":{"rendered":"SATISFYER CURVY TRINITY 5 ESTIMULADOR Y VIBRADOR APP &#8211; AZUL"},"content":{"rendered":"<p>Con el Satisfyer Curvy Trinity 5+ obtienes el triple de diversi\u00f3n con un solo juguete: tres potentes motores ponen al peque\u00f1o amigo en movimiento y lo convierten en el amante perfecto para las personas que no pueden elegir entre una onda de presi\u00f3n y G-punto vibrador puede decidir.<\/p>\n<p><strong>Informaci\u00f3n del producto &#8220;Satisfyer Curvy Trinity 5+&#8221;<\/strong><\/p>\n<ul>\n<li>Estimulaci\u00f3n de cl\u00edtoris mediante\u00a0ondas de presi\u00f3n y estimulaci\u00f3n del punto G mediante vibraciones<\/li>\n<li>Compatible con la aplicaci\u00f3n gratuita de Satisfyer, disponible en iOS y Android<\/li>\n<li>Fabricado con silicona m\u00e9dica s\u00faper suave e inocua para la piel y con un tacto sedoso y extremadamente higi\u00e9nico<\/li>\n<li>Gracias a su acabado impermeable (IPX7), este dispositivo de bienestar sexual se puede utilizar de forma segura en el agua y es f\u00e1cil de limpiar<\/li>\n<li>15 a\u00f1os de garant\u00eda<\/li>\n<li>3 motores con control independiente<\/li>\n<li>11 intensidades de onda de presi\u00f3n + 12 programas de vibraci\u00f3n<\/li>\n<li>Posibilidad de utilizar tambi\u00e9n sin aplicaci\u00f3n<\/li>\n<li>Programas predefinidos editables<\/li>\n<li>Infinita variedad de programas a trav\u00e9s de la aplicaci\u00f3n<\/li>\n<li>Silicona inocua para el cuerpo Impermeable (IPX7)<\/li>\n<li>Modo susurro<\/li>\n<li>Bater\u00eda de iones de litio<\/li>\n<li>Cable de carga magn\u00e9tico USB incluido<\/li>\n<li>F\u00e1cil de limpiar<\/li>\n<\/ul>\n<p><strong>Placer infinito con Satisfyer Curvy Trinity 5+<\/strong><\/p>\n<p>\u00c9l es quien puede con todo: D\u00e9jate mimar el cl\u00edtoris con ondas de presi\u00f3n calientes o vibraciones intensas o utiliza el Satisfyer Curvy Trinity 5+ para un masaje del punto G. Con este \u00faltimo, corta una figura particularmente buena, porque la punta estrecha y los lados angulados del eje aseguran una estimulaci\u00f3n espec\u00edfica de su punto caliente. El juguete estable siempre es especialmente suave con la piel gracias a su suave superficie de silicona m\u00e9dica.<\/p>\n<p>Con 11 intensidades de onda de presi\u00f3n y 12 programas de vibraci\u00f3n, el Satisfyer Curvy Trinity 5+ sabe c\u00f3mo brindar variedad. No es suficiente para ti? Luego, simplemente con\u00e9ctelo a la aplicaci\u00f3n gratuita Satisfyer Connect, cree sus propios programas de vibraci\u00f3n o d\u00e9jese mimar al ritmo de su m\u00fasica favorita. Tambi\u00e9n puedes dejar que el Curvy Trinity 5+ te cuide en el agua fr\u00eda: gracias al procesamiento a prueba de agua (IPX7), no hay absolutamente nada que se interponga en el camino para usarlo en la ducha o en el ba\u00f1o. \u00a1Si eso no son m\u00e1s de tres argumentos para este todoterreno!<\/p>","protected":false},"excerpt":{"rendered":"<p>SATISFYER &#8211; CURVY TRINITY 5 AIR PULSE STIMULATOR  VIBRATOR APP WHITE<\/p>","protected":false},"featured_media":86297,"comment_status":"open","ping_status":"closed","template":"","meta":{"_eb_attr":""},"product_brand":[],"product_cat":[1250,1152,1153,1449,1159,1216,1251,1263],"product_tag":[],"class_list":{"0":"post-39916","1":"product","2":"type-product","3":"status-publish","4":"has-post-thumbnail","6":"product_cat-juguetes-bienestar-juguetes-para-mujeresestimuladores","7":"product_cat-juguetes-bienestar","8":"product_cat-juguetes-bienestar-juguetes-para-mujeres","9":"product_cat-juguetes-bienestar-juguetes-para-mujeresestimuladoressuccionadores-con-vibracion","10":"product_cat-juguetes-bienestar-vibradores","11":"product_cat-juguetes-bienestar-vibradoresvibradores-con-app","12":"product_cat-juguetes-bienestar-vibradoresvibradores-hi-tech","13":"product_cat-juguetes-bienestar-vibradoresvibradores-succionadores-ondas-presion","14":"pa_color-azul","15":"pa_color-blanco","16":"yith_product_brand-satisfyer","17":"yith_product_brand-satisfyer-satisfyer-connect","19":"first","20":"instock","21":"taxable","22":"shipping-taxable","23":"product-type-variable","24":"has-default-attributes"},"_links":{"self":[{"href":"https:\/\/www.bananatreeshop.com\/pt\/wp-json\/wp\/v2\/product\/39916","targetHints":{"allow":["GET"]}}],"collection":[{"href":"https:\/\/www.bananatreeshop.com\/pt\/wp-json\/wp\/v2\/product"}],"about":[{"href":"https:\/\/www.bananatreeshop.com\/pt\/wp-json\/wp\/v2\/types\/product"}],"replies":[{"embeddable":true,"href":"https:\/\/www.bananatreeshop.com\/pt\/wp-json\/wp\/v2\/comments?post=39916"}],"wp:featuredmedia":[{"embeddable":true,"href":"https:\/\/www.bananatreeshop.com\/pt\/wp-json\/wp\/v2\/media\/86297"}],"wp:attachment":[{"href":"https:\/\/www.bananatreeshop.com\/pt\/wp-json\/wp\/v2\/media?parent=39916"}],"wp:term":[{"taxonomy":"product_brand","embeddable":true,"href":"https:\/\/www.bananatreeshop.com\/pt\/wp-json\/wp\/v2\/product_brand?post=39916"},{"taxonomy":"product_cat","embeddable":true,"href":"https:\/\/www.bananatreeshop.com\/pt\/wp-json\/wp\/v2\/product_cat?post=39916"},{"taxonomy":"product_tag","embeddable":true,"href":"https:\/\/www.bananatreeshop.com\/pt\/wp-json\/wp\/v2\/product_tag?post=39916"}],"curies":[{"name":"wp","href":"https:\/\/api.w.org\/{rel}","templated":true}]}}