{"id":39922,"date":"2025-07-10T13:01:51","date_gmt":"2025-07-10T13:01:51","guid":{"rendered":"https:\/\/www.bananatreeshop.com\/?post_type=product&#038;p=39922"},"modified":"2026-04-05T10:45:12","modified_gmt":"2026-04-05T10:45:12","slug":"lelo-tiani-harmony-black-couples-massager","status":"publish","type":"product","link":"https:\/\/www.bananatreeshop.com\/pt\/produto\/lelo-tiani-harmony-black-couples-massager\/","title":{"rendered":"LELO &#8211; TIANI HARMONY MASAJEADOR PAREJAS NEGRO"},"content":{"rendered":"<p><strong>LA INTIMIDAD REDEFINIDA<\/strong><\/p>\n<p>TIANI\u2122 Harmony es un masajeador para parejas que se puede usar con aplicaci\u00f3n. Con dos motores que ofrecen intensas vibraciones durante el coito, su parte insertable es suave y proporciona placer a ambos, mientras que la parte externa est\u00e1 dise\u00f1ada para la estimulaci\u00f3n del cl\u00edtoris.<\/p>\n<ul>\n<li>EL DOBLE DE POTENCIA Dos motores con potentes vibraciones que ofrecen estimulaci\u00f3n interna y externa.<\/li>\n<li>MAYOR RANGO DE INTENSIDADES Experimenta distintos niveles de satisfacci\u00f3n con 10 intensos modos de placer.<\/li>\n<li>CONTROLADO POR APLICACI\u00d3N Conecta y controla tu dispositivo por Bluetooth para obtener m\u00e1s placer.<\/li>\n<li>COMPLETAMENTE SUMERGIBLE Y RECARGABLE POR USB Perfecto para el ba\u00f1o o la ducha, con m\u00e1s potencia y menos ruido.<\/li>\n<\/ul>\n<p><strong>C\u00d3MO USAR TIANY\u2122 HARMONY<\/strong><\/p>\n<p>* Antes del primer uso, carga tu TIANI\u2122 Harmony durante 2 horas.<\/p>\n<ul>\n<li>C\u00d3MO USAR EL PRODUCTO SIN LA APLICACI\u00d3N\n<ul>\n<li>Pulsa el bot\u00f3n para encenderlo.<\/li>\n<li>Los ledes titilar\u00e1n mostrando el nivel de carga de la bater\u00eda.<\/li>\n<li>Cuando los ledes dejen de titilar, mostrar\u00e1n el nivel de vibraci\u00f3n.<\/li>\n<li>Pulsa el bot\u00f3n para cambiar de modo. Est\u00e1n configurados al 100 % de su intensidad.<\/li>\n<li>Pulsa el bot\u00f3n del centro durante 3 segundos para apagarlo.<\/li>\n<\/ul>\n<\/li>\n<li>C\u00d3MO USAR EL PRODUCTO CON LA APLICACI\u00d3N\n<ul>\n<li>Pulsa el bot\u00f3n del centro durante 3 segundos para encenderlo a la vez que activas el Bluetooth.<\/li>\n<li>Todos los ledes titilar\u00e1n de manera simult\u00e1nea para mostrar que se est\u00e1 conectando con Bluetooth.<\/li>\n<li>Abre la aplicaci\u00f3n de TIANI\u2122 Harmony y, una vez hayas recibido el mensaje de confirmaci\u00f3n, pulsa el bot\u00f3n del centro para confirmar.<\/li>\n<li>Cuando los ledes brillen sin titilar, el dispositivo se habr\u00e1 conectado con \u00e9xito.<\/li>\n<li>En caso de que falle la conexi\u00f3n, el producto se apagar\u00e1 de forma autom\u00e1tica despu\u00e9s de 30 segundos.<\/li>\n<li>Los niveles de la bater\u00eda y la vibraci\u00f3n se pueden ver en la aplicaci\u00f3n.<\/li>\n<\/ul>\n<\/li>\n<\/ul>\n<p><strong>CARACTER\u00cdSTICAS<\/strong><\/p>\n<ul>\n<li>Materiales: PC, ABS y silicona biocompatible<\/li>\n<li>Tama\u00f1o: 45 x 30 x 90 mm<\/li>\n<li>Peso: 48 g<\/li>\n<li>Bater\u00eda: Li-ion 3.7 V 200 mAh<\/li>\n<li>Carga: 2 horas a 5.0 V 200 mA<\/li>\n<li>Tiempo de uso: Hasta 2 horas<\/li>\n<li>En espera: Hasta 90 d\u00edas<\/li>\n<li>Frecuencia del motor de vibraci\u00f3n 1: 208 Hz<\/li>\n<li>Frecuencia del motor de vibraci\u00f3n 2: 161 Hz<\/li>\n<li>Interfaz: 1 bot\u00f3n<\/li>\n<li>Modos: 4 (predeterminados), se pueden configurar hasta 10 a trav\u00e9s de la aplicaci\u00f3n<\/li>\n<\/ul>","protected":false},"excerpt":{"rendered":"<p>LELO &#8211; TIANI HARMONY BLACK COUPLES MASSAGER<\/p>","protected":false},"featured_media":63614,"comment_status":"open","ping_status":"closed","template":"","meta":{"_eb_attr":""},"product_brand":[],"product_cat":[1250,1152,1153,1252,1159,1251],"product_tag":[],"class_list":{"0":"post-39922","1":"product","2":"type-product","3":"status-publish","4":"has-post-thumbnail","6":"product_cat-juguetes-bienestar-juguetes-para-mujeresestimuladores","7":"product_cat-juguetes-bienestar","8":"product_cat-juguetes-bienestar-juguetes-para-mujeres","9":"product_cat-juguetes-bienestar-juguetes-para-mujeresestimuladoresmasajeadores","10":"product_cat-juguetes-bienestar-vibradores","11":"product_cat-juguetes-bienestar-vibradoresvibradores-hi-tech","12":"yith_product_brand-lelo","14":"first","15":"instock","16":"taxable","17":"shipping-taxable","18":"purchasable","19":"product-type-simple"},"_links":{"self":[{"href":"https:\/\/www.bananatreeshop.com\/pt\/wp-json\/wp\/v2\/product\/39922","targetHints":{"allow":["GET"]}}],"collection":[{"href":"https:\/\/www.bananatreeshop.com\/pt\/wp-json\/wp\/v2\/product"}],"about":[{"href":"https:\/\/www.bananatreeshop.com\/pt\/wp-json\/wp\/v2\/types\/product"}],"replies":[{"embeddable":true,"href":"https:\/\/www.bananatreeshop.com\/pt\/wp-json\/wp\/v2\/comments?post=39922"}],"wp:featuredmedia":[{"embeddable":true,"href":"https:\/\/www.bananatreeshop.com\/pt\/wp-json\/wp\/v2\/media\/63614"}],"wp:attachment":[{"href":"https:\/\/www.bananatreeshop.com\/pt\/wp-json\/wp\/v2\/media?parent=39922"}],"wp:term":[{"taxonomy":"product_brand","embeddable":true,"href":"https:\/\/www.bananatreeshop.com\/pt\/wp-json\/wp\/v2\/product_brand?post=39922"},{"taxonomy":"product_cat","embeddable":true,"href":"https:\/\/www.bananatreeshop.com\/pt\/wp-json\/wp\/v2\/product_cat?post=39922"},{"taxonomy":"product_tag","embeddable":true,"href":"https:\/\/www.bananatreeshop.com\/pt\/wp-json\/wp\/v2\/product_tag?post=39922"}],"curies":[{"name":"wp","href":"https:\/\/api.w.org\/{rel}","templated":true}]}}