{"id":40018,"date":"2025-07-11T23:01:30","date_gmt":"2025-07-11T23:01:30","guid":{"rendered":"https:\/\/www.bananatreeshop.com\/?post_type=product&#038;p=40018"},"modified":"2026-04-18T06:04:08","modified_gmt":"2026-04-18T06:04:08","slug":"je-joue-the-nice-and-naughty-gift-set","status":"publish","type":"product","link":"https:\/\/www.bananatreeshop.com\/pt\/produto\/je-joue-the-nice-and-naughty-gift-set\/","title":{"rendered":"JE JOUE &#8211; THE NICE AND NAUGHTY GIFT SET"},"content":{"rendered":"<p>Bellamente empaquetada con el dise\u00f1o de plumas de oro rosa de Je Joue, esta caja es m\u00e1s que un simple regalo, es un gesto de amor y una promesa de pasar m\u00e1s tiempo de calidad con la persona que amas. Mima a esa persona especial en tu vida con esta caja de regalo de bienestar sexual de edici\u00f3n limitada de Je Joue.<\/p>\n<p><strong>Qu\u00e9 hay adentro?<\/strong><\/p>\n<p>Vibrador de bala G-Spot y funda para el dedo (valorado en $ 59)<\/p>\n<p>Juego de bolas de Kegel progresivas de 3 pasos Ami (valorado en $ 59)<\/p>\n<p>Vela de masaje de lujo  Jasmine  Lily (valorada en $25)<\/p>\n<p>Box of Treats: una caja bien pensada de gestos especiales de Je Joue (valorada en $18)<\/p>\n<p><strong>CONTENIDO<\/strong><\/p>\n<p><strong>Bala punto G<\/strong><\/p>\n<p>Este es el juguete perfecto para aquellos que lo quieren todo. Perfectamente curvada para acceder al punto G, la curva tambi\u00e9n sigue el contorno de tu cuerpo externamente para orgasmos intensos en el cl\u00edtoris. Se incluye un accesorio de funda para el dedo para aquellos que prefieren el contacto piel con piel y una experiencia de manos libres. Este juguete es perfecto tanto para vibraciones internas como externas. Si no est\u00e1 seguro de qu\u00e9 tipo de juguete est\u00e1 buscando, este es el juguete para usted. Es peque\u00f1o y bonito, perfecto para principiantes.<\/p>\n<p><strong>Juego de bolas Kegel de 3 pasos Ami<\/strong><\/p>\n<p>Ami, el primer sistema de entrenamiento progresivo de Kegel del mundo, ha sido dise\u00f1ado en colaboraci\u00f3n con ginec\u00f3logos y parteras para tener la forma, el tama\u00f1o y el peso perfectos para fortalecer el suelo p\u00e9lvico. \u00a1Un m\u00fasculo PC m\u00e1s fuerte conduce a orgasmos m\u00e1s frecuentes y potentes, as\u00ed como a una gran cantidad de otros beneficios para la salud! Las bolas sueltas dentro de Ami son libres de moverse y causan vibraciones suaves mientras las usas. \u00a1Esto no solo tonifica tus m\u00fasculos, sino que tambi\u00e9n se siente muy bien!<\/p>\n<p><strong>Vela de masaje<\/strong><\/p>\n<p>Encienda la vela y d\u00e9jela arder durante 15 minutos hasta que se forme un charco de cera. Luego puede optar por dejar que la cera se enfr\u00ede durante unos minutos despu\u00e9s de apagar la llama o directamente sobre la piel para una sensaci\u00f3n m\u00e1s intensa. La cera estar\u00e1 tibia pero no lo suficientemente caliente como para quemar la piel. Trabaje la cera derretida en la piel hasta que forme un aceite bellamente perfumado. Masajea los hombros, la espalda, las nalgas, los muslos, el pecho o todo el cuerpo de tu pareja. Nuestras velas est\u00e1n hechas 100% de cera de soja, ricas en vitamina E y aceites esenciales naturales.<\/p>\n<p><strong>Caja de juegos<\/strong><\/p>\n<p>Obsequia a la persona que amas con estas atentas tarjetas de favor para mostrarles exactamente cu\u00e1nto te importan. Son las peque\u00f1as cosas cotidianas las que hacen que la vida sea hermosa, y esta cajita de belleza ayudar\u00e1 a tu pareja a sentirse m\u00e1s apoyada, apreciada y querida. Se incluyen las siguientes tarjetas de obsequios, excepto dos tarjetas en blanco para que escribas obsequios personales que sean importantes para tu relaci\u00f3n:<\/p>\n<p>&#8211; Desayuno favorito en la cama<\/p>\n<p>&#8211; Prep\u00e1rame un ba\u00f1o de burbujas rom\u00e1ntico completo con un masaje en los hombros.<\/p>\n<p>&#8211; Encuentra un curso de masaje t\u00e1ntrico para que tomemos juntos<\/p>\n<p>&#8211; Una comida de tres platos cocinada por usted<\/p>\n<p>&#8211; Gano este argumento<\/p>\n<p>&#8211; Deja 10 notas de amor por la casa para que yo las encuentre.<\/p>\n<p>&#8211; Una hora de tiempo de calidad sin tel\u00e9fono juntos todos los d\u00edas durante una semana<\/p>\n<p><strong>CARACTERISTICAS<\/strong><\/p>\n<p>Nuestro <strong>G-spot Bullet<\/strong> est\u00e1 dise\u00f1ado con un motor ajustado a una frecuencia baja para dar a nuestro caracter\u00edstico Je Joue vibraciones retumbantes tan bajas. Con 5 velocidades y 7 patrones, G-spot Bullet ofrece una amplia gama de vibraciones, desde un ronroneo suave hasta un ruido sordo profundo.<\/p>\n<ul>\n<li>Discreto vibrador del punto G con vibraciones retumbantes<\/li>\n<li>5 velocidades y 7 patrones configurados para emocionarte<\/li>\n<li>Silencioso para jugar en privado o perfecto para usar con un compa\u00f1ero<\/li>\n<li>Resistente al agua para usar durante aventuras acu\u00e1ticas<\/li>\n<li>Totalmente recargable, con\u00e9ctelo a un puerto USB en cualquier parte del mundo<\/li>\n<li>Vibrador 100% vegano<\/li>\n<\/ul>\n<p><strong>Cu\u00e1nto mide<\/strong><\/p>\n<ul>\n<li>Circunferencia: 3 pulgadas<\/li>\n<li>Longitud insertable: 2 pulgadas<\/li>\n<li>Longitud: 4,5 pulgadas<\/li>\n<\/ul>\n<p>El <strong>Kegel Ball Ami Kegel<\/strong> ha sido dise\u00f1ado con la silicona 100% segura para el cuerpo m\u00e1s suave y aterciopelada para la mayor comodidad durante el uso.<\/p>\n<ul>\n<li>Un completo sistema Kegel de silicona de 3 pasos<\/li>\n<li>Ejercita y tonifica activamente los m\u00fasculos del suelo p\u00e9lvico para lograr orgasmos mejorados<\/li>\n<li>El Ami 1 para principiantes pesa 47 g y tiene una circunferencia de 4,3 pulgadas.<\/li>\n<li>Intermediate Ami 2 pesa 78 g y tiene una circunferencia de 3,9 pulgadas<\/li>\n<li>Advanced Ami 3 pesa 106 g y tiene una circunferencia de 3,6 pulgadas<\/li>\n<li>Los bucles de recuperaci\u00f3n ergon\u00f3micos facilitan la extracci\u00f3n<\/li>\n<li>Tipo de base: bucle de dedo<\/li>\n<li>Circunferencia: 4,25 pulgadas<\/li>\n<li>Longitud insertable: 3,5 pulgadas<\/li>\n<li>Longitud: 3,5 pulgadas<\/li>\n<li>100% vegano<\/li>\n<\/ul>\n<p><strong>Vela de masaje<\/strong><\/p>\n<ul>\n<li>Peso: 160g<\/li>\n<li>Ingredientes: cera de soja natural y aceites esenciales naturales (linalool, acetato de linalilo, \u03b1-hexilcinamaldeh\u00eddo)<\/li>\n<\/ul>","protected":false},"excerpt":{"rendered":"<p>JE JOUE &#8211; THE NICE AND NAUGHTY GIFT SET<\/p>","protected":false},"featured_media":68615,"comment_status":"open","ping_status":"closed","template":"","meta":{"_eb_attr":""},"product_brand":[],"product_cat":[1160,1194,1255,1163,1152,1153,1177,1240,1335,1167,1159],"product_tag":[],"class_list":{"0":"post-40018","1":"product","2":"type-product","3":"status-publish","4":"has-post-thumbnail","6":"product_cat-juguetes-bienestar-vibradores100-sumergible","7":"product_cat-articulos-varios","8":"product_cat-juguetes-bienestar-juguetes-para-mujeresbolas-chinas","9":"product_cat-drogueria","10":"product_cat-juguetes-bienestar","11":"product_cat-juguetes-bienestar-juguetes-para-mujeres","12":"product_cat-drogueria-para-masajeskits-de-masaje","13":"product_cat-juguetes-bienestar-kits-juguetes-sexuales","14":"product_cat-articulos-varioskits-parejas","15":"product_cat-drogueria-para-masajes","16":"product_cat-juguetes-bienestar-vibradores","17":"yith_product_brand-je-joue","19":"first","20":"instock","21":"taxable","22":"shipping-taxable","23":"purchasable","24":"product-type-simple"},"_links":{"self":[{"href":"https:\/\/www.bananatreeshop.com\/pt\/wp-json\/wp\/v2\/product\/40018","targetHints":{"allow":["GET"]}}],"collection":[{"href":"https:\/\/www.bananatreeshop.com\/pt\/wp-json\/wp\/v2\/product"}],"about":[{"href":"https:\/\/www.bananatreeshop.com\/pt\/wp-json\/wp\/v2\/types\/product"}],"replies":[{"embeddable":true,"href":"https:\/\/www.bananatreeshop.com\/pt\/wp-json\/wp\/v2\/comments?post=40018"}],"wp:featuredmedia":[{"embeddable":true,"href":"https:\/\/www.bananatreeshop.com\/pt\/wp-json\/wp\/v2\/media\/68615"}],"wp:attachment":[{"href":"https:\/\/www.bananatreeshop.com\/pt\/wp-json\/wp\/v2\/media?parent=40018"}],"wp:term":[{"taxonomy":"product_brand","embeddable":true,"href":"https:\/\/www.bananatreeshop.com\/pt\/wp-json\/wp\/v2\/product_brand?post=40018"},{"taxonomy":"product_cat","embeddable":true,"href":"https:\/\/www.bananatreeshop.com\/pt\/wp-json\/wp\/v2\/product_cat?post=40018"},{"taxonomy":"product_tag","embeddable":true,"href":"https:\/\/www.bananatreeshop.com\/pt\/wp-json\/wp\/v2\/product_tag?post=40018"}],"curies":[{"name":"wp","href":"https:\/\/api.w.org\/{rel}","templated":true}]}}