{"id":40020,"date":"2025-07-11T23:01:32","date_gmt":"2025-07-11T23:01:32","guid":{"rendered":"https:\/\/www.bananatreeshop.com\/?post_type=product&#038;p=40020"},"modified":"2026-04-18T06:04:11","modified_gmt":"2026-04-18T06:04:11","slug":"je-joue-the-naughty-gift-set","status":"publish","type":"product","link":"https:\/\/www.bananatreeshop.com\/pt\/produto\/je-joue-the-naughty-gift-set\/","title":{"rendered":"JE JOUE &#8211; THE NAUGHTY GIFT SET"},"content":{"rendered":"<p>Bellamente empaquetado en nuestro dise\u00f1o de plumas de oro rosa Je Joue, este es el juego de regalo perfecto para esa persona traviesa especial en tu vida. Todo lo que necesitas para una noche \u00edntima e inolvidable explorando la mente, el cuerpo y el alma de tu pareja. \u00a1Terminar\u00e1s la noche sinti\u00e9ndote mimado, amado y m\u00e1s cerca que nunca!<\/p>\n<p><strong>Qu\u00e9 hay adentro?<\/strong><\/p>\n<p>Vibrador Mimi de edici\u00f3n limitada en oro rosa y negro (valorado en $ 95)<\/p>\n<p>Vela de masaje de lujo  Ylang Ylang  Mandarin ( valorado en $25)<\/p>\n<p>Venda de raso y sujeci\u00f3n ( por valor de $ 15)<\/p>\n<p>Truth or Dare: un juego de cartas \u00edntimo de Je Joue ( valorado en $ 15)<\/p>\n<p><strong>CONTENIDO<\/strong><\/p>\n<p><strong>Vibrador Mim\u00ed<\/strong><\/p>\n<p>Mimi se siente muy bien en el cl\u00edtoris y en cualquier otra \u00e1rea que te haga cosquillas, desde tus pezones hasta su perineo y en cualquier punto intermedio. Suave y suave, Mimi se desliza por la piel, haci\u00e9ndola perfecta para un masaje corporal diferente. Para un toque m\u00e1s ligero, tambi\u00e9n puedes intentar transferir las vibraciones de Mimi a trav\u00e9s de las yemas de tus dedos, acun\u00e1ndolo en tu mano y acariciando la piel con tus dedos. Use la punta para proporcionar una estimulaci\u00f3n precisa al cl\u00edtoris. Usa el lateral para estimular los labios y el cl\u00edtoris al mismo tiempo. Utilice el lado plano de Mimi para proporcionar una estimulaci\u00f3n m\u00e1s amplia de toda el \u00e1rea genital.<\/p>\n<p><strong>Vela de masaje<\/strong><\/p>\n<p>Encienda la vela y d\u00e9jela arder durante 15 minutos hasta que se forme un charco de cera. Luego puede optar por dejar que la cera se enfr\u00ede durante unos minutos despu\u00e9s de apagar la llama o verterla directamente sobre la piel para una sensaci\u00f3n m\u00e1s intensa. La cera estar\u00e1 tibia pero no lo suficientemente caliente como para quemar la piel. Trabaje la cera derretida en la piel hasta que forme un aceite bellamente perfumado. Masajea los hombros, la espalda, las nalgas, los muslos, el pecho o todo el cuerpo de tu pareja. Nuestras velas est\u00e1n hechas 100% de cera de soja, ricas en vitamina E y aceites esenciales naturales.<\/p>\n<p><strong>Venda de raso y sujeci\u00f3n<\/strong><\/p>\n<p>Esta suave corbata de sat\u00e9n agregar\u00e1 una atm\u00f3sfera sensual pero decadente a tu suave juego de bondage. Realza todos los sentidos de tu pareja cubriendo sus ojos con esta venda de raso negro de Je Joue. El suave sat\u00e9n se sentir\u00e1 lujoso y sensual junto a la piel, y al quitarles el sentido de la vista podr\u00e1s dejarlos en suspenso, esperando cada toque y susurro.<\/p>\n<p>Alternativamente, ata a tu compa\u00f1ero de juegos con un peque\u00f1o lazo travieso y haz que suplique por m\u00e1s. Ya sea atado a la cama, a los muebles o atado por las mu\u00f1ecas y los tobillos, tu travieso sumiso ser\u00e1 impotente ante el placer. Para un viaje sensorial explosivo, use la corbata de raso y la vela de masaje juntas para encender sus sentidos y profundizar el v\u00ednculo entre ustedes.<\/p>\n<p><strong>Juego de cartas \u00edntimo Truth or Dare<\/strong><\/p>\n<p>Este no es el juego promedio de Verdad o Reto. Desarrolle intimidad, confianza y amor con su pareja jugando al \u00edntimo juego de cartas Truth or Dare de Je Joue. Las tarjetas Dare los har\u00e1n explorar los cuerpos de los dem\u00e1s de nuevas maneras, descubriendo nuevas sensaciones y profundizando su comprensi\u00f3n de los puntos de placer de los dem\u00e1s. Las cartas de la Verdad te permitir\u00e1n compartir recuerdos, sue\u00f1os, ideas y opiniones. Le garantizamos que aprender\u00e1 algo nuevo sobre su amante que mejorar\u00e1 el v\u00ednculo entre ustedes y los har\u00e1 sentir a ambos m\u00e1s unidos que nunca.<\/p>\n<p><strong>CARACTERISTICAS<\/strong><\/p>\n<p>Mimi est\u00e1 dise\u00f1ado con un motor ajustado a una frecuencia baja para dar a nuestra firma Je Joue vibraciones retumbantes tan bajas. Con 5 velocidades y 7 patrones, Mimi ofrece una amplia gama de vibraciones, desde un ronroneo suave hasta un ruido sordo profundo.<\/p>\n<ul>\n<li>Vibrador de cl\u00edtoris de lujo resistente al agua recargable por USB<\/li>\n<li>5 velocidades y 7 patrones de vibraci\u00f3n para un juego personalizable<\/li>\n<li>El dise\u00f1o ergon\u00f3mico y peque\u00f1o es perfecto para parejas.<\/li>\n<li>Recargable por USB: respetuoso con el medio ambiente y se puede alimentar en todo el mundo<\/li>\n<li>Potente pero silencioso, para un uso discreto<\/li>\n<li>Vibrador 100% Vegano<\/li>\n<\/ul>\n<p><strong>C\u00f3mo mide Mimi<\/strong><\/p>\n<ul>\n<li>Circunferencia: 5 pulgadas<\/li>\n<li>Longitud: 3,5 pulgadas<\/li>\n<\/ul>\n<p><strong>Vela de masaje<\/strong><\/p>\n<ul>\n<li>Peso: 160g<\/li>\n<li>Ingredientes: cera de soja natural y aceites esenciales naturales (salicilato de bencilo, linalool, dipenteno)<\/li>\n<\/ul>\n<p><strong>Venda de los ojos y moderaci\u00f3n<\/strong><\/p>\n<ul>\n<li>Material: Sat\u00e9n<\/li>\n<li>Tama\u00f1o: 150 cm de largo x 8 cm de ancho<\/li>\n<li>Peso: 42,4g, con caja 22,5g<\/li>\n<\/ul>","protected":false},"excerpt":{"rendered":"<p>JE JOUE &#8211; THE NAUGHTY GIFT SET<\/p>","protected":false},"featured_media":68620,"comment_status":"open","ping_status":"closed","template":"","meta":{"_eb_attr":""},"product_brand":[],"product_cat":[1160,1194,1255,1163,1152,1153,1177,1240,1335,1167,1159],"product_tag":[],"class_list":{"0":"post-40020","1":"product","2":"type-product","3":"status-publish","4":"has-post-thumbnail","6":"product_cat-juguetes-bienestar-vibradores100-sumergible","7":"product_cat-articulos-varios","8":"product_cat-juguetes-bienestar-juguetes-para-mujeresbolas-chinas","9":"product_cat-drogueria","10":"product_cat-juguetes-bienestar","11":"product_cat-juguetes-bienestar-juguetes-para-mujeres","12":"product_cat-drogueria-para-masajeskits-de-masaje","13":"product_cat-juguetes-bienestar-kits-juguetes-sexuales","14":"product_cat-articulos-varioskits-parejas","15":"product_cat-drogueria-para-masajes","16":"product_cat-juguetes-bienestar-vibradores","17":"yith_product_brand-je-joue","19":"first","20":"instock","21":"taxable","22":"shipping-taxable","23":"purchasable","24":"product-type-simple"},"_links":{"self":[{"href":"https:\/\/www.bananatreeshop.com\/pt\/wp-json\/wp\/v2\/product\/40020","targetHints":{"allow":["GET"]}}],"collection":[{"href":"https:\/\/www.bananatreeshop.com\/pt\/wp-json\/wp\/v2\/product"}],"about":[{"href":"https:\/\/www.bananatreeshop.com\/pt\/wp-json\/wp\/v2\/types\/product"}],"replies":[{"embeddable":true,"href":"https:\/\/www.bananatreeshop.com\/pt\/wp-json\/wp\/v2\/comments?post=40020"}],"wp:featuredmedia":[{"embeddable":true,"href":"https:\/\/www.bananatreeshop.com\/pt\/wp-json\/wp\/v2\/media\/68620"}],"wp:attachment":[{"href":"https:\/\/www.bananatreeshop.com\/pt\/wp-json\/wp\/v2\/media?parent=40020"}],"wp:term":[{"taxonomy":"product_brand","embeddable":true,"href":"https:\/\/www.bananatreeshop.com\/pt\/wp-json\/wp\/v2\/product_brand?post=40020"},{"taxonomy":"product_cat","embeddable":true,"href":"https:\/\/www.bananatreeshop.com\/pt\/wp-json\/wp\/v2\/product_cat?post=40020"},{"taxonomy":"product_tag","embeddable":true,"href":"https:\/\/www.bananatreeshop.com\/pt\/wp-json\/wp\/v2\/product_tag?post=40020"}],"curies":[{"name":"wp","href":"https:\/\/api.w.org\/{rel}","templated":true}]}}