{"id":40108,"date":"2025-07-17T20:01:08","date_gmt":"2025-07-17T20:01:08","guid":{"rendered":"https:\/\/www.bananatreeshop.com\/?post_type=product&#038;p=40108"},"modified":"2026-04-04T05:05:41","modified_gmt":"2026-04-04T05:05:41","slug":"satisfyer-vulva-lover-1-air-pulse-stimulator-vibrator-violet","status":"publish","type":"product","link":"https:\/\/www.bananatreeshop.com\/pt\/produto\/satisfyer-vulva-lover-1-air-pulse-stimulator-vibrator-violet\/","title":{"rendered":"SATISFYER &#8211; VULVA LOVER 1 ESTIMULADOR Y VIBRADOR AZUL"},"content":{"rendered":"<p>\u00a1Ama tu vulva, \u00e1mate a ti! Sum\u00e9rgete en el \u00e9xtasis con el nuevo vibrador doble con tecnolog\u00eda Air-Pulse, el Vulva Lover 1.<\/p>\n<p><strong>Informaci\u00f3n del producto &#8220;Satisfyer Vulva Lover 1&#8221;<\/strong><\/p>\n<ul>\n<li>Estimulaci\u00f3n del cl\u00edtoris mediante vibraciones y ondas de presi\u00f3n<\/li>\n<li>Fabricado con silicona m\u00e9dica s\u00faper suave e inocua para la piel y con un tacto sedoso y extremadamente higi\u00e9nico<\/li>\n<li>Gracias a su acabado impermeable (IPX7), este dispositivo de bienestar sexual se puede utilizar de forma segura en el agua y es f\u00e1cil de limpiar<\/li>\n<li>2 motores con control independiente<\/li>\n<li>11 intensidades de onda de presi\u00f3n + 10 programas de vibraci\u00f3n<\/li>\n<li>15 a\u00f1os de garant\u00eda<\/li>\n<li>Fabricado con silicona de grado m\u00e9dico supersuave, agradable para la piel, suave al tacto y extremadamente higi\u00e9nica<\/li>\n<li>Modo susurro<\/li>\n<li>Bater\u00eda recargable de iones de litio<\/li>\n<li>Gracias a su acabado impermeable (IPX7), este juguete se puede usar de forma segura en el agua, adem\u00e1s de ser f\u00e1cil de limpiar<\/li>\n<li>Cable de carga USB magn\u00e9tico incluido<\/li>\n<li>F\u00e1cil de limpiar<\/li>\n<\/ul>\n<p><strong>Qu\u00e9 otras ventajas presenta el Satisfyer Vulva Lover 1? <\/strong><\/p>\n<p>Con su cuerpo firme y f\u00e1cil de sujetar, Vulva Lover 1 resulta ideal tanto para las principiantes como para las conocedoras, ya que ofrece dos funciones de estimulaci\u00f3n en una. El exclusivo dise\u00f1o arqueado permite acariciar perfectamente tus curvas. Gracias a sus dos motores que se manejan por separado, podr\u00e1s controlar de forma individualizada los 11 modos del succionador de cl\u00edtoris con tecnolog\u00eda Air-Pulse y los 10 ajustes de vibraci\u00f3n, para que disfrutes al m\u00e1ximo de tu Vulva Lover 1.<\/p>\n<p>Debido a su tama\u00f1o compacto, podr\u00e1s llevarte f\u00e1cilmente a tu amante a cualquier parte. Vulva Lover 1 est\u00e1 fabricado con silicona inocua para el cuerpo, es recargable e impermeable (IPX7).<\/p>\n<p>\u00a1Disfruta al m\u00e1ximo con el nuevo amor de tu vida!<\/p>","protected":false},"excerpt":{"rendered":"<p>SATISFYER &#8211; VULVA LOVER 1 AIR PULSE STIMULATOR  VIBRATOR VIOLET<\/p>","protected":false},"featured_media":86312,"comment_status":"open","ping_status":"closed","template":"","meta":{"_eb_attr":""},"product_brand":[],"product_cat":[1250,1152,1153,1260,1449,1159,1263],"product_tag":[],"class_list":{"0":"post-40108","1":"product","2":"type-product","3":"status-publish","4":"has-post-thumbnail","6":"product_cat-juguetes-bienestar-juguetes-para-mujeresestimuladores","7":"product_cat-juguetes-bienestar","8":"product_cat-juguetes-bienestar-juguetes-para-mujeres","9":"product_cat-juguetes-bienestar-juguetes-para-mujeresestimuladorespara-clitoris","10":"product_cat-juguetes-bienestar-juguetes-para-mujeresestimuladoressuccionadores-con-vibracion","11":"product_cat-juguetes-bienestar-vibradores","12":"product_cat-juguetes-bienestar-vibradoresvibradores-succionadores-ondas-presion","13":"pa_color-azul","14":"pa_color-lila","15":"yith_product_brand-satisfyer","16":"yith_product_brand-satisfyer-satisfyer-air-pulse","18":"first","19":"instock","20":"taxable","21":"shipping-taxable","22":"purchasable","23":"product-type-variable","24":"has-default-attributes"},"_links":{"self":[{"href":"https:\/\/www.bananatreeshop.com\/pt\/wp-json\/wp\/v2\/product\/40108","targetHints":{"allow":["GET"]}}],"collection":[{"href":"https:\/\/www.bananatreeshop.com\/pt\/wp-json\/wp\/v2\/product"}],"about":[{"href":"https:\/\/www.bananatreeshop.com\/pt\/wp-json\/wp\/v2\/types\/product"}],"replies":[{"embeddable":true,"href":"https:\/\/www.bananatreeshop.com\/pt\/wp-json\/wp\/v2\/comments?post=40108"}],"wp:featuredmedia":[{"embeddable":true,"href":"https:\/\/www.bananatreeshop.com\/pt\/wp-json\/wp\/v2\/media\/86312"}],"wp:attachment":[{"href":"https:\/\/www.bananatreeshop.com\/pt\/wp-json\/wp\/v2\/media?parent=40108"}],"wp:term":[{"taxonomy":"product_brand","embeddable":true,"href":"https:\/\/www.bananatreeshop.com\/pt\/wp-json\/wp\/v2\/product_brand?post=40108"},{"taxonomy":"product_cat","embeddable":true,"href":"https:\/\/www.bananatreeshop.com\/pt\/wp-json\/wp\/v2\/product_cat?post=40108"},{"taxonomy":"product_tag","embeddable":true,"href":"https:\/\/www.bananatreeshop.com\/pt\/wp-json\/wp\/v2\/product_tag?post=40108"}],"curies":[{"name":"wp","href":"https:\/\/api.w.org\/{rel}","templated":true}]}}