{"id":40313,"date":"2025-07-09T04:01:12","date_gmt":"2025-07-09T04:01:12","guid":{"rendered":"https:\/\/www.bananatreeshop.com\/?post_type=product&#038;p=40313"},"modified":"2026-03-31T16:03:48","modified_gmt":"2026-03-31T16:03:48","slug":"secretplay-dice-play-sex-juego-de-dados-es-en-de-fr-nl-pt-it","status":"publish","type":"product","link":"https:\/\/www.bananatreeshop.com\/pt\/produto\/secretplay-dice-play-sex-juego-de-dados-es-en-de-fr-nl-pt-it\/","title":{"rendered":"SECRETPLAY &#8211; DICE, PLAY, SEX JUEGO DE DADOS (ES\/EN\/DE\/FR\/NL\/PT\/IT)"},"content":{"rendered":"<p>Los dados son un accesorio clave para iniciarse en los juegos de pareja, por lo que si no hab\u00e9is tenido a\u00fan ning\u00fan juego este puede ser un buen comienzo.<\/p>\n<p>Pero si ya sois expertos en este \u00e1mbito u os gustan los juegos de dados, este juego innovador puede sorprenderos, pues no es el t\u00edpico juego de dados si no que va mucho m\u00e1s all\u00e1.<\/p>\n<p>El juego contiene 6 dados, 5 dados negros (partes del cuerpo, lugares de la casa, tiempo en el que se debe realizar la acci\u00f3n, acci\u00f3n a realizar y modo de realizarla) y 1 dado rosa, que contiene posturas del Kamasutra.<\/p>\n<p>El modo de juego es sencillo pero muy divertido, empezar\u00e1 a jugar el jugador de mayor edad tirando los 5 dados de color negro (partes del cuerpo, acci\u00f3n, modo, lugar y tiempo), y realizando la combinaci\u00f3n que aparezca.<\/p>\n<p>Por ejemplo, puede aparecerte la combinaci\u00f3n de morder el cuello de tu pareja suavemente durante 3 minutos encima de la mesa.<\/p>\n<p>Divertido verdad?<\/p>\n<p>Pero el juego a\u00fan se pone m\u00e1s interesante en el caso de que aparezca la palabra SEX en al menos 3 de los dados negros que lanc\u00e9is.<\/p>\n<p>Si esto sucede \u00a1Est\u00e1is de suerte!<\/p>\n<p>Deber\u00e9is tirar el dado de posturas (color rosa) para practicar la postura del Kamasutra que toque durante el tiempo que consider\u00e9is oportuno.<\/p>\n<p>\u00a1Que empiece el juego!<\/p>","protected":false},"excerpt":{"rendered":"<p>PACKAGING DISPONIBLE EN: \/en\/es\/fr\/nl\/de\/it\/pt\/<\/p>","protected":false},"featured_media":56945,"comment_status":"open","ping_status":"closed","template":"","meta":{"_eb_attr":""},"product_brand":[],"product_cat":[1209,1187,1188,1215,1211,1207,1210,1208,1212,1213,1206],"product_tag":[],"class_list":{"0":"post-40313","1":"product","2":"type-product","3":"status-publish","4":"has-post-thumbnail","6":"product_cat-juegos-juego-de-dados","7":"product_cat-juegos","8":"product_cat-juegos-juegos-de-pareja","9":"product_cat-juegos-juegos-de-sociedad","10":"product_cat-juegos-juegos-en-aleman","11":"product_cat-juegos-juegos-en-espanol","12":"product_cat-juegos-juegos-en-frances","13":"product_cat-juegos-juegos-en-ingles","14":"product_cat-juegos-juegos-en-italiano","15":"product_cat-juegos-juegos-en-portugues","16":"product_cat-juegos-juegos-preliminares","17":"yith_product_brand-secretplay","18":"yith_product_brand-secretplaysecretplay-100-games","20":"first","21":"instock","22":"taxable","23":"shipping-taxable","24":"purchasable","25":"product-type-simple"},"_links":{"self":[{"href":"https:\/\/www.bananatreeshop.com\/pt\/wp-json\/wp\/v2\/product\/40313","targetHints":{"allow":["GET"]}}],"collection":[{"href":"https:\/\/www.bananatreeshop.com\/pt\/wp-json\/wp\/v2\/product"}],"about":[{"href":"https:\/\/www.bananatreeshop.com\/pt\/wp-json\/wp\/v2\/types\/product"}],"replies":[{"embeddable":true,"href":"https:\/\/www.bananatreeshop.com\/pt\/wp-json\/wp\/v2\/comments?post=40313"}],"wp:featuredmedia":[{"embeddable":true,"href":"https:\/\/www.bananatreeshop.com\/pt\/wp-json\/wp\/v2\/media\/56945"}],"wp:attachment":[{"href":"https:\/\/www.bananatreeshop.com\/pt\/wp-json\/wp\/v2\/media?parent=40313"}],"wp:term":[{"taxonomy":"product_brand","embeddable":true,"href":"https:\/\/www.bananatreeshop.com\/pt\/wp-json\/wp\/v2\/product_brand?post=40313"},{"taxonomy":"product_cat","embeddable":true,"href":"https:\/\/www.bananatreeshop.com\/pt\/wp-json\/wp\/v2\/product_cat?post=40313"},{"taxonomy":"product_tag","embeddable":true,"href":"https:\/\/www.bananatreeshop.com\/pt\/wp-json\/wp\/v2\/product_tag?post=40313"}],"curies":[{"name":"wp","href":"https:\/\/api.w.org\/{rel}","templated":true}]}}