{"id":40314,"date":"2025-07-09T04:01:13","date_gmt":"2025-07-09T04:01:13","guid":{"rendered":"https:\/\/www.bananatreeshop.com\/?post_type=product&#038;p=40314"},"modified":"2026-04-01T07:03:17","modified_gmt":"2026-04-01T07:03:17","slug":"secretplay-pull-play-card-game-es-en-de-fr-nl-pt-it","status":"publish","type":"product","link":"https:\/\/www.bananatreeshop.com\/pt\/produto\/secretplay-pull-play-card-game-es-en-de-fr-nl-pt-it\/","title":{"rendered":"SECRETPLAY &#8211; PULL  PLAY JUEGO DE CARTAS (ES\/EN\/DE\/FR\/NL\/PT\/IT)"},"content":{"rendered":"<p>Sientes que hab\u00e9is ca\u00eddo en la monoton\u00eda y la rutina se ha apoderado de vosotros? O simplemente necesit\u00e1is nuevos est\u00edmulos para no perder la chispa despu\u00e9s de algunos a\u00f1os de relaci\u00f3n?<\/p>\n<p>Pull  Play es un juego de parejas que os har\u00e1 disfrutar de momentos c\u00f3mplices sea cual sea vuestro g\u00e9nero y orientaci\u00f3n sexual.<\/p>\n<p>C\u00f3mo jugar a Pull  Play:<\/p>\n<p>Para jugar deb\u00e9is sacar una carta de la caja, ver\u00e9is que cada carta est\u00e1 dividida en dos, cada integrante de la pareja debe tirar de cada uno de los extremos para quedarse con la mitad de la carta.<\/p>\n<p>Leed en silencio vuestra prueba. Sin decirle nada al otro.<\/p>\n<p>A quien le haya tocado la carta n 1 empieza poni\u00e9ndose en posici\u00f3n y hace lo que se indique en la carta, despu\u00e9s el que tenga la carta n 2 sigue con la prueba.<\/p>\n<p>\u00a1No dig\u00e1is nada, solo actuad! Pierde el que antes llegue al orgasmo.<\/p>\n<p>Contiene 100 pruebas (50&#215;2)<\/p>","protected":false},"excerpt":{"rendered":"<p>PACKAGING DISPONIBLE EN: \/en\/es\/fr\/nl\/de\/it\/pt\/<\/p>","protected":false},"featured_media":56949,"comment_status":"open","ping_status":"closed","template":"","meta":{"_eb_attr":""},"product_brand":[],"product_cat":[1187,1190,1188,1215,1211,1207,1210,1208,1212,1213,1206],"product_tag":[],"class_list":{"0":"post-40314","1":"product","2":"type-product","3":"status-publish","4":"has-post-thumbnail","6":"product_cat-juegos","7":"product_cat-juegos-juegos-de-cartas","8":"product_cat-juegos-juegos-de-pareja","9":"product_cat-juegos-juegos-de-sociedad","10":"product_cat-juegos-juegos-en-aleman","11":"product_cat-juegos-juegos-en-espanol","12":"product_cat-juegos-juegos-en-frances","13":"product_cat-juegos-juegos-en-ingles","14":"product_cat-juegos-juegos-en-italiano","15":"product_cat-juegos-juegos-en-portugues","16":"product_cat-juegos-juegos-preliminares","17":"yith_product_brand-secretplay","18":"yith_product_brand-secretplaysecretplay-100-games","20":"first","21":"instock","22":"taxable","23":"shipping-taxable","24":"purchasable","25":"product-type-simple"},"_links":{"self":[{"href":"https:\/\/www.bananatreeshop.com\/pt\/wp-json\/wp\/v2\/product\/40314","targetHints":{"allow":["GET"]}}],"collection":[{"href":"https:\/\/www.bananatreeshop.com\/pt\/wp-json\/wp\/v2\/product"}],"about":[{"href":"https:\/\/www.bananatreeshop.com\/pt\/wp-json\/wp\/v2\/types\/product"}],"replies":[{"embeddable":true,"href":"https:\/\/www.bananatreeshop.com\/pt\/wp-json\/wp\/v2\/comments?post=40314"}],"wp:featuredmedia":[{"embeddable":true,"href":"https:\/\/www.bananatreeshop.com\/pt\/wp-json\/wp\/v2\/media\/56949"}],"wp:attachment":[{"href":"https:\/\/www.bananatreeshop.com\/pt\/wp-json\/wp\/v2\/media?parent=40314"}],"wp:term":[{"taxonomy":"product_brand","embeddable":true,"href":"https:\/\/www.bananatreeshop.com\/pt\/wp-json\/wp\/v2\/product_brand?post=40314"},{"taxonomy":"product_cat","embeddable":true,"href":"https:\/\/www.bananatreeshop.com\/pt\/wp-json\/wp\/v2\/product_cat?post=40314"},{"taxonomy":"product_tag","embeddable":true,"href":"https:\/\/www.bananatreeshop.com\/pt\/wp-json\/wp\/v2\/product_tag?post=40314"}],"curies":[{"name":"wp","href":"https:\/\/api.w.org\/{rel}","templated":true}]}}