{"id":40379,"date":"2025-07-18T03:01:19","date_gmt":"2025-07-18T03:01:19","guid":{"rendered":"https:\/\/www.bananatreeshop.com\/?post_type=product&#038;p=40379"},"modified":"2026-04-20T19:04:22","modified_gmt":"2026-04-20T19:04:22","slug":"blacksilver-kilian-stimulating-vibe","status":"publish","type":"product","link":"https:\/\/www.bananatreeshop.com\/pt\/produto\/blacksilver-kilian-stimulating-vibe\/","title":{"rendered":"BLACKSILVER &#8211; KILIAN VIBRADOR PUNTO G"},"content":{"rendered":"<p>BlackSilver lanza la nueva colecci\u00f3n de vibradores y rotadores que cuentan con motores de nueva\u00a0generaci\u00f3n, consiguiendo un aumento de potencia con mayor durabilidad. Su acabado premium de silicona s\u00faper suave es un plus para los orgasmos m\u00e1s exigentes.\u00a0Todos los vibradores y rotadores de la nueva colecci\u00f3n de BlackSilver se recargan v\u00eda USB, son elegantes y su\u00a0acabado premium de silicona s\u00faper suave e hipoalerg\u00e9nica es un plus para los orgasmos m\u00e1s exigentes.<\/p>\n<p>La gama\u00a0<span style=\"font-size: 13px;\">KILIAN STIMULATING VIBE<\/span>\u00a0incorpora un potente vibrador unico en el mercado: potencia maxima con un rendimiento y durabilidad increible.<\/p>\n<p><strong>Especificaciones:<\/strong><\/p>\n<ul>\n<li>10 modos de vibraci\u00f3n<\/li>\n<li>Motor super\u00a0potente<\/li>\n<li>20.0 cm x 3.2\u00a0cm (Insertable 13.0 cm)<\/li>\n<li>Recargable por USB<\/li>\n<li>Impermeable IPX6<\/li>\n<li>Silicona s\u00faper suave y ABS\u00a0Hipoalerg\u00e9nico<\/li>\n<li>Material seguro para el cuerpo<\/li>\n<li>Libre de\u00a0ftalatos<\/li>\n<li><strong>Regalo\u00a0<\/strong>Lubricante WATERFEEL Neutro 6 ml<\/li>\n<\/ul>\n<p><span style=\"color: rgb(57, 57, 57);\">**Nota; Este producto est\u00e1 prohibido venderlo en cualquier canal E-commerce. La venta est\u00e1 autorizada para puntos fisicos.\u00a0<\/span><\/p>","protected":false},"excerpt":{"rendered":"<p>BLACKSILVER &#8211; KILIAN STIMULATING VIBE<\/p>","protected":false},"featured_media":87666,"comment_status":"open","ping_status":"closed","template":"","meta":{"_eb_attr":""},"product_brand":[],"product_cat":[1159,1231],"product_tag":[],"class_list":{"0":"post-40379","1":"product","2":"type-product","3":"status-publish","4":"has-post-thumbnail","6":"product_cat-juguetes-bienestar-vibradores","7":"product_cat-juguetes-bienestar-vibradoresvibradores-punto-g","8":"yith_product_brand-blacksilver","10":"first","11":"instock","12":"taxable","13":"shipping-taxable","14":"purchasable","15":"product-type-simple"},"_links":{"self":[{"href":"https:\/\/www.bananatreeshop.com\/pt\/wp-json\/wp\/v2\/product\/40379","targetHints":{"allow":["GET"]}}],"collection":[{"href":"https:\/\/www.bananatreeshop.com\/pt\/wp-json\/wp\/v2\/product"}],"about":[{"href":"https:\/\/www.bananatreeshop.com\/pt\/wp-json\/wp\/v2\/types\/product"}],"replies":[{"embeddable":true,"href":"https:\/\/www.bananatreeshop.com\/pt\/wp-json\/wp\/v2\/comments?post=40379"}],"wp:featuredmedia":[{"embeddable":true,"href":"https:\/\/www.bananatreeshop.com\/pt\/wp-json\/wp\/v2\/media\/87666"}],"wp:attachment":[{"href":"https:\/\/www.bananatreeshop.com\/pt\/wp-json\/wp\/v2\/media?parent=40379"}],"wp:term":[{"taxonomy":"product_brand","embeddable":true,"href":"https:\/\/www.bananatreeshop.com\/pt\/wp-json\/wp\/v2\/product_brand?post=40379"},{"taxonomy":"product_cat","embeddable":true,"href":"https:\/\/www.bananatreeshop.com\/pt\/wp-json\/wp\/v2\/product_cat?post=40379"},{"taxonomy":"product_tag","embeddable":true,"href":"https:\/\/www.bananatreeshop.com\/pt\/wp-json\/wp\/v2\/product_tag?post=40379"}],"curies":[{"name":"wp","href":"https:\/\/api.w.org\/{rel}","templated":true}]}}