{"id":40444,"date":"2025-07-09T05:01:57","date_gmt":"2025-07-09T05:01:57","guid":{"rendered":"https:\/\/www.bananatreeshop.com\/?post_type=product&#038;p=40444"},"modified":"2026-04-20T11:03:19","modified_gmt":"2026-04-20T11:03:19","slug":"mythology-fantasy-harness-super-elastic-harness-one-size","status":"publish","type":"product","link":"https:\/\/www.bananatreeshop.com\/pt\/produto\/mythology-fantasy-harness-super-elastic-harness-one-size\/","title":{"rendered":"MYTHOLOGY FANTASY HARNESS &#8211; ARN\u00c9S SUPER EL\u00c1STICO TALLA \u00daNICA"},"content":{"rendered":"<p><strong>MYTHOLOGY FANTASY HARNESS &#8211; ARN\u00c9S SUPER EL\u00c1STICO TALLA \u00daNICA<\/strong><\/p>\n<p>Un c\u00f3modo arn\u00e9s para dildos \u00fanicos. El sexo con arn\u00e9s es genial. Si\u00e9ntete bien mientras lo haces con este elegante y resistente arn\u00e9s.<\/p>\n<p><strong>QU\u00c9 HACE ESPECIAL EL ARN\u00c9S DE MYTHOLOGIC?<\/strong><\/p>\n<p>Atarlo es incre\u00edble, y este arn\u00e9s lo hace a\u00fan mejor. El Fantasy Harness es un arn\u00e9s 100% Europeo hecho a mano con materiales ecol\u00f3gicos, lo que lo hace 100% vegano y f\u00e1cil de limpiar. El cintur\u00f3n de cadera ancho y c\u00f3modo y las dos correas para las piernas son ajustables, para que pueda manejar su comodidad y su control. Debido a que mantiene su consolador en su lugar tan bien, puede probar con confianza cualquier nueva posici\u00f3n que desee.<\/p>\n<p><strong>ENTRAR\u00c1 MI DILDO EN ESTE ARN\u00c9S CON CORREA AJUSTABLE?<\/strong><\/p>\n<p>\u00a1Probablemente s\u00ed! El\u00a0Mythologic Fantasy Harness se adapta a cualquier consolador con un di\u00e1metro de hasta 5 cm siempre que tenga una base. Por supuesto, te recomendamos probarlo con uno de nuestros dildos MYTHOLOGIC, ya que sus bases te permitir\u00e1n acercarte m\u00e1s que nunca.<\/p>\n<p><strong>ME QUEDAR\u00c1 BIEN EL ARN\u00c9S?<\/strong><\/p>\n<p>Este arn\u00e9s ajustable es adecuado para las tallas 34 a 46. El cintur\u00f3n y las correas de los gl\u00fateos se pueden ajustar de forma independiente, por lo que puede personalizarlo seg\u00fan su cuerpo.<\/p>\n<p><strong>C\u00d3MO LO LIMPIO?<\/strong><\/p>\n<p>Una ventaja de este material sobre el cuero es que es muy f\u00e1cil de limpiar. Simplemente l\u00e1velo con agua y jab\u00f3n para ropa, ya sea a mano o en una bolsa de ropa en el lavado.<\/p>\n<p>Los arneses de Mythology te dejar\u00e1n con la boca abierta. La conjunci\u00f3n perfecta entre materiales innovadores, comodidad y dise\u00f1o polivalente.<\/p>\n<p>Elegimos estas medidas para que fueran adecuados a todos los tipos de cuerpo. Son ajustables\u00a0mediante sus el\u00e1sticos y hebillas. El dise\u00f1o del arn\u00e9s ha sido pensado para que pueda ser utilizado en varias posiciones poco convencionales: en la rodilla, el codo, el pecho\u2026<\/p>\n<p>Estamos seguros que estos arneses no pasar\u00e1n desapercibidos a ojos de los clientes. Estos \u00faltimos a\u00f1os hemos notado un aumento significativo de las ventas en este tipo de art\u00edculos. Puedes combinarlos como quieras, todos los dildos Mythology son compatibles con estos incre\u00edbles arneses.<\/p>\n<p>Una verdadera joya para los amantes del fetish y el pegging.<\/p>\n<p><strong>HEMOS PENSADO EN TODO<\/strong><\/p>\n<p>La sujeci\u00f3n del dildo viene dada por anillos flexibles. Te prometemos un agarre fuerte y c\u00f3modo.<\/p>\n<p>A qu\u00e9 est\u00e1s esperando para conseguir uno de estos llamativos arneses?<\/p>\n<p><strong>MYTHOLOGY\u00a0<\/strong>consta de una gama de dildos, todos ellos de silicona de alta gama, disponibles en dos versiones (con vibraci\u00f3n y sin vibraci\u00f3n) y distintos tama\u00f1os (S, M, L). La versi\u00f3n con vibraci\u00f3n, recargable, compatible con la tecnolog\u00eda Watchme.<\/p>","protected":false},"excerpt":{"rendered":"<p>MYTHOLOGY FANTASY HARNESS &#8211; SUPER ELASTIC HARNESS ONE SIZE<\/p>","protected":false},"featured_media":57389,"comment_status":"open","ping_status":"closed","template":"","meta":{"_eb_attr":""},"product_brand":[],"product_cat":[1220,1230,1152],"product_tag":[],"class_list":{"0":"post-40444","1":"product","2":"type-product","3":"status-publish","4":"has-post-thumbnail","6":"product_cat-juguetes-bienestar-arneses","7":"product_cat-juguetes-bienestar-arnesescomplementos-arneses","8":"product_cat-juguetes-bienestar","9":"yith_product_brand-mythology","10":"yith_product_brand-mythologymythology-fantasy-harness","12":"first","13":"instock","14":"taxable","15":"shipping-taxable","16":"purchasable","17":"product-type-simple"},"_links":{"self":[{"href":"https:\/\/www.bananatreeshop.com\/pt\/wp-json\/wp\/v2\/product\/40444","targetHints":{"allow":["GET"]}}],"collection":[{"href":"https:\/\/www.bananatreeshop.com\/pt\/wp-json\/wp\/v2\/product"}],"about":[{"href":"https:\/\/www.bananatreeshop.com\/pt\/wp-json\/wp\/v2\/types\/product"}],"replies":[{"embeddable":true,"href":"https:\/\/www.bananatreeshop.com\/pt\/wp-json\/wp\/v2\/comments?post=40444"}],"wp:featuredmedia":[{"embeddable":true,"href":"https:\/\/www.bananatreeshop.com\/pt\/wp-json\/wp\/v2\/media\/57389"}],"wp:attachment":[{"href":"https:\/\/www.bananatreeshop.com\/pt\/wp-json\/wp\/v2\/media?parent=40444"}],"wp:term":[{"taxonomy":"product_brand","embeddable":true,"href":"https:\/\/www.bananatreeshop.com\/pt\/wp-json\/wp\/v2\/product_brand?post=40444"},{"taxonomy":"product_cat","embeddable":true,"href":"https:\/\/www.bananatreeshop.com\/pt\/wp-json\/wp\/v2\/product_cat?post=40444"},{"taxonomy":"product_tag","embeddable":true,"href":"https:\/\/www.bananatreeshop.com\/pt\/wp-json\/wp\/v2\/product_tag?post=40444"}],"curies":[{"name":"wp","href":"https:\/\/api.w.org\/{rel}","templated":true}]}}