{"id":40457,"date":"2025-07-10T14:01:16","date_gmt":"2025-07-10T14:01:16","guid":{"rendered":"https:\/\/www.bananatreeshop.com\/?post_type=product&#038;p=40457"},"modified":"2026-04-03T13:02:59","modified_gmt":"2026-04-03T13:02:59","slug":"treasure-bastian-rabbit-up-down-rotator-vibrator-compatible-with-watchme-wireless-technology","status":"publish","type":"product","link":"https:\/\/www.bananatreeshop.com\/pt\/produto\/treasure-bastian-rabbit-up-down-rotator-vibrator-compatible-with-watchme-wireless-technology\/","title":{"rendered":"TREASURE &#8211; BASTIAN RABBIT UP  DOWN ROTADOR  VIBRADOR + MANDO CONTROL REMOTO WATCHME"},"content":{"rendered":"<p><strong>TREASURE BASTIAN RABBIT UPDOWN<\/strong>, Alcanzar la plenitud total del placer es posible aunque ya depende de nuestro objetivo y tiempo. \u00a0Aunque en TREASURE tengamos juguetes vers\u00e1tiles para casi todas las partes del cuerpo que quieras estimular, con BASTIAN RABBIT te permite no tener que elegir una sola para as\u00ed poder centrarte tanto dentro como fuera \u00a1a la vez! Pero no siempre tiene por qu\u00e9 apetecerte lo mismo, no? \u00a0BASTIAN RABBIT \u00a0consta de dos motores independientes, ideal para elegir la intensidad de cada uno de ellos o, directamente, su actividad. Que hoy est\u00e1s m\u00e1s clitoriana? El\u00edgelo. Qu\u00e9 te apetece estimularte por dentro? \u00a1Dale! Los dos? \u00a1Que empiece la fiesta!<\/p>\n<p>Este vibrador est\u00e1 hecho de silicona m\u00e9dica flexible y se puede colocar de forma c\u00f3moda y suave sobre la piel. Lo especial de este producto de bienestar sexual es el control remoto inal\u00e1mbrico, con el que se puede controlar f\u00e1cilmente el placer desde el reloj (No incluido) sin necesidad de romper el estado de excitaci\u00f3n. Puedes seleccionar entre 10 emocionantes programas de vibraci\u00f3n con diferentes grados de intensidad.<\/p>\n<p>BASTIAN RABBIT \u00a0es 100% articulable y por si fuera poco su material incluye la tecnolog\u00eda touch soft, una sensaci\u00f3n extremadamente suave que potencia la sensaci\u00f3n de placer.<\/p>\n<p><strong>Especificaciones:<\/strong><\/p>\n<ul>\n<li>10 modos de vibraci\u00f3n<\/li>\n<li>3 modos de penetraci\u00f3n &#8220;up  down&#8221;<\/li>\n<li>Perlas giratorias<\/li>\n<li>Movimiento &#8220;arriba y abajo&#8221;<\/li>\n<li>Estimulaci\u00f3n del cl\u00edtoris y punto g<\/li>\n<li>Motores super\u00a0potentes<\/li>\n<li>Compatible con\u00a0<strong>Watchme\u00a0Wireless Technology\u00a0<\/strong>(no incluye reloj control remoto)<\/li>\n<li>25.0\u00a0cm x 3.5\u00a0cm (Insertable 13.5\u00a0cm)<\/li>\n<li>Recargable por USB<\/li>\n<li>Impermeable IPX6<\/li>\n<li>Silicona s\u00faper suave y ABS\u00a0Hipoalerg\u00e9nico<\/li>\n<li>Material seguro para el cuerpo<\/li>\n<li>Libre de\u00a0ftalatos<\/li>\n<li><strong>Regalo\u00a0<\/strong>Lubricante WATERFEEL Neutro 6 ml<\/li>\n<li><strong>Mando control remoto Watchme incluido<\/strong><\/li>\n<\/ul>\n<p>LIMPIEZA<\/p>\n<ul>\n<li>Limpia a fondo el juguete antes y despu\u00e9s de cada uso con agua tibia y jab\u00f3n suave.<\/li>\n<\/ul>\n<p>ALMACENAMIENTO<\/p>\n<ul>\n<li>Guarde su juguete Treasure\u00a0en un lugar sin polvo y mant\u00e9ngalo alejado de juguetes de otros materiales. Evite dejarlo a la luz solar directa y NUNCA lo exponga a calor extremo.<\/li>\n<\/ul>\n<p>CONSEJOS DE USO<\/p>\n<ul>\n<li>Treasure recomienda el uso de lubricantes a base de agua para una inserci\u00f3n f\u00e1cil y suave de todos los productos de silicona. No utilice lubricantes, aceites o cremas de silicona con ning\u00fan producto de silicona, ya que pueden degradar el material del producto y limitar su rendimiento y vida \u00fatil.<\/li>\n<\/ul>\n<p>2 A\u00d1OS DE GARANT\u00cdA<\/p>\n<ul>\n<li>Esta garant\u00eda se aplica a todos los productos Treasure \u00a0comprados, a partir de la fecha de compra original de dicho producto. Esta garant\u00eda no cubre da\u00f1os causados por un mal uso o un uso diferente al previsto y descrito en el manual de instrucciones del producto, desgaste normal, alteraci\u00f3n, uso irrazonable, servicio realizado por agencias de servicio no autorizadas o p\u00e9rdida o da\u00f1o de bater\u00edas o bater\u00edas extra\u00edbles.<\/li>\n<\/ul>\n<p style=\"text-align: center;\"><strong>TREASURE TE OFRECE<\/strong><\/p>\n<p style=\"text-align: center;\">CONTROLES 100% INTUITIVOS;\u00a0M\u00e1s f\u00e1cil de usar, m\u00e1s placer\u00a0<\/p>\n<p style=\"text-align: center;\">ERGON\u00d3MICOS; Se adapta a t\u00fa zona \u00edntima<\/p>\n<p style=\"text-align: center;\">LIBRES DE FTALATOS; Sostenible y cuidadoso con la naturaleza<\/p>\n<p style=\"text-align: center;\">SILENCIOSOS; Placer \u00edntimo y discreto<\/p>\n<p style=\"text-align: center;\">SEGUROS PARA TU CUERPO; Tacto de seda<\/p>\n<p style=\"text-align: center;\">DISE\u00d1ADOS EN EUROPA; Dise\u00f1ado y desarrollado por los mejores expertos<\/p>\n<p>TREASURE ES LA GAMA DE VIBRADORES DE LUJO AL ALCANCE DE TODOS!<\/p>\n<p>Los tesoros mejor guardados del mundo siempre guardan un secreto y Treasure esconde un secreto hist\u00f3rico.. En TREASURE, han subido a un siguiente nivel de placer, un espectacular al dise\u00f1o, adem\u00e1s de a\u00f1adirle la tecnolog\u00eda patentada WATCHME.<\/p>\n<p>Treasure , es una marca elegante y sensual que va a revolucionar el mundo de la sexualidad y sensualidad de los pr\u00f3ximos a\u00f1os gracias a la calidad de sus productos, dise\u00f1os innovadores, capaces de cautivar a cualquiera, y nuevas ideas para encontrar el placer total en las relaciones \u00edntimas.<\/p>\n<p>El lema de \u00a0TREASURE<\/p>\n<p>\u201cLa mujer empoderada est\u00e1 para quedarse de ahora en adelante.\u201d<\/p>\n<p>A qui\u00e9n no le gusta un buen orgasmo? Alguno de vosotros no disfrut\u00e1is con las relaciones \u00edntimas m\u00e1s placenteras? Que levante la mano el que no goce y se sienta \u00fanico en el mundo mientras su amante le est\u00e1 poniendo a 1.000 por hora.<\/p>\n<p>La filosof\u00eda de \u00a0TREASURE<\/p>\n<p>Trabajamos sobre la filosof\u00eda de satisfacer a distinguidos clientes. Para ello, apoyamos plenamente los derechos al placer que todos tenemos. As\u00ed pues, nacemos no solo como TREASURE y fabricantes de juguetes sexuales revolucionarios, sino como dise\u00f1adores de experiencias que buscan la diversi\u00f3n plena, tratando de lograr en el camino nuevos mundos de satisfacci\u00f3n que desborden los cinco sentidos.<\/p>\n<p>As\u00ed pues, TREASURE introduce la nueva l\u00ednea de juguetes sexuales con tecnolog\u00eda patentada WATCHME. En el prelanzamiento se han vendido 500.000 unidades divididas en 15 pa\u00edses del Mundo y ya se hemos logrado destacar en el sector combinando el lujo de sus juguetes sexuales con el uso de la tecnolog\u00eda m\u00e1s avanzada y de \u00faltima generaci\u00f3n.<\/p>\n<p>Hasta ahora hemos hablado mucho de la elegancia en los productos de TREASURE. Un toque de lujo a un precio asequible a cualquier tipo de bolsillo. Sin embargo, hay que destacar en esta marca revolucionaria su tecnolog\u00eda, materiales y dise\u00f1o. Preparado para una nueva era?<\/p>\n<p>Algunos de los juguetes de TREASURE \u00a0incluyen la tecnolog\u00eda reloj WATCHME, con el reloj incluido y listos para usar con el control remoto o sin el. Pero es que es esta tecnolog\u00eda?\u00a0<\/p>\n<p>Es un reloj inteligente sexual que te ayudar\u00e1 a controlar los juguetes sexuales TRASURE.\u00a0 Podemos sincronizarlos con los juguetes sexuales que utilicen la tecnolog\u00eda watchme para controlar las vibraciones y las funciones de nuestro sextoy<\/p>\n<p>Funciones de un reloj WATCHME<\/p>\n<p>En un reloj WATCHME existen algunas funciones destacadas que pasamos a detallar:<\/p>\n<ul>\n<li>Activar \/ Desactivar la vibraci\u00f3n.<\/li>\n<li>Modificar los modos de vibraci\u00f3n<\/li>\n<li>Modificar las intensidades en cada modo de vibraci\u00f3n.<\/li>\n<\/ul>\n<p>Pero adem\u00e1s los Juguetes Treasure son impermeables?<\/p>\n<p>Treasure por supuesto, es impermeable y ser\u00e1 tu acompa\u00f1ante perfecto tanto en una rom\u00e1ntica ba\u00f1era de hidromasaje como bajo las c\u00f3modas s\u00e1banas de tu casa. Las vibraciones debajo del agua de este compa\u00f1ero de diversi\u00f3n son percibidas por muchas parejas como particularmente intensas.<\/p>\n<p>\u00a0<\/p>","protected":false},"excerpt":{"rendered":"<p>TREASURE &#8211; BASTIAN RABBIT UP  DOWN ROTATOR  VIBRATOR + WATCHME REMOTE CONTROL<\/p>","protected":false},"featured_media":98534,"comment_status":"open","ping_status":"closed","template":"","meta":{"_eb_attr":""},"product_brand":[],"product_cat":[1250,1152,1153,446,1260,1162,1159,1161,1251,1231,1258],"product_tag":[],"class_list":{"0":"post-40457","1":"product","2":"type-product","3":"status-publish","4":"has-post-thumbnail","6":"product_cat-juguetes-bienestar-juguetes-para-mujeresestimuladores","7":"product_cat-juguetes-bienestar","8":"product_cat-juguetes-bienestar-juguetes-para-mujeres","9":"product_cat-news","10":"product_cat-juguetes-bienestar-juguetes-para-mujeresestimuladorespara-clitoris","11":"product_cat-juguetes-bienestar-vibradoresrotadores-y-vibradores","12":"product_cat-juguetes-bienestar-vibradores","13":"product_cat-juguetes-bienestar-vibradoresvibradores-control-remoto","14":"product_cat-juguetes-bienestar-vibradoresvibradores-hi-tech","15":"product_cat-juguetes-bienestar-vibradoresvibradores-punto-g","16":"product_cat-juguetes-bienestar-vibradoresvibradores-rabbit","17":"yith_product_brand-treasure","19":"first","20":"instock","21":"taxable","22":"shipping-taxable","23":"purchasable","24":"product-type-simple"},"_links":{"self":[{"href":"https:\/\/www.bananatreeshop.com\/pt\/wp-json\/wp\/v2\/product\/40457","targetHints":{"allow":["GET"]}}],"collection":[{"href":"https:\/\/www.bananatreeshop.com\/pt\/wp-json\/wp\/v2\/product"}],"about":[{"href":"https:\/\/www.bananatreeshop.com\/pt\/wp-json\/wp\/v2\/types\/product"}],"replies":[{"embeddable":true,"href":"https:\/\/www.bananatreeshop.com\/pt\/wp-json\/wp\/v2\/comments?post=40457"}],"wp:featuredmedia":[{"embeddable":true,"href":"https:\/\/www.bananatreeshop.com\/pt\/wp-json\/wp\/v2\/media\/98534"}],"wp:attachment":[{"href":"https:\/\/www.bananatreeshop.com\/pt\/wp-json\/wp\/v2\/media?parent=40457"}],"wp:term":[{"taxonomy":"product_brand","embeddable":true,"href":"https:\/\/www.bananatreeshop.com\/pt\/wp-json\/wp\/v2\/product_brand?post=40457"},{"taxonomy":"product_cat","embeddable":true,"href":"https:\/\/www.bananatreeshop.com\/pt\/wp-json\/wp\/v2\/product_cat?post=40457"},{"taxonomy":"product_tag","embeddable":true,"href":"https:\/\/www.bananatreeshop.com\/pt\/wp-json\/wp\/v2\/product_tag?post=40457"}],"curies":[{"name":"wp","href":"https:\/\/api.w.org\/{rel}","templated":true}]}}