{"id":40477,"date":"2025-07-10T14:01:31","date_gmt":"2025-07-10T14:01:31","guid":{"rendered":"https:\/\/www.bananatreeshop.com\/?post_type=product&#038;p=40477"},"modified":"2026-03-31T23:04:39","modified_gmt":"2026-03-31T23:04:39","slug":"cici-beauty-premium-silicone-3-vibrating-kegel-beads-remote-control","status":"publish","type":"product","link":"https:\/\/www.bananatreeshop.com\/pt\/produto\/cici-beauty-premium-silicone-3-vibrating-kegel-beads-remote-control\/","title":{"rendered":"CICI BEAUTY &#8211; PREMIUM SILICONE 3 VIBRATING KEGEL BEADS REMOTE CONTROL"},"content":{"rendered":"<p>\u00a1Con este juego de bolas de amor, el entrenamiento diario ser\u00e1 m\u00e1s c\u00f3modo que nunca! Con un peso de 35 gramos, la bola de amor individual es perfecta para principiantes. La bola del amor doble te desaf\u00eda mucho m\u00e1s con un peso de 65 gramos.<\/p>\n<p>La bola del amor vibrante est\u00e1 en el medio con un peso de 60 gramos. La funci\u00f3n de vibraci\u00f3n, que tambi\u00e9n te estimula, es especial aqu\u00ed. Con el control remoto incluido de tecnolog\u00eda WATCHME, puede seleccionar f\u00e1cilmente los programas o incluso dejar el control a su amante..<\/p>\n<p>El material agradable para la piel se siente perfecto al contacto con la Piel. La superficie ligeramente estructurada de las bolas de amor tambi\u00e9n te estimula. Un practico cord\u00f3n de silicona seguro retr\u00e1ctil permite quitar las bolas f\u00e1cilmente. Si desea llevar sus nuevas bolas de amor en climas h\u00famedos, nada se interpone en su camino.<\/p>\n<p>CICI BEAUTY PREMIUM SILICONE 3 VIBRATING KEGEL BEADS REMOTE CONTROL \u00a0se fabrica a prueba de agua. Y si se quedan sin aliento, puede recargarlos f\u00e1cilmente con el cable de carga USB incluido.<\/p>\n<p>BOLAS PEQUE\u00d1AS &#8211; GRAN EFECTO<\/p>\n<p>Estas bolas de amor combinan entrenamiento y estimulaci\u00f3n por excelencia. Solo 15 minutos de uso al d\u00eda son suficientes para fortalecer de manera sostenible los m\u00fasculos del suelo p\u00e9lvico. Estos m\u00fasculos son responsables, entre otras cosas, de su capacidad para llegar al orgasmo. Pero no solo aumenta la diversi\u00f3n del juego. Tambi\u00e9n previenen la incontinencia de orina. Es particularmente importante que comiences a entrenar ya, incluso si a\u00fan no tienes ning\u00fan s\u00edntoma. Adem\u00e1s, las bolas de amor son beneficiosas para las mujeres despu\u00e9s del parto. Los m\u00fasculos estresados se entrenan nuevamente y nada se interpone en el camino de divertirse juntos. Tu pareja tambi\u00e9n se beneficiar\u00e1 de tu nuevo juguete favorito. Con los m\u00fasculos fortalecidos, tu pareja notar\u00e1 una intensa sensaci\u00f3n de opresi\u00f3n y no querr\u00e1 soltarte en el futuro. Todos los juguetes CICI BEAUTY por supuesto son impermeables y ser\u00e1 tu acompa\u00f1ante perfecto tanto en una rom\u00e1ntica ba\u00f1era de hidromasaje como bajo las c\u00f3modas s\u00e1banas de tu casa. Las vibraciones debajo del agua de este compa\u00f1ero de diversi\u00f3n son percibidas por muchas parejas como particularmente intensas.<\/p>\n<p>Adem\u00e1s, Cici Beuaty Vibrating Kegel Beads son impermeables (IPX7), tambi\u00e9n te podr\u00e1 acompa\u00f1ar en los lugares m\u00e1s h\u00famedos, como la ducha o la ba\u00f1era. Si Cici Beuaty Vibrating con vibraci\u00f3n se queda sin aliento, sus bater\u00edas integradas se pueden recargar mediante el cable de carga USB incluido.<\/p>\n<p>Caracter\u00edsticas<\/p>\n<p>Set bolas de amor para fortalecer el suelo p\u00e9lvico.<\/p>\n<ul>\n<li>4.1 x 3.3 cm &#8211; 35 g<\/li>\n<li>8.9 x 3.25 x 3.3 cm &#8211; 70 g<\/li>\n<li>9.9 x 3.65 x 3.75 cm &#8211; 60 g<\/li>\n<\/ul>\n<p>Silicona suave y sedosa.<\/p>\n<ul>\n<li>Vibraci\u00f3n profunda super intensa en el set de bolas con vibraci\u00f3n.<\/li>\n<li>Control remoto tecnolog\u00eda watchme.<\/li>\n<li>Bater\u00eda de iones de litio<\/li>\n<li>Recargable por USB<\/li>\n<li>Estanco IPX7<\/li>\n<li>10 Modos de vibraci\u00f3n<\/li>\n<li>Adecuado para fortalecer el suelo p\u00e9lvico.<\/li>\n<li>100% resistente al agua para una f\u00e1cil limpieza y ba\u00f1os m\u00e1s calientes que calientes<\/li>\n<li>Vibrador 100% vegano<\/li>\n<\/ul>\n<p>\u00a1DALE PODER!<\/p>\n<p>Las bater\u00edas integradas de tu nuevo vibrador favorito la hacen recargable y, por lo tanto, respetuosa con el medio ambiente. Si desea cargar su dispositivo de placer con un enchufe de red, el cable USB incluido se puede complementar con un enchufe de red est\u00e1ndar de 5 V.<\/p>\n<p>M\u00c1S DIVERSI\u00d3N CON LUBRICANTE<\/p>\n<p>Para obtener el m\u00e1ximo placer suave, use siempre su Cici Beauty \u00a0con uno de los lubricantes a base de agua de Waterfeel o Aqua que se adaptan perfectamente al producto. Esto har\u00e1 que su experiencia sea alegremente intensa y le dar\u00e1 un factor de placer adicional. Est\u00e1n disponibles en versiones neutra, con efecto frio, calor y sabores.<\/p>\n<p>MATERIALES Y CUIDADOS<\/p>\n<p>La silicona Cici Beauty cuenta con una superficie mate satinada incre\u00edblemente flexible. Resistente al agua (IPX6) y combinado con un pr\u00e1ctico mando ergon\u00f3mico hecho del mismo material con detalles en ABS GOLD resistente a los ara\u00f1azos, los juguetes de Cici Beauty son f\u00e1ciles de limpiar y se mantienen higi\u00e9nicos durante mucho tiempo. El material flexible es maravillosamente resbaladizo y r\u00e1pidamente toma la temperatura corporal. Su vibrador se puede limpiar r\u00e1pida y f\u00e1cilmente con un poco de jab\u00f3n y agua tibia. Para finalizar garantiza una higiene exhaustiva con unas pocas pulverizaciones de limpiador desinfectante para juguetes.<\/p>\n<p>Disfruta de tu juguete tanto como nosotros hemos disfrutado fabric\u00e1ndolo para ti.<\/p>\n<p>LA MARCA CICI BEAUTY<\/p>\n<p>Cici Beauty &#8211; \u00a1mucho m\u00e1s que una marca Europea! Todo comenz\u00f3 con la estimulaci\u00f3n a trav\u00e9s de motores innovadores y materiales \u00fanicos. La marca de bienestar sexual l\u00edder en el mundo ahora enriquece la vida amorosa de m\u00e1s de 200.000 mil de mujeres, hombres y parejas en m\u00e1s de 100 pa\u00edses con una exclusiva gama de productos de \u00faltima generaci\u00f3n. Con caracter\u00edsticas de calidad como silicona de alta calidad, garant\u00eda de 5 a\u00f1os, totalmente prueba de agua (IPX7) y motores potentes, la exitosa marca Europea siempre tiene cuidado de combinar tecnolog\u00eda con un dise\u00f1o excepcional en sus productos. \u00a0Un producto ensamblado en Espa\u00f1a con m\u00e1xima calidad Europea<\/p>\n<p><strong>Especificaciones:<\/strong><\/p>\n<ul>\n<li>10 modos de vibraci\u00f3n<\/li>\n<li>Motor super\u00a0potente<\/li>\n<li>Control remoto<\/li>\n<li>Set 3 bolas kegel: 3.2 cm (35 gr) &#8211; 3.2 cm (65 gr) &#8211;\u00a03.7 cm (60 gr)<\/li>\n<li>Recargable por USB<\/li>\n<li>Impermeable IPX7<\/li>\n<li>Silicona s\u00faper suave y ABS<\/li>\n<li>Material seguro para el cuerpo<\/li>\n<li>Libre de\u00a0ftalatos<\/li>\n<li><strong>Regalo\u00a0<\/strong>Lubricante WATERFEEL Neutro 6 ml<\/li>\n<\/ul>","protected":false},"excerpt":{"rendered":"<p>CICI BEAUTY &#8211; PREMIUM SILICONE 3 VIBRATING KEGEL BEADS REMOTE CONTROL<\/p>","protected":false},"featured_media":63770,"comment_status":"open","ping_status":"closed","template":"","meta":{"_eb_attr":""},"product_brand":[],"product_cat":[1160,1255,1257,1152,1153,1159,1161],"product_tag":[],"class_list":{"0":"post-40477","1":"product","2":"type-product","3":"status-publish","4":"has-post-thumbnail","6":"product_cat-juguetes-bienestar-vibradores100-sumergible","7":"product_cat-juguetes-bienestar-juguetes-para-mujeresbolas-chinas","8":"product_cat-juguetes-bienestar-juguetes-para-mujeresbolas-chinasbolas-silicona","9":"product_cat-juguetes-bienestar","10":"product_cat-juguetes-bienestar-juguetes-para-mujeres","11":"product_cat-juguetes-bienestar-vibradores","12":"product_cat-juguetes-bienestar-vibradoresvibradores-control-remoto","13":"yith_product_brand-cici-beauty","15":"first","16":"instock","17":"taxable","18":"shipping-taxable","19":"purchasable","20":"product-type-simple"},"_links":{"self":[{"href":"https:\/\/www.bananatreeshop.com\/pt\/wp-json\/wp\/v2\/product\/40477","targetHints":{"allow":["GET"]}}],"collection":[{"href":"https:\/\/www.bananatreeshop.com\/pt\/wp-json\/wp\/v2\/product"}],"about":[{"href":"https:\/\/www.bananatreeshop.com\/pt\/wp-json\/wp\/v2\/types\/product"}],"replies":[{"embeddable":true,"href":"https:\/\/www.bananatreeshop.com\/pt\/wp-json\/wp\/v2\/comments?post=40477"}],"wp:featuredmedia":[{"embeddable":true,"href":"https:\/\/www.bananatreeshop.com\/pt\/wp-json\/wp\/v2\/media\/63770"}],"wp:attachment":[{"href":"https:\/\/www.bananatreeshop.com\/pt\/wp-json\/wp\/v2\/media?parent=40477"}],"wp:term":[{"taxonomy":"product_brand","embeddable":true,"href":"https:\/\/www.bananatreeshop.com\/pt\/wp-json\/wp\/v2\/product_brand?post=40477"},{"taxonomy":"product_cat","embeddable":true,"href":"https:\/\/www.bananatreeshop.com\/pt\/wp-json\/wp\/v2\/product_cat?post=40477"},{"taxonomy":"product_tag","embeddable":true,"href":"https:\/\/www.bananatreeshop.com\/pt\/wp-json\/wp\/v2\/product_tag?post=40477"}],"curies":[{"name":"wp","href":"https:\/\/api.w.org\/{rel}","templated":true}]}}