{"id":40693,"date":"2025-07-10T14:01:38","date_gmt":"2025-07-10T14:01:38","guid":{"rendered":"https:\/\/www.bananatreeshop.com\/?post_type=product&#038;p=40693"},"modified":"2026-04-17T07:03:48","modified_gmt":"2026-04-17T07:03:48","slug":"satisfyer-threesome-2-vibrator-black","status":"publish","type":"product","link":"https:\/\/www.bananatreeshop.com\/pt\/produto\/satisfyer-threesome-2-vibrator-black\/","title":{"rendered":"SATISFYER &#8211; THREESOME 2 VIBRADOR NEGRO"},"content":{"rendered":"<p>Menage \u00e0 trois contigo a solas? \u00a1No hay problema con el Satisfyer Threesome 2! Un vibrador tan sexy como se puede ver y brinda la atenci\u00f3n que mereces.<\/p>\n<p><strong>Informaci\u00f3n del producto Satisfyer &#8220;Threesome 2<\/strong><strong>&#8220;<\/strong><\/p>\n<ul>\n<li>3 motores s\u00faper potentes<\/li>\n<li>12 programas de vibraci\u00f3n<\/li>\n<li>Estimulaci\u00f3n sensual del cl\u00edtoris y de los labios vaginales<\/li>\n<li>Tecnolog\u00eda Silicone Flex<\/li>\n<li>15 a\u00f1os de garant\u00eda<\/li>\n<li>Modo susurro<\/li>\n<li>Fabricadas con silicona m\u00e9dica s\u00faper suave e inocua para la piel y con un tacto sedoso<\/li>\n<li>Bater\u00eda recargable de iones de litio<\/li>\n<li>Impermeable (IPX7)<\/li>\n<li>Cable de carga USB magn\u00e9tico incluido<\/li>\n<li>F\u00e1cil de limpiar<\/li>\n<\/ul>\n<p><strong>Qu\u00e9 otras ventajas presenta el vibrador Satisfyer Threesome 2? <\/strong><\/p>\n<p>El Threesome 2\u00a0viene con tres brazos flexibles, cada uno de los cuales alberga un potente motor. Los brazos se adaptan perfectamente a tu cuerpo y estimulan varias zonas er\u00f3genas al mismo tiempo: los dos brazos exteriores descansan sensualmente sobre tus labios, mientras que el estrecho brazo central mima tu cl\u00edtoris y se puede presionar para intensificar la estimulaci\u00f3n. El vibrador lay-on endulza tu tiempo a solas con vibraciones a\u00fan m\u00e1s intensas y profundas que te masajean con determinaci\u00f3n hacia el cl\u00edmax. Tambi\u00e9n es un verdadero placer en t\u00e9rminos de apariencia: el elegante dise\u00f1o se completa con detalles laterales.<\/p>\n<p>\u00a1El Threesome 2 est\u00e1 donde quieras! No importa si quiere pasar un buen rato en la cama o si quiere hacer un ba\u00f1o caliente a\u00fan m\u00e1s caliente, gracias al procesamiento a prueba de agua (IPX7), esto es posible. 12 niveles de vibraci\u00f3n para los dos brazos exteriores y el brazo central te permiten ir a toda velocidad dondequiera que est\u00e9s. Se siente bien: la silicona agradable para la piel se acomoda suavemente contra su centro de lujuria y evoca maravillosas horas a solas: \u00a1cierre los ojos y disfrute!<\/p>","protected":false},"excerpt":{"rendered":"<p>SATISFYER &#8211; THREESOME 2 VIBRATOR BLACK<\/p>","protected":false},"featured_media":63794,"comment_status":"open","ping_status":"closed","template":"","meta":{"_eb_attr":""},"product_brand":[],"product_cat":[1160,1250,1152,1153,1134,1260,1159],"product_tag":[],"class_list":{"0":"post-40693","1":"product","2":"type-product","3":"status-publish","4":"has-post-thumbnail","6":"product_cat-juguetes-bienestar-vibradores100-sumergible","7":"product_cat-juguetes-bienestar-juguetes-para-mujeresestimuladores","8":"product_cat-juguetes-bienestar","9":"product_cat-juguetes-bienestar-juguetes-para-mujeres","10":"product_cat-offers","11":"product_cat-juguetes-bienestar-juguetes-para-mujeresestimuladorespara-clitoris","12":"product_cat-juguetes-bienestar-vibradores","13":"pa_color-lila","14":"pa_color-negro","15":"yith_product_brand-satisfyer","16":"yith_product_brand-satisfyer-satisfyer-vibrator","18":"first","19":"instock","20":"taxable","21":"shipping-taxable","22":"purchasable","23":"product-type-variable","24":"has-default-attributes"},"_links":{"self":[{"href":"https:\/\/www.bananatreeshop.com\/pt\/wp-json\/wp\/v2\/product\/40693","targetHints":{"allow":["GET"]}}],"collection":[{"href":"https:\/\/www.bananatreeshop.com\/pt\/wp-json\/wp\/v2\/product"}],"about":[{"href":"https:\/\/www.bananatreeshop.com\/pt\/wp-json\/wp\/v2\/types\/product"}],"replies":[{"embeddable":true,"href":"https:\/\/www.bananatreeshop.com\/pt\/wp-json\/wp\/v2\/comments?post=40693"}],"wp:featuredmedia":[{"embeddable":true,"href":"https:\/\/www.bananatreeshop.com\/pt\/wp-json\/wp\/v2\/media\/63794"}],"wp:attachment":[{"href":"https:\/\/www.bananatreeshop.com\/pt\/wp-json\/wp\/v2\/media?parent=40693"}],"wp:term":[{"taxonomy":"product_brand","embeddable":true,"href":"https:\/\/www.bananatreeshop.com\/pt\/wp-json\/wp\/v2\/product_brand?post=40693"},{"taxonomy":"product_cat","embeddable":true,"href":"https:\/\/www.bananatreeshop.com\/pt\/wp-json\/wp\/v2\/product_cat?post=40693"},{"taxonomy":"product_tag","embeddable":true,"href":"https:\/\/www.bananatreeshop.com\/pt\/wp-json\/wp\/v2\/product_tag?post=40693"}],"curies":[{"name":"wp","href":"https:\/\/api.w.org\/{rel}","templated":true}]}}