{"id":40754,"date":"2025-07-10T14:01:43","date_gmt":"2025-07-10T14:01:43","guid":{"rendered":"https:\/\/www.bananatreeshop.com\/?post_type=product&#038;p=40754"},"modified":"2026-04-14T01:52:49","modified_gmt":"2026-04-14T01:52:49","slug":"kiiroo-onyx-pearl-2-turquoise-couples-set","status":"publish","type":"product","link":"https:\/\/www.bananatreeshop.com\/pt\/produto\/kiiroo-onyx-pearl-2-turquoise-couples-set\/","title":{"rendered":"KIIROO &#8211; ONYX+  PEARL 2+ TURQUESA SET PAREJAS"},"content":{"rendered":"<p><strong>Descripci\u00f3n del producto Kiiroo Onyx+:<\/strong><\/p>\n<p>Kiiroo Onyx+ trae una experiencia sensorial completamente nueva a Internet: toque \u00edntimo. Este masturbador masculino ligero es silencioso, discreto y perfecto como compa\u00f1ero de viaje. El Onyx de tercera generaci\u00f3n tiene un motor giratorio completamente diferente que cambia la sensaci\u00f3n de lo que sientes.<\/p>\n<p>Onyx+ puede alcanzar hasta 140 golpes por minuto mientras mantiene un motor m\u00e1s silencioso que sus dos predecesores, lo que hace que la experiencia sensorial de usar Onyx+ sea a\u00fan m\u00e1s emocionante.<\/p>\n<p>Dentro de Onyx+ hay 10 anillos que funcionan juntos para simular el coito y las caricias hacia arriba y hacia abajo en tiempo real.<\/p>\n<p><strong>Descripci\u00f3n del producto Kiiroo Pearl2+:<\/strong><\/p>\n<p>Pearl2+ es un vibrador de punto G tecnol\u00f3gicamente avanzado habilitado con tecnolog\u00eda sensible al tacto. La forma ligeramente curvada es perfecta para la estimulaci\u00f3n del punto G y todo tipo de placer externo. Los tres golpes en el Pearl2+ estimulan el punto G m\u00e1s intensamente cuando se insertan en el cuerpo.<\/p>\n<p>Pearl2+ puede conectarse a todos los productos Kiiroo usando la aplicaci\u00f3n FeelConnect para que los socios puedan sentirse en tiempo real sin importar cu\u00e1n lejos est\u00e9n.<\/p>\n<p>Para los artistas de c\u00e1maras web, Pearl2+ los ayudar\u00e1 a ganar m\u00e1s dinero, ya que los usuarios pueden dar el control de su vibrador a sus fans y usarlo para dar propinas interactivas.<\/p>\n<p><strong>Qu\u00e9 diferencia a Pearl2+ de Pearl2?<\/strong><\/p>\n<p>Aparte del nuevo y vibrante color de Pearl2+, hemos mejorado las placas t\u00e1ctiles y las hemos extendido hasta la punta para hacer que Pearl2+ responda mucho mejor al tacto. Esto es ideal para el juego o la estimulaci\u00f3n del cl\u00edtoris que comienza tan pronto como se inserta el juguete. Una de las actualizaciones m\u00e1s emocionantes son los 90 minutos de duraci\u00f3n de la bater\u00eda, por lo que la diversi\u00f3n puede continuar.<\/p>\n<p><strong>Especificaciones del producto Onyx+:<\/strong><\/p>\n<ul>\n<li>Materiales: ABS, POM<\/li>\n<li>Manga: manga TPE<\/li>\n<li>Acabado: Tacto Suave y Brillante<\/li>\n<li>Tama\u00f1o: 89 x 79 x 263 mm \/ 8,9 x 7,9 x 26,3 cm \/ 3,5 x 3,1 x 10,4 pulgadas<\/li>\n<li>Tama\u00f1o del orificio de apertura: 50 mm x 45 mm \/ 5 x 4,5 cm \/ 1,97 x 1,77 pulgadas<\/li>\n<li>Altura del orificio: 165 mm \/ 16,5 cm \/ 6,5 pulgadas<\/li>\n<li>Peso: 1,3 kg \/ 45,85 oz \/ 2,87 lb con caja<\/li>\n<li>Bater\u00eda: Pol\u00edmero de iones de litio 1000 mAh<\/li>\n<li>Carga: 4 horas<\/li>\n<li>Tiempo de usuario: 1 hora<\/li>\n<\/ul>\n<p><strong>Lo que obtienes en la caja:<\/strong><\/p>\n<ul>\n<li>Kiiroo Onyx+<\/li>\n<li>Cable de carga USB<\/li>\n<li>Tarjeta de autenticidad<\/li>\n<li>Tarjeta de garant\u00eda<\/li>\n<li>Gu\u00eda de configuraci\u00f3n r\u00e1pida<\/li>\n<li>Manga de TPE<\/li>\n<\/ul>\n<p><strong>Especificaciones del producto Pearl2+:<\/strong><\/p>\n<ul>\n<li>Materiales: ABS, silicona<\/li>\n<li>Acabado: cromo mate para ABS, acabado mate para silicona<\/li>\n<li>Tama\u00f1o: 200 x 39 x 36,5 mm \/ 20 x 3,9 x 3,65 cm \/ 7,87 x 1,53 x 1,46 pulgadas<\/li>\n<li>Tama\u00f1o de la caja: 210 x 50 x 50 mm \/ 21 x 5 x 5 cm \/ 8,27 x 1,97 pulgadas<\/li>\n<li>Peso: 139 g \/ 4,90 oz \/ 0,30 lb para dispositivo, 159 g \/ 5,60 oz \/ 0,35 lb para dispositivo + cable USB<\/li>\n<li>Bater\u00eda: Litio-ion 540 MAH 3.7V<\/li>\n<li>Carga: 2 horas<\/li>\n<li>Tiempo de usuario: 1,5 horas<\/li>\n<\/ul>\n<p><strong>Lo que obtienes en la caja:<\/strong><\/p>\n<ul>\n<li>Cable de carga USB<\/li>\n<li>Gu\u00eda de configuraci\u00f3n r\u00e1pida<\/li>\n<li>Caracter\u00edsticas de la aplicaci\u00f3n FeelConnect:<\/li>\n<li>Disponible en Google Play y Apple Store.<\/li>\n<\/ul>\n<p><strong>Feel Your Lover.<\/strong><\/p>\n<p>Los usuarios de Onyx+ y Pearl2+ pueden usar la aplicaci\u00f3n FeelConnect para controlar los productos de sus socios a distancia. Tambi\u00e9n pueden emparejar sus productos Kiiroo entre s\u00ed a trav\u00e9s de la aplicaci\u00f3n para sentirse en tiempo real sin importar la distancia.<\/p>\n<p><strong>Feel Webcam.<\/strong><\/p>\n<p>La funci\u00f3n de c\u00e1mara web de Kiiroo permite que los modelos de c\u00e1mara web sincronicen su Onyx+ y Pearl2+ con las plataformas de c\u00e1mara web y reciban propinas por dar el control de sus juguetes a los fan\u00e1ticos que los est\u00e1n mirando. El negocio de las c\u00e1maras web est\u00e1 creciendo y existe una gran demanda de esta tecnolog\u00eda interactiva entre los artistas.<\/p>\n<p><strong>Feel Videos.<\/strong><\/p>\n<p>Los 10 anillos que se contraen en Onyx+ se mueven de arriba hacia abajo imitando la acci\u00f3n en pantalla, y las vibraciones de Pearl2+ se sincronizan con los movimientos que ves en la pantalla, haciendo que los usuarios sientan que est\u00e1n en la escena.<\/p>\n<p><strong>Feel Virtual Reality.<\/strong><\/p>\n<p>Usando gafas de realidad virtual m\u00f3viles y los usuarios de Onyx+ o Pearl2+ pueden experimentar videos para adultos de alta calidad filmados en 180 y 360 grados con vistas estereosc\u00f3picas en 3D o jugar juegos pornogr\u00e1ficos de realidad virtual.<\/p>","protected":false},"excerpt":{"rendered":"<p>KIIROO &#8211; ONYX+  PEARL 2+ TURQUOISE COUPLES SET<\/p>","protected":false},"featured_media":63809,"comment_status":"open","ping_status":"closed","template":"","meta":{"_eb_attr":""},"product_brand":[],"product_cat":[1160,1250,1152,1217,1153,1240,1447,1159,1216,1161,1251],"product_tag":[],"class_list":{"0":"post-40754","1":"product","2":"type-product","3":"status-publish","4":"has-post-thumbnail","6":"product_cat-juguetes-bienestar-vibradores100-sumergible","7":"product_cat-juguetes-bienestar-juguetes-para-mujeresestimuladores","8":"product_cat-juguetes-bienestar","9":"product_cat-juguetes-bienestar-juguetes-para-hombres","10":"product_cat-juguetes-bienestar-juguetes-para-mujeres","11":"product_cat-juguetes-bienestar-kits-juguetes-sexuales","12":"product_cat-juguetes-bienestar-juguetes-para-hombresmasturbador-automatico","13":"product_cat-juguetes-bienestar-vibradores","14":"product_cat-juguetes-bienestar-vibradoresvibradores-con-app","15":"product_cat-juguetes-bienestar-vibradoresvibradores-control-remoto","16":"product_cat-juguetes-bienestar-vibradoresvibradores-hi-tech","17":"yith_product_brand-kiiroo","19":"first","20":"instock","21":"taxable","22":"shipping-taxable","23":"purchasable","24":"product-type-simple"},"_links":{"self":[{"href":"https:\/\/www.bananatreeshop.com\/pt\/wp-json\/wp\/v2\/product\/40754","targetHints":{"allow":["GET"]}}],"collection":[{"href":"https:\/\/www.bananatreeshop.com\/pt\/wp-json\/wp\/v2\/product"}],"about":[{"href":"https:\/\/www.bananatreeshop.com\/pt\/wp-json\/wp\/v2\/types\/product"}],"replies":[{"embeddable":true,"href":"https:\/\/www.bananatreeshop.com\/pt\/wp-json\/wp\/v2\/comments?post=40754"}],"wp:featuredmedia":[{"embeddable":true,"href":"https:\/\/www.bananatreeshop.com\/pt\/wp-json\/wp\/v2\/media\/63809"}],"wp:attachment":[{"href":"https:\/\/www.bananatreeshop.com\/pt\/wp-json\/wp\/v2\/media?parent=40754"}],"wp:term":[{"taxonomy":"product_brand","embeddable":true,"href":"https:\/\/www.bananatreeshop.com\/pt\/wp-json\/wp\/v2\/product_brand?post=40754"},{"taxonomy":"product_cat","embeddable":true,"href":"https:\/\/www.bananatreeshop.com\/pt\/wp-json\/wp\/v2\/product_cat?post=40754"},{"taxonomy":"product_tag","embeddable":true,"href":"https:\/\/www.bananatreeshop.com\/pt\/wp-json\/wp\/v2\/product_tag?post=40754"}],"curies":[{"name":"wp","href":"https:\/\/api.w.org\/{rel}","templated":true}]}}