{"id":41239,"date":"2025-07-10T14:02:01","date_gmt":"2025-07-10T14:02:01","guid":{"rendered":"https:\/\/www.bananatreeshop.com\/?post_type=product&#038;p=41239"},"modified":"2026-04-17T10:24:53","modified_gmt":"2026-04-17T10:24:53","slug":"lelo-loki-wave-2-prostatic-massager-black","status":"publish","type":"product","link":"https:\/\/www.bananatreeshop.com\/pt\/produto\/lelo-loki-wave-2-prostatic-massager-black\/","title":{"rendered":"LELO &#8211; LOKI WAVE 2 MASAJEADOR PROST\u00c1TICO &#8211; NEGRO"},"content":{"rendered":"<p>He aqu\u00ed la nueva generaci\u00f3n de nuestro legendario estimulador de pr\u00f3stata vibratorio. LOKI Wave\u2122 2 se mueve hacia adelante y atr\u00e1s con un movimiento de masaje interno similar al de los dedos para lograr una estimulaci\u00f3n de pr\u00f3stata arrebatadora. Experimenta una satisfacci\u00f3n org\u00e1smica sin precedentes gracias a los 12 modos de placer propulsados por 2 motores y su brazo interno masajeador flexible y ergon\u00f3mico que hemos redise\u00f1ado por completo. Siente la intensidad en tu interior y disfruta del placer con el estiloso LOKI Wave\u2122 2.<\/p>\n<p>\u00a0<\/p>\n<p><strong>12 POTENTES MODOS DE VIBRACI\u00d3N:<\/strong> LOKI Wave\u2122 2 ofrece 12 patrones de vibraci\u00f3n con distintas intensidades; de toques suaves a pulsos muy excitantes.<\/p>\n<p><strong>SILICONA EXTRASUAVE<\/strong>: Silicona de alta calidad ultrasuave y c\u00e1lida al tacto para que disfrutes de un placer profundamente gratificante e higi\u00e9nico al mismo tiempo.<\/p>\n<p><strong>RECARGABLE POR USB Y 100 % IMPERMEABLE SEG\u00daN EL EST\u00c1NDAR IPX7<\/strong>: Disfruta de cl\u00edmax ilimitados en cualquier momento y lugar, incluyendo el ba\u00f1o o la ducha.<\/p>\n<div><strong><span style=\"font-size: 13px;\">UNA MAYOR POTENCIA PARA UN PLACER M\u00c1S INTENSO<\/span>:<\/strong> Con 2 motores que se centran con precisi\u00f3n en la pr\u00f3stata y el perineo para lograr cl\u00edmax mucho m\u00e1s explosivos.<\/div>\n<p>\u00a0<\/p>\n<div><strong><span style=\"font-size: 13px;\">CARACTER\u00cdSTICAS:<\/span><\/strong><\/div>\n<div><span style=\"font-size: 13px;\"><strong>Materiales:<\/strong> silicona biocompatible y pl\u00e1stico ABS<\/span><\/div>\n<div><span style=\"font-size: 13px;\"><strong>Acabado<\/strong>: suave<\/span><\/div>\n<div><span style=\"font-size: 13px;\"><strong>Tama\u00f1o<\/strong>: 91 x 42 x 196 mm<\/span><\/div>\n<div><span style=\"font-size: 13px;\"><strong>Longitud insertable<\/strong>: 100 mm<\/span><\/div>\n<div><span style=\"font-size: 13px;\"><strong>Peso<\/strong>: 196 g<\/span><\/div>\n<div><span style=\"font-size: 13px;\"><strong>Bater\u00eda<\/strong>: litio 850 mAh 3.7 V<\/span><\/div>\n<div><span style=\"font-size: 13px;\"><strong>Carga<\/strong>: hasta 2 horas a 5.0 V 750 mA<\/span><\/div>\n<div><span style=\"font-size: 13px;\"><strong>Tiempo de uso<\/strong>: hasta 2 horas<\/span><\/div>\n<div><span style=\"font-size: 13px;\"><strong>En espera<\/strong>: hasta 90 d\u00edas<\/span><\/div>\n<div><span style=\"font-size: 13px;\"><strong>Frecuencia:<\/strong> 122 Hz<\/span><\/div>\n<div><span style=\"font-size: 13px;\"><strong>Nivel m\u00e1x. de ruido: <\/strong>< 60 dB<\/span><\/div>\n<div><span style=\"font-size: 13px;\"><strong>Interfaz<\/strong>: 5 botones<\/span><\/div>\n<div>\u00a0<\/div>\n<div>\u00a0<\/div>\n<div>\n<div><strong><span style=\"font-size: 13px;\">INSTRUCCIONES DE USO:<\/span><\/strong><\/div>\n<ul>\n<li><span style=\"font-size: 13px;\">Antes del primer uso, carga tu\u00a0<span style=\"font-size: 13px;\">LOKI Wave\u2122 2 durante 2 horas.<\/span><\/span><\/li>\n<li><span style=\"font-size: 13px;\">Es posible que la interfaz del\u00a0<span style=\"font-size: 13px;\">aparato est\u00e9 bloqueada. Mant\u00e9n\u00a0<span style=\"font-size: 13px;\">presionados + y &#8211; durante 3\u00a0<span style=\"font-size: 13px;\">segundos.<\/span><\/span><\/span><\/span><\/li>\n<li><span style=\"font-size: 13px;\">Pulsa el bot\u00f3n On\/Off para\u00a0<span style=\"font-size: 13px;\">encenderlo.<\/span><\/span><\/li>\n<li><span style=\"font-size: 13px;\"><span style=\"font-size: 13px;\"><span style=\"font-size: 13px;\">Pulsa los botones ff o V para pasar\u00a0<span style=\"font-size: 13px;\">por los 12 modos.<\/span><\/span><\/span><\/span><\/li>\n<li><span style=\"font-size: 13px;\"><span style=\"font-size: 13px;\"><span style=\"font-size: 13px;\"><span style=\"font-size: 13px;\"><span style=\"font-size: 13px;\">Usa los botones + o &#8211; para aumentar\u00a0<span style=\"font-size: 13px;\">o disminuir la intensidad.<\/span><\/span><\/span><\/span><\/span><\/span><\/li>\n<li><span style=\"font-size: 13px;\">Mant\u00e9n presionado el bot\u00f3n On\/Off\u00a0<span style=\"font-size: 13px;\">para apagarlo.<\/span><\/span><\/li>\n<\/ul>\n<\/div>","protected":false},"excerpt":{"rendered":"<p>LELO &#8211; LOKI WAVE 2 PROSTATIC MASSAGER &#8211; BLACK<\/p>","protected":false},"featured_media":63876,"comment_status":"open","ping_status":"closed","template":"","meta":{"_eb_attr":""},"product_brand":[],"product_cat":[1159,1231,1258],"product_tag":[],"class_list":{"0":"post-41239","1":"product","2":"type-product","3":"status-publish","4":"has-post-thumbnail","6":"product_cat-juguetes-bienestar-vibradores","7":"product_cat-juguetes-bienestar-vibradoresvibradores-punto-g","8":"product_cat-juguetes-bienestar-vibradoresvibradores-rabbit","9":"yith_product_brand-lelo","11":"first","12":"instock","13":"taxable","14":"shipping-taxable","15":"purchasable","16":"product-type-simple"},"_links":{"self":[{"href":"https:\/\/www.bananatreeshop.com\/pt\/wp-json\/wp\/v2\/product\/41239","targetHints":{"allow":["GET"]}}],"collection":[{"href":"https:\/\/www.bananatreeshop.com\/pt\/wp-json\/wp\/v2\/product"}],"about":[{"href":"https:\/\/www.bananatreeshop.com\/pt\/wp-json\/wp\/v2\/types\/product"}],"replies":[{"embeddable":true,"href":"https:\/\/www.bananatreeshop.com\/pt\/wp-json\/wp\/v2\/comments?post=41239"}],"wp:featuredmedia":[{"embeddable":true,"href":"https:\/\/www.bananatreeshop.com\/pt\/wp-json\/wp\/v2\/media\/63876"}],"wp:attachment":[{"href":"https:\/\/www.bananatreeshop.com\/pt\/wp-json\/wp\/v2\/media?parent=41239"}],"wp:term":[{"taxonomy":"product_brand","embeddable":true,"href":"https:\/\/www.bananatreeshop.com\/pt\/wp-json\/wp\/v2\/product_brand?post=41239"},{"taxonomy":"product_cat","embeddable":true,"href":"https:\/\/www.bananatreeshop.com\/pt\/wp-json\/wp\/v2\/product_cat?post=41239"},{"taxonomy":"product_tag","embeddable":true,"href":"https:\/\/www.bananatreeshop.com\/pt\/wp-json\/wp\/v2\/product_tag?post=41239"}],"curies":[{"name":"wp","href":"https:\/\/api.w.org\/{rel}","templated":true}]}}