{"id":41538,"date":"2025-07-10T15:00:25","date_gmt":"2025-07-10T15:00:25","guid":{"rendered":"https:\/\/www.bananatreeshop.com\/?post_type=product&#038;p=41538"},"modified":"2026-04-17T08:02:19","modified_gmt":"2026-04-17T08:02:19","slug":"lelo-lily-3-personal-massager-aqua-green","status":"publish","type":"product","link":"https:\/\/www.bananatreeshop.com\/pt\/produto\/lelo-lily-3-personal-massager-aqua-green\/","title":{"rendered":"LELO &#8211; LILY 3 MASAJEADOR PERSONAL &#8211; VERDE AGUA"},"content":{"rendered":"<p>Emb\u00e1rcate en un viaje apasionado con el masajeador personal LILY\u2122 3 y d\u00e9jate llevar por est\u00edmulos org\u00e1smicos sutiles con sus diez potentes modos de placer. Aunque peque\u00f1o en tama\u00f1o, ha sido dise\u00f1ado para desatar sensaciones y hacerte gozar de una experiencia inolvidable, tanto si lo usas con tu pareja como en solitario.<\/p>\n<p>\u00a0<\/p>\n<p><strong>LISTO PARA VIAJAR<\/strong>: Su dise\u00f1o compacto y discreto te permite llevar LILY\u2122 3 encima vayas donde vayas.<\/p>\n<p><strong>10 POTENTES MODOS DE VIBRACI\u00d3N<\/strong>: LILY\u2122 3 ofrece diez patrones de vibraci\u00f3n con distintas intensidades; de toques suaves a pulsos muy excitantes.<\/p>\n<p><strong>RECARGABLE POR USB Y 100 %IMPERMEABLE SEG\u00daN EL EST\u00c1NDAR IPX7<\/strong>: Disfruta de cl\u00edmax ilimitados en cualquier momento y lugar, incluyendo el ba\u00f1o o la ducha.<\/p>\n<p>\u00a0<\/p>\n<div><strong><span style=\"font-size: 13px;\">CARACTER\u00cdSTICAS:<\/span><\/strong><\/div>\n<div><span style=\"font-size: 13px;\"><strong>Materiales:<\/strong> silicona biocompatible y pl\u00e1stico ABS<\/span><\/div>\n<div><span style=\"font-size: 13px;\"><strong>Acabado<\/strong>: suave<\/span><\/div>\n<div><span style=\"font-size: 13px;\"><strong>Tama\u00f1o<\/strong>: <\/span>39 x 34 x 74 mm<\/div>\n<div><span style=\"font-size: 13px;\"><strong>Peso<\/strong>: <\/span>45\u00a0<span style=\"font-size: 13px;\">g<\/span><\/div>\n<div><span style=\"font-size: 13px;\"><strong>Bater\u00eda<\/strong>: <\/span>Li-ion 3.7 V con 300 mAh<\/div>\n<div><span style=\"font-size: 13px;\"><strong>Carga<\/strong>: hasta 2 horas\u00a0<\/span><\/div>\n<div><span style=\"font-size: 13px;\"><strong>Potencial nominal<\/strong>: <\/span>Entrada: 5 V 1.5 W\u00a0 \/\/\u00a0\u00a0Salida: 3.7 V 0.7 W<\/div>\n<div><span style=\"font-size: 13px;\"><strong>Tiempo de uso<\/strong>: hasta 2 horas<\/span><\/div>\n<div><span style=\"font-size: 13px;\"><strong>En espera<\/strong>: hasta 90 d\u00edas<\/span><\/div>\n<div><span style=\"font-size: 13px;\"><strong>Frecuencia:<\/strong> 93\u00a0Hz<\/span><\/div>\n<div><span style=\"font-size: 13px;\"><strong>Nivel m\u00e1x. de ruido: <\/strong>< 60 dB<\/span><\/div>\n<div><span style=\"font-size: 13px;\"><strong>Interfaz<\/strong>: 2 botones<\/span><\/div>\n<div>\u00a0<\/div>\n<div>\u00a0<\/div>\n<div>\n<div><strong><span style=\"font-size: 13px;\">INSTRUCCIONES DE USO:<\/span><\/strong><\/div>\n<ul>\n<li><span style=\"font-size: 13px;\">Antes del primer uso, carga tu\u00a0<\/span>LILY\u2122<span style=\"font-size: 13px;\"><span style=\"font-size: 13px;\">\u00a03 durante 2 horas.<\/span><\/span><\/li>\n<li><span style=\"font-size: 13px;\">Es posible que la interfaz del\u00a0<span style=\"font-size: 13px;\">aparato est\u00e9 bloqueada. <\/span><\/span>Mant\u00e9n presionados los dos botones durante 5 segundos.<\/li>\n<li>Mant\u00e9n presionado el bot\u00f3n derecho para encenderlo.<\/li>\n<li>Presiona dos veces r\u00e1pidamente para cambiar de modo.<\/li>\n<li>Presiona durante un instante semilargo el bot\u00f3n izquierdo o derecho para subir o bajar la intensidad.<\/li>\n<li>Mant\u00e9n presionado el bot\u00f3n izquierdo para apagarlo.<\/li>\n<\/ul>\n<\/div>","protected":false},"excerpt":{"rendered":"<p>LELO &#8211; LILY 3 PERSONAL MASSAGER &#8211; AQUA GREEN<\/p>","protected":false},"featured_media":63918,"comment_status":"open","ping_status":"closed","template":"","meta":{"_eb_attr":""},"product_brand":[],"product_cat":[1250,1152,1153,1253,1260,1159,1259],"product_tag":[],"class_list":{"0":"post-41538","1":"product","2":"type-product","3":"status-publish","4":"has-post-thumbnail","6":"product_cat-juguetes-bienestar-juguetes-para-mujeresestimuladores","7":"product_cat-juguetes-bienestar","8":"product_cat-juguetes-bienestar-juguetes-para-mujeres","9":"product_cat-juguetes-bienestar-vibradoresmini-vibradores","10":"product_cat-juguetes-bienestar-juguetes-para-mujeresestimuladorespara-clitoris","11":"product_cat-juguetes-bienestar-vibradores","12":"product_cat-juguetes-bienestar-vibradoresvibradores-lay-on-clitoris","13":"pa_color-lila","14":"pa_color-morado","15":"pa_color-verde","16":"yith_product_brand-lelo","18":"first","19":"instock","20":"taxable","21":"shipping-taxable","22":"purchasable","23":"product-type-variable","24":"has-default-attributes"},"_links":{"self":[{"href":"https:\/\/www.bananatreeshop.com\/pt\/wp-json\/wp\/v2\/product\/41538","targetHints":{"allow":["GET"]}}],"collection":[{"href":"https:\/\/www.bananatreeshop.com\/pt\/wp-json\/wp\/v2\/product"}],"about":[{"href":"https:\/\/www.bananatreeshop.com\/pt\/wp-json\/wp\/v2\/types\/product"}],"replies":[{"embeddable":true,"href":"https:\/\/www.bananatreeshop.com\/pt\/wp-json\/wp\/v2\/comments?post=41538"}],"wp:featuredmedia":[{"embeddable":true,"href":"https:\/\/www.bananatreeshop.com\/pt\/wp-json\/wp\/v2\/media\/63918"}],"wp:attachment":[{"href":"https:\/\/www.bananatreeshop.com\/pt\/wp-json\/wp\/v2\/media?parent=41538"}],"wp:term":[{"taxonomy":"product_brand","embeddable":true,"href":"https:\/\/www.bananatreeshop.com\/pt\/wp-json\/wp\/v2\/product_brand?post=41538"},{"taxonomy":"product_cat","embeddable":true,"href":"https:\/\/www.bananatreeshop.com\/pt\/wp-json\/wp\/v2\/product_cat?post=41538"},{"taxonomy":"product_tag","embeddable":true,"href":"https:\/\/www.bananatreeshop.com\/pt\/wp-json\/wp\/v2\/product_tag?post=41538"}],"curies":[{"name":"wp","href":"https:\/\/api.w.org\/{rel}","templated":true}]}}