{"id":41572,"date":"2025-07-11T12:00:53","date_gmt":"2025-07-11T12:00:53","guid":{"rendered":"https:\/\/www.bananatreeshop.com\/?post_type=product&#038;p=41572"},"modified":"2026-04-01T08:03:29","modified_gmt":"2026-04-01T08:03:29","slug":"passion-055-set-mark-black-s-m","status":"publish","type":"product","link":"https:\/\/www.bananatreeshop.com\/pt\/produto\/passion-055-set-mark-black-s-m\/","title":{"rendered":"PASSION &#8211; 055 SET MARK NEGRO S\/M"},"content":{"rendered":"<p><strong>Material:<\/strong><\/p>\n<ul>\n<li>60% Poliuretano<\/li>\n<li>40% Poliester<\/li>\n<\/ul>\n<p>Passion es lencer\u00eda fabricada en la Uni\u00f3n Europea con estrictos controles de calidad, cuidando el m\u00e1ximo detalle tanto en la fabricaci\u00f3n como en sus elementos decorativos, pensado para el mundo actual, personas din\u00e1micas con ganas de innovar y sentirse siempre al d\u00eda.<\/p>\n<ul>\n<li><font background-attachment:=\"\" background-clip:=\"\" background-image:=\"\" background-origin:=\"\" background-position:=\"\" background-repeat:=\"\" background-size:=\"\" border:=\"\" color:=\"\" font-family:=\"\" none=\"\" open=\"\" outline:=\"\" padding:=\"\" style=\"margin:\" vertical-align:=\"\">Producto fabricado en Polonia.<\/font><\/li>\n<li><font background-attachment:=\"\" background-clip:=\"\" background-image:=\"\" background-origin:=\"\" background-position:=\"\" background-repeat:=\"\" background-size:=\"\" border:=\"\" color:=\"\" font-family:=\"\" none=\"\" open=\"\" outline:=\"\" padding:=\"\" style=\"margin:\" vertical-align:=\"\">El producto est\u00e1 100% fabricado en la UE.<\/font><\/li>\n<li><font background-attachment:=\"\" background-clip:=\"\" background-image:=\"\" background-origin:=\"\" background-position:=\"\" background-repeat:=\"\" background-size:=\"\" border:=\"\" color:=\"\" font-family:=\"\" none=\"\" open=\"\" outline:=\"\" padding:=\"\" style=\"margin:\" vertical-align:=\"\">El producto contiene materiales con certificado Oeko-Tex.<\/font><\/li>\n<\/ul>\n<p>\u00a0<\/p>\n<p style=\"text-align: center;\"><img decoding=\"async\" alt=\"\" src=\"https:\/\/interno.dreamlove.es\/UserFiles\/images\/PASSION%20MEN.jpg\" style=\"line-height: 20.8px; text-align: center; width: 402px; height: 117px;\" \/><\/p>\n<p>\u00a0<\/p>\n<p style=\"text-align: center;\">\u00a0<\/p>","protected":false},"excerpt":{"rendered":"<p>PASSION &#8211; 055 SET MARK BLACK S\/M<\/p>","protected":false},"featured_media":66726,"comment_status":"open","ping_status":"closed","template":"","meta":{"_eb_attr":""},"product_brand":[],"product_cat":[1279,1191,1284],"product_tag":[],"class_list":{"0":"post-41572","1":"product","2":"type-product","3":"status-publish","4":"has-post-thumbnail","6":"product_cat-moda-lencerialenceria-hombre","7":"product_cat-moda-lenceria","8":"product_cat-moda-lencerialenceria-hombrepacks-lenceria-masculina","9":"pa_talla-l-xl","10":"pa_talla-s-m","11":"yith_product_brand-passion","12":"yith_product_brand-passionpassion-men","14":"first","15":"instock","16":"taxable","17":"shipping-taxable","18":"purchasable","19":"product-type-variable","20":"has-default-attributes"},"_links":{"self":[{"href":"https:\/\/www.bananatreeshop.com\/pt\/wp-json\/wp\/v2\/product\/41572","targetHints":{"allow":["GET"]}}],"collection":[{"href":"https:\/\/www.bananatreeshop.com\/pt\/wp-json\/wp\/v2\/product"}],"about":[{"href":"https:\/\/www.bananatreeshop.com\/pt\/wp-json\/wp\/v2\/types\/product"}],"replies":[{"embeddable":true,"href":"https:\/\/www.bananatreeshop.com\/pt\/wp-json\/wp\/v2\/comments?post=41572"}],"wp:featuredmedia":[{"embeddable":true,"href":"https:\/\/www.bananatreeshop.com\/pt\/wp-json\/wp\/v2\/media\/66726"}],"wp:attachment":[{"href":"https:\/\/www.bananatreeshop.com\/pt\/wp-json\/wp\/v2\/media?parent=41572"}],"wp:term":[{"taxonomy":"product_brand","embeddable":true,"href":"https:\/\/www.bananatreeshop.com\/pt\/wp-json\/wp\/v2\/product_brand?post=41572"},{"taxonomy":"product_cat","embeddable":true,"href":"https:\/\/www.bananatreeshop.com\/pt\/wp-json\/wp\/v2\/product_cat?post=41572"},{"taxonomy":"product_tag","embeddable":true,"href":"https:\/\/www.bananatreeshop.com\/pt\/wp-json\/wp\/v2\/product_tag?post=41572"}],"curies":[{"name":"wp","href":"https:\/\/api.w.org\/{rel}","templated":true}]}}