{"id":41618,"date":"2026-04-04T08:03:02","date_gmt":"2026-04-04T08:03:02","guid":{"rendered":"https:\/\/www.bananatreeshop.com\/?post_type=product&p=41618"},"modified":"2026-04-04T08:03:04","modified_gmt":"2026-04-04T08:03:04","slug":"ecopack-6-uds-anbiguo-adriano-anillo-vibrador-compatible-con-watchme-wireless-technology","status":"publish","type":"product","link":"https:\/\/www.bananatreeshop.com\/pt\/produto\/ecopack-6-uds-anbiguo-adriano-anillo-vibrador-compatible-con-watchme-wireless-technology\/","title":{"rendered":"ECOPACK 6 UDS &#8211; ANBIGUO ADRIANO ANILLO VIBRADOR COMPATIBLE CON WATCHME WIRELESS TECHNOLOGY"},"content":{"rendered":"<p>El morbo es una realidad humana, es decir, uno de los impulsos b\u00e1sicos del ser humano. Tiene que ver con la parte instintiva y forma parte de todas las necesidades, tales como: comer, tener relaciones sexuales, socializar, dormir, entre otras.<\/p>\n<p>Este sentimiento es una especie de fuerza que impulsa a las personas a entrar en contacto con \u00e9l y los lleva a experimentar placer al momento de hacerlo. El placer de hacer algo prohibido o de trasgredir las normas.<\/p>\n<p>El morbo tiene distintas formas de expresarse, entre ellas est\u00e1 la pornograf\u00eda; visualizar este tipo de contenido satisface la curiosidad de las personas, pero tambi\u00e9n les permite dar un paso m\u00e1s all\u00e1 de las relaciones sexuales comunes. \u00a1Por eso nace\u00a0<strong>ANBIGUO\u00a0<\/strong>la primera marca pensada en el morbo sexual sin l\u00edmites!<\/p>\n<p>Donde comienza lo prohibido est\u00e1 el morbo y la ambig\u00fcedad. Sin etiquetas, sin limitaciones y con mucha pasi\u00f3n hemos desarrollado esta marca.<\/p>\n<p>La gama\u00a0<strong>ADRIANO\u00a0<\/strong>resulta perfecta\u00a0para fortalecer y mantener tus erecciones, proporcionando un efecto de estancamiento de la sangre en el pene y los test\u00edculos. Est\u00e1 equipado con un potente motor para transmitir los 7\u00a0modos de vibraci\u00f3n\u00a0a trav\u00e9s del anillo por todo el miembro. Este anillo resulta ideal tanto para los principiantes como para los m\u00e1s expertos. Adem\u00e1s, es compatible con la novedosa tecnolog\u00eda de control remoto Watchme.<\/p>\n<p><u><strong>Caracter\u00edsticas:<\/strong><\/u><\/p>\n<ul>\n<li>7 modos de vibraci\u00f3n<\/li>\n<li>Mayor\u00a0resistencia debido al excitante efecto de retenci\u00f3n sangu\u00ednea<\/li>\n<li>Dos motores super\u00a0potentes<\/li>\n<li>Estimulaci\u00f3n del pene y de los test\u00edculos<\/li>\n<li>Compatible con\u00a0<strong>Watchme\u00a0Wireless Technology\u00a0<\/strong>(no incluye reloj control remoto)<\/li>\n<li>Recargable por USB<\/li>\n<li>Impermeable IPX7<\/li>\n<li>Silicona s\u00faper suave<\/li>\n<li>Material seguro para el cuerpo<\/li>\n<li>Libre de\u00a0ftalatos<\/li>\n<\/ul>","protected":false},"excerpt":{"rendered":"<p>ECOPACK 6 UNITS &#8211; ANBIGUO ADRIANO VIBRATOR RING COMPATIBLE WITH WATCHME WIRELESS TECHNOLOGY<\/p>","protected":false},"featured_media":99065,"comment_status":"closed","ping_status":"closed","template":"","meta":{"_eb_attr":""},"product_brand":[],"product_cat":[1152],"product_tag":[],"class_list":{"0":"post-41618","1":"product","2":"type-product","3":"status-publish","4":"has-post-thumbnail","6":"product_cat-juguetes-bienestar","7":"yith_product_brand-anbiguo","9":"first","10":"instock","11":"taxable","12":"shipping-taxable","13":"purchasable","14":"product-type-simple"},"_links":{"self":[{"href":"https:\/\/www.bananatreeshop.com\/pt\/wp-json\/wp\/v2\/product\/41618","targetHints":{"allow":["GET"]}}],"collection":[{"href":"https:\/\/www.bananatreeshop.com\/pt\/wp-json\/wp\/v2\/product"}],"about":[{"href":"https:\/\/www.bananatreeshop.com\/pt\/wp-json\/wp\/v2\/types\/product"}],"replies":[{"embeddable":true,"href":"https:\/\/www.bananatreeshop.com\/pt\/wp-json\/wp\/v2\/comments?post=41618"}],"wp:featuredmedia":[{"embeddable":true,"href":"https:\/\/www.bananatreeshop.com\/pt\/wp-json\/wp\/v2\/media\/99065"}],"wp:attachment":[{"href":"https:\/\/www.bananatreeshop.com\/pt\/wp-json\/wp\/v2\/media?parent=41618"}],"wp:term":[{"taxonomy":"product_brand","embeddable":true,"href":"https:\/\/www.bananatreeshop.com\/pt\/wp-json\/wp\/v2\/product_brand?post=41618"},{"taxonomy":"product_cat","embeddable":true,"href":"https:\/\/www.bananatreeshop.com\/pt\/wp-json\/wp\/v2\/product_cat?post=41618"},{"taxonomy":"product_tag","embeddable":true,"href":"https:\/\/www.bananatreeshop.com\/pt\/wp-json\/wp\/v2\/product_tag?post=41618"}],"curies":[{"name":"wp","href":"https:\/\/api.w.org\/{rel}","templated":true}]}}