{"id":41808,"date":"2025-07-10T15:01:27","date_gmt":"2025-07-10T15:01:27","guid":{"rendered":"https:\/\/www.bananatreeshop.com\/?post_type=product&#038;p=41808"},"modified":"2026-04-17T08:02:36","modified_gmt":"2026-04-17T08:02:36","slug":"satisfyer-pro-2-generation-3-liquid-air-technology-wine-red","status":"publish","type":"product","link":"https:\/\/www.bananatreeshop.com\/pt\/produto\/satisfyer-pro-2-generation-3-liquid-air-technology-wine-red\/","title":{"rendered":"SATISFYER &#8211; PRO 2 GENERACI\u00d3N 3 LIQUID AIR TECHNOLOGY GRANATE"},"content":{"rendered":"<p>\u00a1Prep\u00e1rate para una nueva ola de placer!<\/p>\n<p>El Pro 2 Generation 3 es la \u00faltima edici\u00f3n de nuestro ic\u00f3nico Air Pulse, ahora tambi\u00e9n con vibraci\u00f3n y la innovadora tecnolog\u00eda Liquid Air que crea una sensaci\u00f3n similar a la sensual oleada de agua pulsante.<\/p>\n<p>El Pro2 Gen3 proporciona esos orgasmos intensos que conoces y te encantan con su acabado en silicona suave y sedosa y un cabezal contrapesado para un manejo ergon\u00f3mico. Te inundar\u00e1 el placer mientras las ondas de presi\u00f3n de aire excitan el cl\u00edtoris a trav\u00e9s de un capuch\u00f3n finamente enfundado.<\/p>\n<p><strong>Informaci\u00f3n del producto &#8220;Satisfyer PRO 2 Generaci\u00f3n 3&#8221;<\/strong><\/p>\n<ul>\n<li>Estimula el cl\u00edtoris utilizando intensas ondas de presi\u00f3n sin contacto directo<\/li>\n<li>Fabricado con silicona de grado m\u00e9dico supersuave, agradable para la piel, suave al tacto y extremadamente higi\u00e9nica<\/li>\n<li>Gracias a su acabado impermeable (IPX7), este juguete se puede usar de forma segura en el agua, adem\u00e1s de ser f\u00e1cil de limpiar<\/li>\n<li>11 intensidades de onda de presi\u00f3n y 12 opciones de vibraci\u00f3n.<\/li>\n<li>15 a\u00f1os de garant\u00eda<\/li>\n<li>Fabricado con silicona de grado m\u00e9dico supersuave, agradable para la piel, suave al tacto y extremadamente higi\u00e9nica<\/li>\n<li>Modo susurro<\/li>\n<li>Bater\u00eda recargable de iones de litio<\/li>\n<li>Gracias a su acabado impermeable (IPX7), este juguete se puede usar de forma segura en el agua, adem\u00e1s de ser f\u00e1cil de limpiar<\/li>\n<li>Cable de carga USB magn\u00e9tico incluido<\/li>\n<li>F\u00e1cil de limpiar<\/li>\n<\/ul>\n<p>Dirige el dispositivo a tu antojo con los dos motores de vibraci\u00f3n independientes.<\/p>\n<p>El Pro2 Gen 3 est\u00e1 fabricado con silicona segura para el cuerpo, es recargable y cuenta con la certificaci\u00f3n impermeable IPX7.<\/p>\n<p>\u00a1Disfruta del subid\u00f3n!<\/p>","protected":false},"excerpt":{"rendered":"<p>SATISFYER &#8211; PRO 2 GENERATION 3 LIQUID AIR TECHNOLOGY WINE RED<\/p>","protected":false},"featured_media":64092,"comment_status":"open","ping_status":"closed","template":"","meta":{"_eb_attr":""},"product_brand":[],"product_cat":[1250,1152,1153,1260,1262],"product_tag":[],"class_list":{"0":"post-41808","1":"product","2":"type-product","3":"status-publish","4":"has-post-thumbnail","6":"product_cat-juguetes-bienestar-juguetes-para-mujeresestimuladores","7":"product_cat-juguetes-bienestar","8":"product_cat-juguetes-bienestar-juguetes-para-mujeres","9":"product_cat-juguetes-bienestar-juguetes-para-mujeresestimuladorespara-clitoris","10":"product_cat-juguetes-bienestar-juguetes-para-mujeresestimuladoressuccionadores-sin-vibracion","11":"pa_color-granate","12":"pa_color-lila","13":"pa_color-negro","14":"pa_talla-talla-1","15":"yith_product_brand-satisfyer","16":"yith_product_brand-satisfyer-satisfyer-air-pulse","18":"first","19":"instock","20":"taxable","21":"shipping-taxable","22":"purchasable","23":"product-type-variable","24":"has-default-attributes"},"_links":{"self":[{"href":"https:\/\/www.bananatreeshop.com\/pt\/wp-json\/wp\/v2\/product\/41808","targetHints":{"allow":["GET"]}}],"collection":[{"href":"https:\/\/www.bananatreeshop.com\/pt\/wp-json\/wp\/v2\/product"}],"about":[{"href":"https:\/\/www.bananatreeshop.com\/pt\/wp-json\/wp\/v2\/types\/product"}],"replies":[{"embeddable":true,"href":"https:\/\/www.bananatreeshop.com\/pt\/wp-json\/wp\/v2\/comments?post=41808"}],"wp:featuredmedia":[{"embeddable":true,"href":"https:\/\/www.bananatreeshop.com\/pt\/wp-json\/wp\/v2\/media\/64092"}],"wp:attachment":[{"href":"https:\/\/www.bananatreeshop.com\/pt\/wp-json\/wp\/v2\/media?parent=41808"}],"wp:term":[{"taxonomy":"product_brand","embeddable":true,"href":"https:\/\/www.bananatreeshop.com\/pt\/wp-json\/wp\/v2\/product_brand?post=41808"},{"taxonomy":"product_cat","embeddable":true,"href":"https:\/\/www.bananatreeshop.com\/pt\/wp-json\/wp\/v2\/product_cat?post=41808"},{"taxonomy":"product_tag","embeddable":true,"href":"https:\/\/www.bananatreeshop.com\/pt\/wp-json\/wp\/v2\/product_tag?post=41808"}],"curies":[{"name":"wp","href":"https:\/\/api.w.org\/{rel}","templated":true}]}}